{"id":13362,"date":"2020-07-20T16:13:10","date_gmt":"2020-07-20T23:13:10","guid":{"rendered":"https:\/\/www.nevadaregistry.org\/membresia\/renovar-membresia\/"},"modified":"2026-02-03T18:38:25","modified_gmt":"2026-02-04T01:38:25","slug":"renovar-membresia","status":"publish","type":"page","link":"https:\/\/www.nevadaregistry.org\/es\/membresia\/renovar-membresia\/","title":{"rendered":"Renovar la membres\u00eda"},"content":{"rendered":"<div id=\"hidbg\">\n<div id=\"owrap\">\n<div id=\"wrap\">\n<div id=\"content\">\n<div id=\"hidbg\">\n<div id=\"owrap\">\n<div id=\"wrap\">\n<div id=\"content\">\n<div id=\"hidbg\">\n<div id=\"owrap\">\n<div id=\"wrap\">\n<div id=\"content\">\n<h2>Renovaci\u00f3n\/actualizaci\u00f3n de su expediente de desarrollo profesional<\/h2>\n<\/div>\n<\/div>\n<\/div>\n<\/div>\n<p>La membres\u00eda de The Nevada Registry se renueva anualmente antes de la fecha de vencimiento de su certificado de membres\u00eda. Recibir\u00e1 una serie de recordatorios por correo electr\u00f3nico* de The Nevada Registry para renovar su membres\u00eda en l\u00ednea a trav\u00e9s de su portal en l\u00ednea antes y cuando venza su certificado. Por esta raz\u00f3n, es imprescindible que siempre haya una direcci\u00f3n de correo electr\u00f3nico actual registrada en The Nevada Registry. Si su direcci\u00f3n de correo electr\u00f3nico cambia entre las fechas de renovaci\u00f3n, p\u00f3ngase en contacto con nuestra oficina para actualizar su cuenta.   <\/p>\n<\/div>\n<\/div>\n<\/div>\n<\/div>\n<p><strong>\u00a1Renovar es f\u00e1cil!<\/strong><br \/>\n La renovaci\u00f3n de la membres\u00eda se completa r\u00e1pida y f\u00e1cilmente en l\u00ednea desde su <a href=\"https:\/\/ww2.nevadaregistry.org\/UserPortal\/NRUsers.aspx\">portal en l\u00ednea<\/a>. Podr\u00e1 renovar su membres\u00eda 45 d\u00edas antes de la fecha de vencimiento de su certificado. Simplemente haga clic en el enlace que estar\u00e1 visible en su cuenta para revisar la informaci\u00f3n que figura actualmente en el expediente y actualizar lo que haya cambiado desde la \u00faltima vez que solicit\u00f3\/renov\u00f3 (direcci\u00f3n, trabajo, etc.). Tambi\u00e9n puede cargar cualquier certificado de finalizaci\u00f3n de capacitaci\u00f3n adicional, expedientes acad\u00e9micos universitarios que muestren la finalizaci\u00f3n de cursos adicionales de ECE\/finalizaci\u00f3n de su t\u00edtulo, y\/o copias de cualquier licencia, certificado de ense\u00f1anza o aval reci\u00e9n adquiridos como parte del proceso de renovaci\u00f3n en l\u00ednea. Esta informaci\u00f3n es importante porque ayuda a documentar el progreso de desarrollo profesional que ha logrado a lo largo del a\u00f1o y podr\u00eda resultar en un cambio en su nivel de la escala profesional. Recuerde que, como cortes\u00eda, The Nevada Registry almacena todos sus registros de capacitaci\u00f3n en una ubicaci\u00f3n central en caso de que alguna vez necesite reemplazar documentaci\u00f3n perdida o extraviada, pero lo que es m\u00e1s importante, cuanto m\u00e1s nos proporcione con cada renovaci\u00f3n, m\u00e1s completo ser\u00e1 su perfil de desarrollo profesional.<\/p>\n<p>No hay ning\u00fan cargo por renovar su membres\u00eda a tiempo con The Nevada Registry (es decir, dentro de los 45 d\u00edas posteriores a la fecha de vencimiento de su certificado y 30 d\u00edas despu\u00e9s). Sin embargo, se impone una tarifa de restablecimiento de $25 en los formularios de renovaci\u00f3n enviados 30 o m\u00e1s d\u00edas despu\u00e9s de que su certificado haya expirado. <\/p>\n<p>Tenga en cuenta que si trabaja en un centro de cuidado infantil con licencia, est\u00e1 cumpliendo con la licencia de cuidado infantil <em><strong>solo<\/strong><\/em> cuando su certificado est\u00e1 vigente, as\u00ed que aseg\u00farese de actualizar su expediente antes de que venza su certificado. Recibir\u00e1 una notificaci\u00f3n por correo electr\u00f3nico despu\u00e9s de que The Nevada Registry haya revisado y procesado su renovaci\u00f3n en l\u00ednea. Es en este punto que se puede acceder a su nuevo certificado desde su <a href=\"https:\/\/ww2.nevadaregistry.org\/UserPortal\/NRUsers.aspx\">portal en l\u00ednea<\/a> y sigue siendo v\u00e1lido por un a\u00f1o.  <\/p>\n<div id=\"hidbg\">\n<div id=\"owrap\">\n<div id=\"wrap\">\n<div id=\"content\">\n<p>\u00bfPreguntas? Dir\u00edjase a <a href=\"https:\/\/www.nevadaregistry.org\/ece-training\/career-ladder-faqs\/\">Preguntas Frecuentes sobre el Escalaf\u00f3n Profesional<\/a> para encontrar respuestas a las preguntas m\u00e1s comunes sobre el proceso de solicitud. <\/p>\n<\/div>\n<\/div>\n<\/div>\n<\/div>\n<h6><em>* The Nevada Registry utiliza un proceso electr\u00f3nico de notificaci\u00f3n de recordatorio de renovaci\u00f3n. Para asegurarse de recibir informaci\u00f3n importante, futuros recordatorios de renovaci\u00f3n, actualizaciones, etc. de The Nevada Registry, es imprescindible que haya una direcci\u00f3n de correo electr\u00f3nico precisa en el expediente en todo momento. Nota: Ocasionalmente, los correos electr\u00f3nicos enviados desde The Nevada Registry se devuelven como no entregables y\/o se consideran spam. Si tiene una direcci\u00f3n de correo electr\u00f3nico en el expediente pero no recibe este recordatorio en el futuro, es posible que su mensaje haya sido devuelto o bloqueado en su extremo. Por favor, revise sus carpetas de correo basura y\/o spam. Si no recibe un aviso de recordatorio de renovaci\u00f3n 4-6 semanas antes de que venza su certificado, <a href=\"https:\/\/www.nevadaregistry.org\/es\/acerca\/contactenos\/\">p\u00f3ngase en contacto con nuestra oficina<\/a> y seleccione \u00abRenovaci\u00f3n de membres\u00eda\u00bb como su motivo de consulta para que podamos ayudar a resolver el problema lo m\u00e1s r\u00e1pido posible.      <\/em><\/h6>\n<div id=\"hidbg\">\n<div id=\"owrap\">\n<div id=\"wrap\">\n<div id=\"content\">\n<p>&nbsp;<\/p>\n<\/div>\n<\/div>\n<\/div>\n<\/div>\n<\/div>\n<\/div>\n<\/div>\n<\/div>\n","protected":false},"excerpt":{"rendered":"<p>Renovaci\u00f3n\/actualizaci\u00f3n de su expediente de desarrollo profesional La membres\u00eda de The Nevada Registry se renueva anualmente antes de la fecha&#8230;<\/p>\n","protected":false},"author":1,"featured_media":0,"parent":13357,"menu_order":2,"comment_status":"closed","ping_status":"closed","template":"","meta":{"_acf_changed":false,"footnotes":""},"class_list":["post-13362","page","type-page","status-publish","hentry"],"acf":[],"yoast_head":"<!-- This site is optimized with the Yoast SEO plugin v27.2 - https:\/\/yoast.com\/product\/yoast-seo-wordpress\/ -->\n<title>Renovar la membres\u00eda - The Nevada Registry<\/title>\n<meta name=\"description\" content=\"Renovaci\u00f3n\/actualizaci\u00f3n de su expediente de desarrollo profesional La membres\u00eda de The Nevada Registry se renueva anualmente antes de la fecha de\" \/>\n<meta name=\"robots\" content=\"index, follow, max-snippet:-1, max-image-preview:large, max-video-preview:-1\" \/>\n<link rel=\"canonical\" href=\"https:\/\/www.nevadaregistry.org\/es\/membresia\/renovar-membresia\/\" \/>\n<meta property=\"og:locale\" content=\"es_ES\" \/>\n<meta property=\"og:type\" content=\"article\" \/>\n<meta property=\"og:title\" content=\"Renovar la membres\u00eda - The Nevada Registry\" \/>\n<meta property=\"og:description\" content=\"Renovaci\u00f3n\/actualizaci\u00f3n de su expediente de desarrollo profesional La membres\u00eda de The Nevada Registry se renueva anualmente antes de la fecha de\" \/>\n<meta property=\"og:url\" content=\"https:\/\/www.nevadaregistry.org\/es\/membresia\/renovar-membresia\/\" \/>\n<meta property=\"og:site_name\" content=\"The Nevada Registry\" \/>\n<meta property=\"article:publisher\" content=\"https:\/\/www.facebook.com\/nevadaregistry\" \/>\n<meta property=\"article:modified_time\" content=\"2026-02-04T01:38:25+00:00\" \/>\n<meta property=\"og:image\" content=\"https:\/\/www.nevadaregistry.org\/wp-content\/uploads\/2020\/10\/NevadaRegistryOGImage.jpg\" \/>\n\t<meta property=\"og:image:width\" content=\"1200\" \/>\n\t<meta property=\"og:image:height\" content=\"630\" \/>\n\t<meta property=\"og:image:type\" content=\"image\/jpeg\" \/>\n<meta name=\"twitter:card\" content=\"summary_large_image\" \/>\n<meta name=\"twitter:label1\" content=\"Tiempo de lectura\" \/>\n\t<meta name=\"twitter:data1\" content=\"4 minutos\" \/>\n<script type=\"application\/ld+json\" class=\"yoast-schema-graph\">{\"@context\":\"https:\/\/schema.org\",\"@graph\":[{\"@type\":\"WebPage\",\"@id\":\"https:\/\/www.nevadaregistry.org\/es\/membresia\/renovar-membresia\/\",\"url\":\"https:\/\/www.nevadaregistry.org\/es\/membresia\/renovar-membresia\/\",\"name\":\"Renovar la membres\u00eda - The Nevada Registry\",\"isPartOf\":{\"@id\":\"https:\/\/www.nevadaregistry.org\/es\/#website\"},\"datePublished\":\"2020-07-20T23:13:10+00:00\",\"dateModified\":\"2026-02-04T01:38:25+00:00\",\"description\":\"Renovaci\u00f3n\/actualizaci\u00f3n de su expediente de desarrollo profesional La membres\u00eda de The Nevada Registry se renueva anualmente antes de la fecha de\",\"breadcrumb\":{\"@id\":\"https:\/\/www.nevadaregistry.org\/es\/membresia\/renovar-membresia\/#breadcrumb\"},\"inLanguage\":\"es\",\"potentialAction\":[{\"@type\":\"ReadAction\",\"target\":[\"https:\/\/www.nevadaregistry.org\/es\/membresia\/renovar-membresia\/\"]}]},{\"@type\":\"BreadcrumbList\",\"@id\":\"https:\/\/www.nevadaregistry.org\/es\/membresia\/renovar-membresia\/#breadcrumb\",\"itemListElement\":[{\"@type\":\"ListItem\",\"position\":1,\"name\":\"Home\",\"item\":\"https:\/\/www.nevadaregistry.org\/es\/pagina-principal\/\"},{\"@type\":\"ListItem\",\"position\":2,\"name\":\"Membres\u00eda\",\"item\":\"https:\/\/www.nevadaregistry.org\/es\/membresia\/\"},{\"@type\":\"ListItem\",\"position\":3,\"name\":\"Renovar la membres\u00eda\"}]},{\"@type\":\"WebSite\",\"@id\":\"https:\/\/www.nevadaregistry.org\/es\/#website\",\"url\":\"https:\/\/www.nevadaregistry.org\/es\/\",\"name\":\"The Nevada Registry\",\"description\":\"Workforce data system capturing information about the Early Childhood Education and Care (ECEC) workforce in Nevada.\",\"publisher\":{\"@id\":\"https:\/\/www.nevadaregistry.org\/es\/#organization\"},\"potentialAction\":[{\"@type\":\"SearchAction\",\"target\":{\"@type\":\"EntryPoint\",\"urlTemplate\":\"https:\/\/www.nevadaregistry.org\/es\/?s={search_term_string}\"},\"query-input\":{\"@type\":\"PropertyValueSpecification\",\"valueRequired\":true,\"valueName\":\"search_term_string\"}}],\"inLanguage\":\"es\"},{\"@type\":\"Organization\",\"@id\":\"https:\/\/www.nevadaregistry.org\/es\/#organization\",\"name\":\"El Nevada Registry\",\"url\":\"https:\/\/www.nevadaregistry.org\/es\/\",\"logo\":{\"@type\":\"ImageObject\",\"inLanguage\":\"es\",\"@id\":\"https:\/\/www.nevadaregistry.org\/es\/#\/schema\/logo\/image\/\",\"url\":\"https:\/\/www.nevadaregistry.org\/wp-content\/uploads\/2020\/10\/tnr-logo-purple-copy.jpg\",\"contentUrl\":\"https:\/\/www.nevadaregistry.org\/wp-content\/uploads\/2020\/10\/tnr-logo-purple-copy.jpg\",\"width\":\"900\",\"height\":\"562\",\"caption\":\"El Nevada Registry\"},\"image\":{\"@id\":\"https:\/\/www.nevadaregistry.org\/es\/#\/schema\/logo\/image\/\"},\"sameAs\":[\"https:\/\/www.facebook.com\/nevadaregistry\"]}]}<\/script>\n<!-- \/ Yoast SEO plugin. -->","yoast_head_json":{"title":"Renovar la membres\u00eda - The Nevada Registry","description":"Renovaci\u00f3n\/actualizaci\u00f3n de su expediente de desarrollo profesional La membres\u00eda de The Nevada Registry se renueva anualmente antes de la fecha de","robots":{"index":"index","follow":"follow","max-snippet":"max-snippet:-1","max-image-preview":"max-image-preview:large","max-video-preview":"max-video-preview:-1"},"canonical":"https:\/\/www.nevadaregistry.org\/es\/membresia\/renovar-membresia\/","og_locale":"es_ES","og_type":"article","og_title":"Renovar la membres\u00eda - The Nevada Registry","og_description":"Renovaci\u00f3n\/actualizaci\u00f3n de su expediente de desarrollo profesional La membres\u00eda de The Nevada Registry se renueva anualmente antes de la fecha de","og_url":"https:\/\/www.nevadaregistry.org\/es\/membresia\/renovar-membresia\/","og_site_name":"The Nevada Registry","article_publisher":"https:\/\/www.facebook.com\/nevadaregistry","article_modified_time":"2026-02-04T01:38:25+00:00","og_image":[{"width":1200,"height":630,"url":"https:\/\/www.nevadaregistry.org\/wp-content\/uploads\/2020\/10\/NevadaRegistryOGImage.jpg","type":"image\/jpeg"}],"twitter_card":"summary_large_image","twitter_misc":{"Tiempo de lectura":"4 minutos"},"schema":{"@context":"https:\/\/schema.org","@graph":[{"@type":"WebPage","@id":"https:\/\/www.nevadaregistry.org\/es\/membresia\/renovar-membresia\/","url":"https:\/\/www.nevadaregistry.org\/es\/membresia\/renovar-membresia\/","name":"Renovar la membres\u00eda - The Nevada Registry","isPartOf":{"@id":"https:\/\/www.nevadaregistry.org\/es\/#website"},"datePublished":"2020-07-20T23:13:10+00:00","dateModified":"2026-02-04T01:38:25+00:00","description":"Renovaci\u00f3n\/actualizaci\u00f3n de su expediente de desarrollo profesional La membres\u00eda de The Nevada Registry se renueva anualmente antes de la fecha de","breadcrumb":{"@id":"https:\/\/www.nevadaregistry.org\/es\/membresia\/renovar-membresia\/#breadcrumb"},"inLanguage":"es","potentialAction":[{"@type":"ReadAction","target":["https:\/\/www.nevadaregistry.org\/es\/membresia\/renovar-membresia\/"]}]},{"@type":"BreadcrumbList","@id":"https:\/\/www.nevadaregistry.org\/es\/membresia\/renovar-membresia\/#breadcrumb","itemListElement":[{"@type":"ListItem","position":1,"name":"Home","item":"https:\/\/www.nevadaregistry.org\/es\/pagina-principal\/"},{"@type":"ListItem","position":2,"name":"Membres\u00eda","item":"https:\/\/www.nevadaregistry.org\/es\/membresia\/"},{"@type":"ListItem","position":3,"name":"Renovar la membres\u00eda"}]},{"@type":"WebSite","@id":"https:\/\/www.nevadaregistry.org\/es\/#website","url":"https:\/\/www.nevadaregistry.org\/es\/","name":"The Nevada Registry","description":"Workforce data system capturing information about the Early Childhood Education and Care (ECEC) workforce in Nevada.","publisher":{"@id":"https:\/\/www.nevadaregistry.org\/es\/#organization"},"potentialAction":[{"@type":"SearchAction","target":{"@type":"EntryPoint","urlTemplate":"https:\/\/www.nevadaregistry.org\/es\/?s={search_term_string}"},"query-input":{"@type":"PropertyValueSpecification","valueRequired":true,"valueName":"search_term_string"}}],"inLanguage":"es"},{"@type":"Organization","@id":"https:\/\/www.nevadaregistry.org\/es\/#organization","name":"El Nevada Registry","url":"https:\/\/www.nevadaregistry.org\/es\/","logo":{"@type":"ImageObject","inLanguage":"es","@id":"https:\/\/www.nevadaregistry.org\/es\/#\/schema\/logo\/image\/","url":"https:\/\/www.nevadaregistry.org\/wp-content\/uploads\/2020\/10\/tnr-logo-purple-copy.jpg","contentUrl":"https:\/\/www.nevadaregistry.org\/wp-content\/uploads\/2020\/10\/tnr-logo-purple-copy.jpg","width":"900","height":"562","caption":"El Nevada Registry"},"image":{"@id":"https:\/\/www.nevadaregistry.org\/es\/#\/schema\/logo\/image\/"},"sameAs":["https:\/\/www.facebook.com\/nevadaregistry"]}]}},"_links":{"self":[{"href":"https:\/\/www.nevadaregistry.org\/es\/wp-json\/wp\/v2\/pages\/13362","targetHints":{"allow":["GET"]}}],"collection":[{"href":"https:\/\/www.nevadaregistry.org\/es\/wp-json\/wp\/v2\/pages"}],"about":[{"href":"https:\/\/www.nevadaregistry.org\/es\/wp-json\/wp\/v2\/types\/page"}],"author":[{"embeddable":true,"href":"https:\/\/www.nevadaregistry.org\/es\/wp-json\/wp\/v2\/users\/1"}],"replies":[{"embeddable":true,"href":"https:\/\/www.nevadaregistry.org\/es\/wp-json\/wp\/v2\/comments?post=13362"}],"version-history":[{"count":2,"href":"https:\/\/www.nevadaregistry.org\/es\/wp-json\/wp\/v2\/pages\/13362\/revisions"}],"predecessor-version":[{"id":17901,"href":"https:\/\/www.nevadaregistry.org\/es\/wp-json\/wp\/v2\/pages\/13362\/revisions\/17901"}],"up":[{"embeddable":true,"href":"https:\/\/www.nevadaregistry.org\/es\/wp-json\/wp\/v2\/pages\/13357"}],"wp:attachment":[{"href":"https:\/\/www.nevadaregistry.org\/es\/wp-json\/wp\/v2\/media?parent=13362"}],"curies":[{"name":"wp","href":"https:\/\/api.w.org\/{rel}","templated":true}]}}