{"id":13369,"date":"2020-07-20T16:13:10","date_gmt":"2020-07-20T23:13:10","guid":{"rendered":"https:\/\/www.nevadaregistry.org\/membresia\/solicitar-membresia\/"},"modified":"2026-02-27T13:10:34","modified_gmt":"2026-02-27T21:10:34","slug":"solicitar-membresia","status":"publish","type":"page","link":"https:\/\/www.nevadaregistry.org\/es\/membresia\/solicitar-membresia\/","title":{"rendered":"Solicitar membres\u00eda"},"content":{"rendered":"<div id=\"hidbg\">\n<div id=\"owrap\">\n<div id=\"wrap\">\n<div id=\"content\">\n<h2>Solicitar la inclusi\u00f3n en la escala profesional de The Nevada Registry<\/h2>\n<p>La afiliaci\u00f3n a The Nevada Registry est\u00e1 abierta a todos los profesionales de la educaci\u00f3n y el cuidado de la primera infancia (ECEC), independientemente de su funci\u00f3n o entorno. Esto incluye a cualquier persona que trabaje con ni\u00f1os y familias (tanto directa como indirectamente) en diversos entornos (centros, guarder\u00edas familiares, Head Start, programas preescolares financiados por el estado, guarder\u00edas tribales, programas extraescolares, etc.) y se aplica tanto a los profesionales que se inician en el campo como a aquellos que llevan muchos a\u00f1os sirviendo a ni\u00f1os y familias.  La membres\u00eda con The Nevada Registry es gratuita.<\/p>\n<h3>Convertirse en Miembro por Primera Vez<\/h3>\n<p>Completa la <a href=\"https:\/\/ww2.nevadaregistry.org\/UserPortal\/newmemberrequest.aspx\">solicitud de membres\u00eda<\/a> la primera vez que solicites tu nivel en la escala profesional (Career Ladder) en The Nevada Registry. Una vez que se procese su solicitud, acceder\u00e1 a su certificado de afiliaci\u00f3n desde su <a href=\"https:\/\/ww2.nevadaregistry.org\/UserPortal\/NRUsers.aspx\">Portal en l\u00ednea<\/a>. Tu certificado incluir\u00e1 tu nivel en la escala profesional (Career Ladder)* basado en tu formaci\u00f3n reglada documentada en ECEC y tu experiencia (hasta 4.000 horas), y ser\u00e1 v\u00e1lido durante un a\u00f1o. Utiliza la lista de verificaci\u00f3n de la <a href=\"https:\/\/www.nevadaregistry.org\/es\/membresia\/solicitud-de-membresia-y-lista-de-verificacion-para-la-ubicacion-en-la-escala-profesional\/\">solicitud de membres\u00eda y nivel en la escala profesional<\/a> como gu\u00eda para asegurarte de que tu solicitud est\u00e9 completa al enviarla (las solicitudes incompletas se descartar\u00e1n tras un periodo de tiempo determinado). <\/p>\n<p><em>*Aunque se consideran miembros activos de The Nevada Registry y en cumplimiento con las regulaciones de Licencias de Cuidado Infantil para la participaci\u00f3n obligatoria (si corresponde), los miembros con menos de 1000 horas de experiencia de servicio directo al momento de la solicitud se consideran \u201cPre-Nivel\u201d y no se les emitir\u00e1 un nivel de Escala Profesional en su certificado. <\/em><\/p>\n<h3>Expedientes de Desarrollo Profesional<\/h3>\n<p>Cuando se une a The Nevada Registry, se crea un Archivo de Desarrollo Profesional confidencial en su nombre. Su Archivo de Desarrollo Profesional* contiene: <\/p>\n<ul>\n<li>Informaci\u00f3n personal de su Solicitud de Membres\u00eda inicial (direcci\u00f3n de domicilio, etc.)<\/li>\n<li>Un registro de su empleo actual y anterior<\/li>\n<li>Copias de los requisitos de formaci\u00f3n inicial exigidos por Child Care Licensing, como Signos y s\u00edntomas de enfermedad, RCP, etc. (aplicable a cualquier persona que trabaje en un centro de cuidado infantil con licencia). <a href=\"https:\/\/www.nevadaregistry.org\/es\/formacion-desarrollo-profesional\/requisitos-de-formacion-inicial-y-continua-para-la-concesion-de-licencias-de-cuidado-infantil-directrices-para-su-cumplimiento\/\">Haga clic aqu\u00ed para obtener m\u00e1s informaci\u00f3n<\/a><a href=\"https:\/\/www.nevadaregistry.org\/es\/initialtrainingrequirementsguidelinesforcompletion-2-2\/\">.<\/a><\/li>\n<li>Copias de certificados de capacitaci\u00f3n recibidos por sesiones de capacitaci\u00f3n informales, no universitarias (es decir, la capacitaci\u00f3n que se requiere anualmente para la obtenci\u00f3n de licencias). <em>The Nevada Registry verifica y guarda la educaci\u00f3n formal y la capacitaci\u00f3n desde lo m\u00e1s antiguo posible. Presente todos los certificados de capacitaci\u00f3n que haya acumulado a lo largo de toda su carrera para obtener el registro m\u00e1s completo de su desarrollo profesional. <\/em><\/li>\n<li>Copias de registros de educaci\u00f3n formal (diploma de escuela secundaria\/GED, transcripciones de cursos universitarios y\/o t\u00edtulos obtenidos)<\/li>\n<li>Copias de cualquier licencia, certificado de ense\u00f1anza o refrendo de ECEC recibido<\/li>\n<li>Copias de cualquier otra documentaci\u00f3n miscel\u00e1nea proporcionada al momento de la solicitud (curr\u00edculos, cartas de recomendaci\u00f3n, etc.)<\/li>\n<li>Nivel actual en la Escala Profesional de Cuidado y Educaci\u00f3n Temprana de Nevada<\/li>\n<\/ul>\n<\/div>\n<\/div>\n<\/div>\n<div id=\"hidbg\">\n<div id=\"owrap\">\n<div id=\"wrap\">\n<div id=\"content\">\n<p>\u00bfPreguntas? Dir\u00edjase a <a href=\"https:\/\/www.nevadaregistry.org\/ece-training\/career-ladder-faqs\/\">Preguntas Frecuentes sobre el Escalaf\u00f3n Profesional<\/a> para encontrar respuestas a las preguntas m\u00e1s comunes sobre el proceso de solicitud. <\/p>\n<\/div>\n<\/div>\n<\/div>\n<\/div>\n<div id=\"owrap\">\n<div id=\"wrap\">\n<div id=\"content\">\n<h6><em>* Uno de los prop\u00f3sitos principales de The Nevada Registry es ayudar a recopilar datos valiosos sobre la fuerza laboral de ECEC en Nevada. Es importante tener en cuenta que ninguna de la informaci\u00f3n recopilada a trav\u00e9s del proceso de solicitud\/renovaci\u00f3n (es decir, la informaci\u00f3n contenida en su archivo de desarrollo profesional) se divulga nunca con informaci\u00f3n identificable adjunta. Todos los datos que publica The Nevada Registry se combinan para informar sobre grandes grupos de personas, en lugar de sobre cualquier miembro individual. Esta y TODA la dem\u00e1s informaci\u00f3n contenida en su archivo de desarrollo profesional es confidencial. Consulte nuestra p\u00e1gina de <a href=\"https:\/\/www.nevadaregistry.org\/es\/acerca\/informes-y-estadisticas\/\">estad\u00edsticas del programa<\/a> para ver c\u00f3mo se informan los datos recopilados por The Nevada Registry.    <\/em><\/h6>\n<\/div>\n<\/div>\n<\/div>\n<\/div>\n","protected":false},"excerpt":{"rendered":"<p>Solicitar la inclusi\u00f3n en la escala profesional de The Nevada Registry La afiliaci\u00f3n a The Nevada Registry est\u00e1 abierta a&#8230;<\/p>\n","protected":false},"author":1,"featured_media":0,"parent":13357,"menu_order":1,"comment_status":"closed","ping_status":"closed","template":"","meta":{"_acf_changed":false,"footnotes":""},"class_list":["post-13369","page","type-page","status-publish","hentry"],"acf":[],"yoast_head":"<!-- This site is optimized with the Yoast SEO plugin v27.2 - https:\/\/yoast.com\/product\/yoast-seo-wordpress\/ -->\n<title>Solicitud de Membres\u00eda de Nevada Registry<\/title>\n<meta name=\"description\" content=\"Solicite a The Nevada Registry para la Colocaci\u00f3n en la Escala Profesional. Convi\u00e9rtase en un nuevo miembro de The Nevada Registry. Cuando te unes a The Nevada Registry, se crea un Expediente de Desarrollo Profesional confidencial en tu nombre.\" \/>\n<meta name=\"robots\" content=\"index, follow, max-snippet:-1, max-image-preview:large, max-video-preview:-1\" \/>\n<link rel=\"canonical\" href=\"https:\/\/www.nevadaregistry.org\/es\/membresia\/solicitar-membresia\/\" \/>\n<meta property=\"og:locale\" content=\"es_ES\" \/>\n<meta property=\"og:type\" content=\"article\" \/>\n<meta property=\"og:title\" content=\"Solicitud de Membres\u00eda de Nevada Registry\" \/>\n<meta property=\"og:description\" content=\"Solicite a The Nevada Registry para la Colocaci\u00f3n en la Escala Profesional. Convi\u00e9rtase en un nuevo miembro de The Nevada Registry. Cuando te unes a The Nevada Registry, se crea un Expediente de Desarrollo Profesional confidencial en tu nombre.\" \/>\n<meta property=\"og:url\" content=\"https:\/\/www.nevadaregistry.org\/es\/membresia\/solicitar-membresia\/\" \/>\n<meta property=\"og:site_name\" content=\"The Nevada Registry\" \/>\n<meta property=\"article:publisher\" content=\"https:\/\/www.facebook.com\/nevadaregistry\" \/>\n<meta property=\"article:modified_time\" content=\"2026-02-27T21:10:34+00:00\" \/>\n<meta property=\"og:image\" content=\"https:\/\/www.nevadaregistry.org\/wp-content\/uploads\/2020\/10\/NevadaRegistryOGImage.jpg\" \/>\n<meta name=\"twitter:card\" content=\"summary_large_image\" \/>\n<meta name=\"twitter:label1\" content=\"Tiempo de lectura\" \/>\n\t<meta name=\"twitter:data1\" content=\"3 minutos\" \/>\n<script type=\"application\/ld+json\" class=\"yoast-schema-graph\">{\"@context\":\"https:\/\/schema.org\",\"@graph\":[{\"@type\":\"WebPage\",\"@id\":\"https:\/\/www.nevadaregistry.org\/es\/membresia\/solicitar-membresia\/\",\"url\":\"https:\/\/www.nevadaregistry.org\/es\/membresia\/solicitar-membresia\/\",\"name\":\"Solicitud de Membres\u00eda de Nevada Registry\",\"isPartOf\":{\"@id\":\"https:\/\/www.nevadaregistry.org\/es\/#website\"},\"datePublished\":\"2020-07-20T23:13:10+00:00\",\"dateModified\":\"2026-02-27T21:10:34+00:00\",\"description\":\"Solicite a The Nevada Registry para la Colocaci\u00f3n en la Escala Profesional. Convi\u00e9rtase en un nuevo miembro de The Nevada Registry. Cuando te unes a The Nevada Registry, se crea un Expediente de Desarrollo Profesional confidencial en tu nombre.\",\"breadcrumb\":{\"@id\":\"https:\/\/www.nevadaregistry.org\/es\/membresia\/solicitar-membresia\/#breadcrumb\"},\"inLanguage\":\"es\",\"potentialAction\":[{\"@type\":\"ReadAction\",\"target\":[\"https:\/\/www.nevadaregistry.org\/es\/membresia\/solicitar-membresia\/\"]}]},{\"@type\":\"BreadcrumbList\",\"@id\":\"https:\/\/www.nevadaregistry.org\/es\/membresia\/solicitar-membresia\/#breadcrumb\",\"itemListElement\":[{\"@type\":\"ListItem\",\"position\":1,\"name\":\"Home\",\"item\":\"https:\/\/www.nevadaregistry.org\/es\/pagina-principal\/\"},{\"@type\":\"ListItem\",\"position\":2,\"name\":\"Membres\u00eda\",\"item\":\"https:\/\/www.nevadaregistry.org\/es\/membresia\/\"},{\"@type\":\"ListItem\",\"position\":3,\"name\":\"Solicitar membres\u00eda\"}]},{\"@type\":\"WebSite\",\"@id\":\"https:\/\/www.nevadaregistry.org\/es\/#website\",\"url\":\"https:\/\/www.nevadaregistry.org\/es\/\",\"name\":\"The Nevada Registry\",\"description\":\"Workforce data system capturing information about the Early Childhood Education and Care (ECEC) workforce in Nevada.\",\"publisher\":{\"@id\":\"https:\/\/www.nevadaregistry.org\/es\/#organization\"},\"potentialAction\":[{\"@type\":\"SearchAction\",\"target\":{\"@type\":\"EntryPoint\",\"urlTemplate\":\"https:\/\/www.nevadaregistry.org\/es\/?s={search_term_string}\"},\"query-input\":{\"@type\":\"PropertyValueSpecification\",\"valueRequired\":true,\"valueName\":\"search_term_string\"}}],\"inLanguage\":\"es\"},{\"@type\":\"Organization\",\"@id\":\"https:\/\/www.nevadaregistry.org\/es\/#organization\",\"name\":\"El Nevada Registry\",\"url\":\"https:\/\/www.nevadaregistry.org\/es\/\",\"logo\":{\"@type\":\"ImageObject\",\"inLanguage\":\"es\",\"@id\":\"https:\/\/www.nevadaregistry.org\/es\/#\/schema\/logo\/image\/\",\"url\":\"https:\/\/www.nevadaregistry.org\/wp-content\/uploads\/2020\/10\/tnr-logo-purple-copy.jpg\",\"contentUrl\":\"https:\/\/www.nevadaregistry.org\/wp-content\/uploads\/2020\/10\/tnr-logo-purple-copy.jpg\",\"width\":\"900\",\"height\":\"562\",\"caption\":\"El Nevada Registry\"},\"image\":{\"@id\":\"https:\/\/www.nevadaregistry.org\/es\/#\/schema\/logo\/image\/\"},\"sameAs\":[\"https:\/\/www.facebook.com\/nevadaregistry\"]}]}<\/script>\n<!-- \/ Yoast SEO plugin. -->","yoast_head_json":{"title":"Solicitud de Membres\u00eda de Nevada Registry","description":"Solicite a The Nevada Registry para la Colocaci\u00f3n en la Escala Profesional. Convi\u00e9rtase en un nuevo miembro de The Nevada Registry. Cuando te unes a The Nevada Registry, se crea un Expediente de Desarrollo Profesional confidencial en tu nombre.","robots":{"index":"index","follow":"follow","max-snippet":"max-snippet:-1","max-image-preview":"max-image-preview:large","max-video-preview":"max-video-preview:-1"},"canonical":"https:\/\/www.nevadaregistry.org\/es\/membresia\/solicitar-membresia\/","og_locale":"es_ES","og_type":"article","og_title":"Solicitud de Membres\u00eda de Nevada Registry","og_description":"Solicite a The Nevada Registry para la Colocaci\u00f3n en la Escala Profesional. Convi\u00e9rtase en un nuevo miembro de The Nevada Registry. Cuando te unes a The Nevada Registry, se crea un Expediente de Desarrollo Profesional confidencial en tu nombre.","og_url":"https:\/\/www.nevadaregistry.org\/es\/membresia\/solicitar-membresia\/","og_site_name":"The Nevada Registry","article_publisher":"https:\/\/www.facebook.com\/nevadaregistry","article_modified_time":"2026-02-27T21:10:34+00:00","og_image":[{"url":"https:\/\/www.nevadaregistry.org\/wp-content\/uploads\/2020\/10\/NevadaRegistryOGImage.jpg","type":"","width":"","height":""}],"twitter_card":"summary_large_image","twitter_misc":{"Tiempo de lectura":"3 minutos"},"schema":{"@context":"https:\/\/schema.org","@graph":[{"@type":"WebPage","@id":"https:\/\/www.nevadaregistry.org\/es\/membresia\/solicitar-membresia\/","url":"https:\/\/www.nevadaregistry.org\/es\/membresia\/solicitar-membresia\/","name":"Solicitud de Membres\u00eda de Nevada Registry","isPartOf":{"@id":"https:\/\/www.nevadaregistry.org\/es\/#website"},"datePublished":"2020-07-20T23:13:10+00:00","dateModified":"2026-02-27T21:10:34+00:00","description":"Solicite a The Nevada Registry para la Colocaci\u00f3n en la Escala Profesional. Convi\u00e9rtase en un nuevo miembro de The Nevada Registry. Cuando te unes a The Nevada Registry, se crea un Expediente de Desarrollo Profesional confidencial en tu nombre.","breadcrumb":{"@id":"https:\/\/www.nevadaregistry.org\/es\/membresia\/solicitar-membresia\/#breadcrumb"},"inLanguage":"es","potentialAction":[{"@type":"ReadAction","target":["https:\/\/www.nevadaregistry.org\/es\/membresia\/solicitar-membresia\/"]}]},{"@type":"BreadcrumbList","@id":"https:\/\/www.nevadaregistry.org\/es\/membresia\/solicitar-membresia\/#breadcrumb","itemListElement":[{"@type":"ListItem","position":1,"name":"Home","item":"https:\/\/www.nevadaregistry.org\/es\/pagina-principal\/"},{"@type":"ListItem","position":2,"name":"Membres\u00eda","item":"https:\/\/www.nevadaregistry.org\/es\/membresia\/"},{"@type":"ListItem","position":3,"name":"Solicitar membres\u00eda"}]},{"@type":"WebSite","@id":"https:\/\/www.nevadaregistry.org\/es\/#website","url":"https:\/\/www.nevadaregistry.org\/es\/","name":"The Nevada Registry","description":"Workforce data system capturing information about the Early Childhood Education and Care (ECEC) workforce in Nevada.","publisher":{"@id":"https:\/\/www.nevadaregistry.org\/es\/#organization"},"potentialAction":[{"@type":"SearchAction","target":{"@type":"EntryPoint","urlTemplate":"https:\/\/www.nevadaregistry.org\/es\/?s={search_term_string}"},"query-input":{"@type":"PropertyValueSpecification","valueRequired":true,"valueName":"search_term_string"}}],"inLanguage":"es"},{"@type":"Organization","@id":"https:\/\/www.nevadaregistry.org\/es\/#organization","name":"El Nevada Registry","url":"https:\/\/www.nevadaregistry.org\/es\/","logo":{"@type":"ImageObject","inLanguage":"es","@id":"https:\/\/www.nevadaregistry.org\/es\/#\/schema\/logo\/image\/","url":"https:\/\/www.nevadaregistry.org\/wp-content\/uploads\/2020\/10\/tnr-logo-purple-copy.jpg","contentUrl":"https:\/\/www.nevadaregistry.org\/wp-content\/uploads\/2020\/10\/tnr-logo-purple-copy.jpg","width":"900","height":"562","caption":"El Nevada Registry"},"image":{"@id":"https:\/\/www.nevadaregistry.org\/es\/#\/schema\/logo\/image\/"},"sameAs":["https:\/\/www.facebook.com\/nevadaregistry"]}]}},"_links":{"self":[{"href":"https:\/\/www.nevadaregistry.org\/es\/wp-json\/wp\/v2\/pages\/13369","targetHints":{"allow":["GET"]}}],"collection":[{"href":"https:\/\/www.nevadaregistry.org\/es\/wp-json\/wp\/v2\/pages"}],"about":[{"href":"https:\/\/www.nevadaregistry.org\/es\/wp-json\/wp\/v2\/types\/page"}],"author":[{"embeddable":true,"href":"https:\/\/www.nevadaregistry.org\/es\/wp-json\/wp\/v2\/users\/1"}],"replies":[{"embeddable":true,"href":"https:\/\/www.nevadaregistry.org\/es\/wp-json\/wp\/v2\/comments?post=13369"}],"version-history":[{"count":8,"href":"https:\/\/www.nevadaregistry.org\/es\/wp-json\/wp\/v2\/pages\/13369\/revisions"}],"predecessor-version":[{"id":18094,"href":"https:\/\/www.nevadaregistry.org\/es\/wp-json\/wp\/v2\/pages\/13369\/revisions\/18094"}],"up":[{"embeddable":true,"href":"https:\/\/www.nevadaregistry.org\/es\/wp-json\/wp\/v2\/pages\/13357"}],"wp:attachment":[{"href":"https:\/\/www.nevadaregistry.org\/es\/wp-json\/wp\/v2\/media?parent=13369"}],"curies":[{"name":"wp","href":"https:\/\/api.w.org\/{rel}","templated":true}]}}