{"id":13371,"date":"2020-07-20T16:13:10","date_gmt":"2020-07-20T23:13:10","guid":{"rendered":"https:\/\/www.nevadaregistry.org\/membresia\/preguntas-frecuentes-sobre-membresia\/"},"modified":"2026-02-03T18:41:00","modified_gmt":"2026-02-04T01:41:00","slug":"preguntas-frecuentes-sobre-membresia","status":"publish","type":"page","link":"https:\/\/www.nevadaregistry.org\/es\/membresia\/preguntas-frecuentes-sobre-membresia\/","title":{"rendered":"Preguntas frecuentes sobre la membres\u00eda"},"content":{"rendered":"<div id=\"hidbg\">\n<div id=\"owrap\">\n<div id=\"wrap\">\n<div id=\"content\">\n<h3>\u00bfTiene preguntas sobre The Nevada Registry? \u00bfQui\u00e9nes somos? \u00bfC\u00f3mo solicitar la afiliaci\u00f3n? \u00bfCu\u00e1les son las ventajas de la afiliaci\u00f3n? Si es as\u00ed, \u00a1ha llegado al lugar adecuado!   <\/h3>\n<p>Hemos recopilado una lista de las preguntas m\u00e1s frecuentes sobre The Nevada Registry para ayudarle a comprender mejor el programa. Si no encuentra la respuesta a su pregunta a continuaci\u00f3n, no dude en <a href=\"https:\/\/www.nevadaregistry.org\/es\/acerca\/contactenos\/\">ponerse en contacto con nuestra oficina<\/a> para obtener m\u00e1s informaci\u00f3n sobre por qu\u00e9 la participaci\u00f3n en The Nevada Registry es importante para el sector de la ECE en Nevada. <\/p>\n<h4>\u00bfQu\u00e9 es The Nevada Registry?<\/h4>\n<p>The Nevada Registry es un programa gratuito (para renovaciones nuevas y a tiempo) que apoya su compromiso con su profesi\u00f3n elegida en la educaci\u00f3n infantil (ECE). The Registry ofrece la ubicaci\u00f3n en la escala profesional, la planificaci\u00f3n del desarrollo profesional, un <a href=\"http:\/\/ww2.nevadaregistry.org\/calendar\/\">calendario en l\u00ednea<\/a> de formaci\u00f3n aprobada, recursos\/informaci\u00f3n de la comunidad, una <a href=\"http:\/\/ww2.nevadaregistry.org\/jobs\/\">bolsa de trabajo<\/a> estatal y tambi\u00e9n act\u00faa como un centro de intercambio de informaci\u00f3n estatal para noticias relacionadas con el sector. The Nevada Registry tambi\u00e9n es responsable de la aprobaci\u00f3n de toda la formaci\u00f3n informal (no para cr\u00e9ditos universitarios) sobre el cuidado infantil en el estado.  <\/p>\n<h4>\u00bfQui\u00e9n puede ser miembro de The Nevada Registry?<\/h4>\n<p>La membres\u00eda con The Nevada Registry est\u00e1 abierta a todos los profesionales de Cuidado y Educaci\u00f3n Temprana (ECE, por sus siglas en ingl\u00e9s) independientemente de su funci\u00f3n o entorno. Esto incluye a cualquier persona que trabaje con ni\u00f1os y familias (tanto directa como indirectamente) en una variedad de entornos (Centros, Cuidado Infantil Familiar, Head Start, Pre-K Financiado por el Estado, Cuidado Infantil Tribal, Programas Extraescolares, etc.) y se aplica tanto a profesionales nuevos en el campo como a aquellos que han servido a ni\u00f1os y familias durante muchos a\u00f1os. <\/p>\n<h4>\u00bfEs obligatorio solicitar la afiliaci\u00f3n a The Nevada Registry?<\/h4>\n<p>En abril de 2009, la participaci\u00f3n en The Registry se adopt\u00f3 en las regulaciones estatales de cuidado infantil <a href=\"https:\/\/www.leg.state.nv.us\/register\/2006Register\/R112-06RA.pdf\">R112-06<\/a> y <a href=\"https:\/\/ftp.leg.state.nv.us\/register\/2009Register\/R001-09P.pdf\">R001-09<\/a>. Esto significa que si trabaja en un centro de cuidado infantil con licencia de cualquier tipo (centro, cuidado familiar\/grupal en el hogar, etc.) y se le cuenta en las proporciones de personal\/ni\u00f1o, debe solicitar (y renovar anualmente) la afiliaci\u00f3n a The Nevada Registry.<\/p>\n<h4>\u00bfPor qu\u00e9 es obligatoria la participaci\u00f3n?<\/h4>\n<p>Esta es la primera vez en la historia de Nevada que tenemos una imagen totalmente representativa de la fuerza laboral de ECE en nuestro estado. Esperamos y pretendemos que los datos de The Registry puedan utilizarse para apoyar e informar el proceso de toma de decisiones sobre el desarrollo de un sistema mejorado de cuidado y educaci\u00f3n temprana en Nevada, incluyendo el suministro de datos a la Legislatura del Estado de Nevada en apoyo de una mayor financiaci\u00f3n para los programas, todo lo cual es posible solo cuando la afiliaci\u00f3n a The Nevada Registry es obligatoria. <\/p>\n<h4>\u00bfCu\u00e1nto cuesta solicitar y\/o renovar la afiliaci\u00f3n a The Nevada Registry?<\/h4>\n<p>No hay ning\u00fan coste por solicitar la afiliaci\u00f3n a The Nevada Registry para la ubicaci\u00f3n en la escala profesional y\/o por renovar a tiempo. Sin embargo, se impone una tarifa de 25 $ por las renovaciones recibidas m\u00e1s de 30 d\u00edas despu\u00e9s de la fecha de vencimiento que figura en su certificado de afiliaci\u00f3n para restablecer su cuenta. <\/p>\n<h4>\u00bfC\u00f3mo puedo presentar la solicitud?<\/h4>\n<p>Solicite la afiliaci\u00f3n a The Nevada Registry completando la <a href=\"https:\/\/ww2.nevadaregistry.org\/UserPortal\/newmemberrequest.aspx\">Solicitud de afiliaci\u00f3n<\/a>. Una vez que se procese su solicitud, acceder\u00e1 a su certificado de afiliaci\u00f3n desde su <a href=\"https:\/\/ww2.nevadaregistry.org\/UserPortal\/NRUsers.aspx\">Portal en l\u00ednea<\/a>. Su certificado incluir\u00e1 su nivel en la escala profesional* basado en su educaci\u00f3n formal documentada y su experiencia (hasta 4000 horas).<\/p>\n<p><a href=\"https:\/\/www.nevadaregistry.org\/es\/membresia\/solicitar-membresia\/\">M\u00e1s informaci\u00f3n sobre el proceso de solicitud.<\/a><\/p>\n<p><em>*Aunque se consideran miembros activos de The Nevada Registry y cumplen con las regulaciones de licencias de cuidado infantil para la participaci\u00f3n obligatoria (si corresponde), los miembros con menos de 1000 horas de experiencia en el servicio directo en el momento de la solicitud se consideran \u00abPre-Nivel\u00bb y no se les emitir\u00e1 un nivel de escala profesional en su certificado.<\/em><\/p>\n<h4>\u00bfEs este un requisito \u00fanico o necesito renovar cada a\u00f1o?<\/h4>\n<p>La afiliaci\u00f3n a The Nevada Registry se renueva anualmente antes de la fecha de vencimiento de su certificado de afiliaci\u00f3n. Recibir\u00e1 una serie de recordatorios por correo electr\u00f3nico* de The Nevada Registry para renovar su afiliaci\u00f3n en l\u00ednea a trav\u00e9s de su <a href=\"https:\/\/ww2.nevadaregistry.org\/UserPortal\/NRUsers.aspx\">Portal en l\u00ednea<\/a> antes y cuando venza su certificado. Por esta raz\u00f3n, es imprescindible que siempre haya una direcci\u00f3n de correo electr\u00f3nico actual en el archivo de The Registry. Si su direcci\u00f3n de correo electr\u00f3nico cambia entre las fechas de renovaci\u00f3n, <a href=\"https:\/\/www.nevadaregistry.org\/es\/acerca\/contactenos\/\">p\u00f3ngase en contacto con nuestra oficina<\/a> para actualizar su cuenta.   <\/p>\n<p><em>* The Nevada Registry utiliza un proceso electr\u00f3nico de notificaci\u00f3n de recordatorio de renovaci\u00f3n. Para asegurarse de que recibe informaci\u00f3n importante, futuros recordatorios de renovaci\u00f3n, actualizaciones, etc. de The Nevada Registry, es imprescindible que haya una direcci\u00f3n de correo electr\u00f3nico precisa en el archivo en todo momento. Nota: Ocasionalmente, los correos electr\u00f3nicos enviados desde The Nevada Registry se devuelven como no entregables y\/o se consideran spam. Si tiene una direcci\u00f3n de correo electr\u00f3nico en el archivo pero no recibe este recordatorio en el futuro, es posible que su mensaje haya sido devuelto o bloqueado en su extremo. Por favor, revise sus carpetas de correo basura y\/o spam. Si no recibe un aviso de recordatorio de renovaci\u00f3n 4-6 semanas antes de que venza su certificado, p\u00f3ngase en contacto con nuestra oficina en el (775) 327-0670 o (800) 259-1906 para que podamos ayudarle a resolver el problema.     <\/em><\/p>\n<h4>Fui miembro en el pasado, pero mi afiliaci\u00f3n ha caducado hace tiempo. \u00bfQu\u00e9 formulario debo presentar para volver a unirme? <\/h4>\n<p>Cuando solicit\u00f3 inicialmente la afiliaci\u00f3n a The Nevada Registry, se asign\u00f3 un ID \u00fanico a su cuenta. Este n\u00famero sigue siendo su ID personal indefinidamente, independientemente del tiempo que su cuenta haya estado inactiva. Para renovar su afiliaci\u00f3n a The Nevada Registry, \u00a1no necesita empezar de nuevo! Simplemente inicie sesi\u00f3n en su <a href=\"https:\/\/ww2.nevadaregistry.org\/UserPortal\/NRUsers.aspx\">Portal en l\u00ednea<\/a> para completar un formulario de actualizaci\u00f3n\/renovaci\u00f3n de afiliaci\u00f3n en l\u00ednea. Si su afiliaci\u00f3n ha caducado durante m\u00e1s de 30 d\u00edas, se requerir\u00e1 una tarifa de restablecimiento de 25 $ para renovar.    <\/p>\n<h4>\u00bfC\u00f3mo me beneficia la solicitud a The Nevada Registry?<\/h4>\n<p>The Nevada Registry le ayuda a obtener reconocimiento por su trabajo en ECE documentando sus logros profesionales y educativos. La ubicaci\u00f3n en la escala profesional le ayuda a planificar sus objetivos de formaci\u00f3n, educaci\u00f3n y desarrollo profesional y a seguir su progreso hacia el cumplimiento de esos objetivos. Se crea un archivo de desarrollo profesional en su nombre para almacenar copias de todos los certificados de formaci\u00f3n y la documentaci\u00f3n educativa que presente, en caso de que alguna vez necesite reemplazar papeleo perdido o da\u00f1ado. La participaci\u00f3n tambi\u00e9n le ayuda a formar parte de una red de la primera infancia, a obtener acceso a programas e iniciativas de becas como <a href=\"https:\/\/nvteach.org\/\">TEACH Early Childhood\u00ae Nevada<\/a> y le hace elegible para sorteos y promociones patrocinados por The Registry.   <\/p>\n<h4>\u00bfCu\u00e1nto tiempo tardar\u00e1 en procesarse mi solicitud y c\u00f3mo sabr\u00e1 la licencia que he presentado la solicitud?<\/h4>\n<p>El tiempo de respuesta para las solicitudes completas es de aproximadamente 1-2 semanas; sin embargo, recibir\u00e1 una confirmaci\u00f3n por correo electr\u00f3nico cuando presente su solicitud completa que servir\u00e1 como verificaci\u00f3n a la licencia de cuidado infantil de que usted est\u00e1 en cumplimiento con la regulaci\u00f3n para aplicar. Se sugiere que proporcione una copia de su correo electr\u00f3nico a su Director\/Administrador para que la coloque en su archivo de personal. El tiempo de procesamiento se retrasar\u00e1 para las solicitudes incompletas.   <em>No se considera que usted cumple con las regulaciones de licencias de cuidado infantil para la participaci\u00f3n obligatoria hasta que haya presentado una solicitud completa.<\/em><\/p>\n<h4>\u00bfPor qu\u00e9 The Nevada Registry necesita tanta informaci\u00f3n?<\/h4>\n<p>La informaci\u00f3n solicitada en la solicitud es necesaria para construir su archivo de desarrollo profesional y asegura que sus antecedentes profesionales y educativos \u00fanicos en ECE se reflejen con precisi\u00f3n. Tambi\u00e9n ayuda a proporcionar una instant\u00e1nea de la fuerza laboral de ECE en Nevada. <\/p>\n<h4>\u00bfC\u00f3mo se utiliza la informaci\u00f3n que recopila The Nevada Registry?<\/h4>\n<p>Como sistema de datos de la fuerza laboral, The Nevada Registry ayuda al estado a recopilar datos valiosos sobre la fuerza laboral de ECE en Nevada, lo cual es un paso importante para hacer crecer ECE como una profesi\u00f3n. Ninguna de la informaci\u00f3n recopilada a trav\u00e9s del proceso de solicitud y el sistema de aprobaci\u00f3n de la formaci\u00f3n se revela nunca con ninguna informaci\u00f3n de identificaci\u00f3n adjunta. Todos los datos proporcionados a la comunidad se combinan con el fin de informar sobre grandes grupos de personas, en lugar de sobre cualquier miembro individual. Esta y TODA la dem\u00e1s informaci\u00f3n contenida en el archivo de desarrollo profesional de cada miembro es confidencial.   <\/p>\n<h4>\u00bfEs The Nevada Registry lo mismo que la licencia de cuidado infantil?<\/h4>\n<p>Si bien The Nevada Registry trabaja muy de cerca con la licencia de cuidado infantil, son dos programas muy separados y distintos. El enfoque de The Nevada Registry est\u00e1 en el desarrollo profesional individual y en proporcionar recursos a la comunidad de ECE. En contraste, la licencia de cuidado infantil es una agencia reguladora responsable de la concesi\u00f3n de licencias a las instalaciones y del monitoreo del cumplimiento de las regulaciones. Com\u00fanmente, hay confusi\u00f3n en lo que se refiere al sistema de aprobaci\u00f3n de la formaci\u00f3n. Si bien The Registry es responsable de revisar y aprobar toda la formaci\u00f3n informal para el estado, la licencia de cuidado infantil es responsable de verificar que se cumplan los requisitos de formaci\u00f3n anuales descritos en las regulaciones. En este caso, The Nevada Registry proporciona los recursos a la comunidad de ECE en forma del <a href=\"https:\/\/ww2.nevadaregistry.org\/Calendar\/\">Calendario de formaci\u00f3n<\/a>, mientras que el papel de la licencia es de naturaleza reguladora.     <\/p>\n<h4>\u00bfC\u00f3mo se utilizar\u00e1n las tasas recaudadas por las renovaciones tard\u00edas y las reevaluaciones de la escala profesional?<\/h4>\n<p>Las tasas recaudadas se transfieren a la afiliaci\u00f3n en forma de actividades y recursos de liderazgo\/desarrollo profesional, desarrollo de programas, materiales para el aula, becas, nuevos beneficios para la afiliaci\u00f3n, etc.<\/p>\n<\/div>\n<\/div>\n<\/div>\n<\/div>\n","protected":false},"excerpt":{"rendered":"<p>\u00bfTiene preguntas sobre The Nevada Registry? \u00bfQui\u00e9nes somos? \u00bfC\u00f3mo solicitar la afiliaci\u00f3n? \u00bfCu\u00e1les son las ventajas de la afiliaci\u00f3n? Si&#8230;<\/p>\n","protected":false},"author":1,"featured_media":0,"parent":13357,"menu_order":4,"comment_status":"closed","ping_status":"closed","template":"","meta":{"_acf_changed":false,"footnotes":""},"class_list":["post-13371","page","type-page","status-publish","hentry"],"acf":[],"yoast_head":"<!-- This site is optimized with the Yoast SEO plugin v27.2 - https:\/\/yoast.com\/product\/yoast-seo-wordpress\/ -->\n<title>Preguntas frecuentes sobre la membres\u00eda - The Nevada Registry<\/title>\n<meta name=\"description\" content=\"\u00bfTiene preguntas sobre The Nevada Registry? \u00bfQui\u00e9nes somos? \u00bfC\u00f3mo solicitar la afiliaci\u00f3n? \u00bfCu\u00e1les son las ventajas de la afiliaci\u00f3n? Si es as\u00ed, \u00a1ha\" \/>\n<meta name=\"robots\" content=\"index, follow, max-snippet:-1, max-image-preview:large, max-video-preview:-1\" \/>\n<link rel=\"canonical\" href=\"https:\/\/www.nevadaregistry.org\/es\/membresia\/preguntas-frecuentes-sobre-membresia\/\" \/>\n<meta property=\"og:locale\" content=\"es_ES\" \/>\n<meta property=\"og:type\" content=\"article\" \/>\n<meta property=\"og:title\" content=\"Preguntas frecuentes sobre la membres\u00eda - The Nevada Registry\" \/>\n<meta property=\"og:description\" content=\"\u00bfTiene preguntas sobre The Nevada Registry? \u00bfQui\u00e9nes somos? \u00bfC\u00f3mo solicitar la afiliaci\u00f3n? \u00bfCu\u00e1les son las ventajas de la afiliaci\u00f3n? Si es as\u00ed, \u00a1ha\" \/>\n<meta property=\"og:url\" content=\"https:\/\/www.nevadaregistry.org\/es\/membresia\/preguntas-frecuentes-sobre-membresia\/\" \/>\n<meta property=\"og:site_name\" content=\"The Nevada Registry\" \/>\n<meta property=\"article:publisher\" content=\"https:\/\/www.facebook.com\/nevadaregistry\" \/>\n<meta property=\"article:modified_time\" content=\"2026-02-04T01:41:00+00:00\" \/>\n<meta property=\"og:image\" content=\"https:\/\/www.nevadaregistry.org\/wp-content\/uploads\/2020\/10\/NevadaRegistryOGImage.jpg\" \/>\n\t<meta property=\"og:image:width\" content=\"1200\" \/>\n\t<meta property=\"og:image:height\" content=\"630\" \/>\n\t<meta property=\"og:image:type\" content=\"image\/jpeg\" \/>\n<meta name=\"twitter:card\" content=\"summary_large_image\" \/>\n<meta name=\"twitter:label1\" content=\"Tiempo de lectura\" \/>\n\t<meta name=\"twitter:data1\" content=\"9 minutos\" \/>\n<script type=\"application\/ld+json\" class=\"yoast-schema-graph\">{\"@context\":\"https:\/\/schema.org\",\"@graph\":[{\"@type\":\"WebPage\",\"@id\":\"https:\/\/www.nevadaregistry.org\/es\/membresia\/preguntas-frecuentes-sobre-membresia\/\",\"url\":\"https:\/\/www.nevadaregistry.org\/es\/membresia\/preguntas-frecuentes-sobre-membresia\/\",\"name\":\"Preguntas frecuentes sobre la membres\u00eda - The Nevada Registry\",\"isPartOf\":{\"@id\":\"https:\/\/www.nevadaregistry.org\/es\/#website\"},\"datePublished\":\"2020-07-20T23:13:10+00:00\",\"dateModified\":\"2026-02-04T01:41:00+00:00\",\"description\":\"\u00bfTiene preguntas sobre The Nevada Registry? \u00bfQui\u00e9nes somos? \u00bfC\u00f3mo solicitar la afiliaci\u00f3n? \u00bfCu\u00e1les son las ventajas de la afiliaci\u00f3n? Si es as\u00ed, \u00a1ha\",\"breadcrumb\":{\"@id\":\"https:\/\/www.nevadaregistry.org\/es\/membresia\/preguntas-frecuentes-sobre-membresia\/#breadcrumb\"},\"inLanguage\":\"es\",\"potentialAction\":[{\"@type\":\"ReadAction\",\"target\":[\"https:\/\/www.nevadaregistry.org\/es\/membresia\/preguntas-frecuentes-sobre-membresia\/\"]}]},{\"@type\":\"BreadcrumbList\",\"@id\":\"https:\/\/www.nevadaregistry.org\/es\/membresia\/preguntas-frecuentes-sobre-membresia\/#breadcrumb\",\"itemListElement\":[{\"@type\":\"ListItem\",\"position\":1,\"name\":\"Home\",\"item\":\"https:\/\/www.nevadaregistry.org\/es\/pagina-principal\/\"},{\"@type\":\"ListItem\",\"position\":2,\"name\":\"Membres\u00eda\",\"item\":\"https:\/\/www.nevadaregistry.org\/es\/membresia\/\"},{\"@type\":\"ListItem\",\"position\":3,\"name\":\"Preguntas frecuentes sobre la membres\u00eda\"}]},{\"@type\":\"WebSite\",\"@id\":\"https:\/\/www.nevadaregistry.org\/es\/#website\",\"url\":\"https:\/\/www.nevadaregistry.org\/es\/\",\"name\":\"The Nevada Registry\",\"description\":\"Workforce data system capturing information about the Early Childhood Education and Care (ECEC) workforce in Nevada.\",\"publisher\":{\"@id\":\"https:\/\/www.nevadaregistry.org\/es\/#organization\"},\"potentialAction\":[{\"@type\":\"SearchAction\",\"target\":{\"@type\":\"EntryPoint\",\"urlTemplate\":\"https:\/\/www.nevadaregistry.org\/es\/?s={search_term_string}\"},\"query-input\":{\"@type\":\"PropertyValueSpecification\",\"valueRequired\":true,\"valueName\":\"search_term_string\"}}],\"inLanguage\":\"es\"},{\"@type\":\"Organization\",\"@id\":\"https:\/\/www.nevadaregistry.org\/es\/#organization\",\"name\":\"El Nevada Registry\",\"url\":\"https:\/\/www.nevadaregistry.org\/es\/\",\"logo\":{\"@type\":\"ImageObject\",\"inLanguage\":\"es\",\"@id\":\"https:\/\/www.nevadaregistry.org\/es\/#\/schema\/logo\/image\/\",\"url\":\"https:\/\/www.nevadaregistry.org\/wp-content\/uploads\/2020\/10\/tnr-logo-purple-copy.jpg\",\"contentUrl\":\"https:\/\/www.nevadaregistry.org\/wp-content\/uploads\/2020\/10\/tnr-logo-purple-copy.jpg\",\"width\":\"900\",\"height\":\"562\",\"caption\":\"El Nevada Registry\"},\"image\":{\"@id\":\"https:\/\/www.nevadaregistry.org\/es\/#\/schema\/logo\/image\/\"},\"sameAs\":[\"https:\/\/www.facebook.com\/nevadaregistry\"]}]}<\/script>\n<!-- \/ Yoast SEO plugin. -->","yoast_head_json":{"title":"Preguntas frecuentes sobre la membres\u00eda - The Nevada Registry","description":"\u00bfTiene preguntas sobre The Nevada Registry? \u00bfQui\u00e9nes somos? \u00bfC\u00f3mo solicitar la afiliaci\u00f3n? \u00bfCu\u00e1les son las ventajas de la afiliaci\u00f3n? Si es as\u00ed, \u00a1ha","robots":{"index":"index","follow":"follow","max-snippet":"max-snippet:-1","max-image-preview":"max-image-preview:large","max-video-preview":"max-video-preview:-1"},"canonical":"https:\/\/www.nevadaregistry.org\/es\/membresia\/preguntas-frecuentes-sobre-membresia\/","og_locale":"es_ES","og_type":"article","og_title":"Preguntas frecuentes sobre la membres\u00eda - The Nevada Registry","og_description":"\u00bfTiene preguntas sobre The Nevada Registry? \u00bfQui\u00e9nes somos? \u00bfC\u00f3mo solicitar la afiliaci\u00f3n? \u00bfCu\u00e1les son las ventajas de la afiliaci\u00f3n? Si es as\u00ed, \u00a1ha","og_url":"https:\/\/www.nevadaregistry.org\/es\/membresia\/preguntas-frecuentes-sobre-membresia\/","og_site_name":"The Nevada Registry","article_publisher":"https:\/\/www.facebook.com\/nevadaregistry","article_modified_time":"2026-02-04T01:41:00+00:00","og_image":[{"width":1200,"height":630,"url":"https:\/\/www.nevadaregistry.org\/wp-content\/uploads\/2020\/10\/NevadaRegistryOGImage.jpg","type":"image\/jpeg"}],"twitter_card":"summary_large_image","twitter_misc":{"Tiempo de lectura":"9 minutos"},"schema":{"@context":"https:\/\/schema.org","@graph":[{"@type":"WebPage","@id":"https:\/\/www.nevadaregistry.org\/es\/membresia\/preguntas-frecuentes-sobre-membresia\/","url":"https:\/\/www.nevadaregistry.org\/es\/membresia\/preguntas-frecuentes-sobre-membresia\/","name":"Preguntas frecuentes sobre la membres\u00eda - The Nevada Registry","isPartOf":{"@id":"https:\/\/www.nevadaregistry.org\/es\/#website"},"datePublished":"2020-07-20T23:13:10+00:00","dateModified":"2026-02-04T01:41:00+00:00","description":"\u00bfTiene preguntas sobre The Nevada Registry? \u00bfQui\u00e9nes somos? \u00bfC\u00f3mo solicitar la afiliaci\u00f3n? \u00bfCu\u00e1les son las ventajas de la afiliaci\u00f3n? Si es as\u00ed, \u00a1ha","breadcrumb":{"@id":"https:\/\/www.nevadaregistry.org\/es\/membresia\/preguntas-frecuentes-sobre-membresia\/#breadcrumb"},"inLanguage":"es","potentialAction":[{"@type":"ReadAction","target":["https:\/\/www.nevadaregistry.org\/es\/membresia\/preguntas-frecuentes-sobre-membresia\/"]}]},{"@type":"BreadcrumbList","@id":"https:\/\/www.nevadaregistry.org\/es\/membresia\/preguntas-frecuentes-sobre-membresia\/#breadcrumb","itemListElement":[{"@type":"ListItem","position":1,"name":"Home","item":"https:\/\/www.nevadaregistry.org\/es\/pagina-principal\/"},{"@type":"ListItem","position":2,"name":"Membres\u00eda","item":"https:\/\/www.nevadaregistry.org\/es\/membresia\/"},{"@type":"ListItem","position":3,"name":"Preguntas frecuentes sobre la membres\u00eda"}]},{"@type":"WebSite","@id":"https:\/\/www.nevadaregistry.org\/es\/#website","url":"https:\/\/www.nevadaregistry.org\/es\/","name":"The Nevada Registry","description":"Workforce data system capturing information about the Early Childhood Education and Care (ECEC) workforce in Nevada.","publisher":{"@id":"https:\/\/www.nevadaregistry.org\/es\/#organization"},"potentialAction":[{"@type":"SearchAction","target":{"@type":"EntryPoint","urlTemplate":"https:\/\/www.nevadaregistry.org\/es\/?s={search_term_string}"},"query-input":{"@type":"PropertyValueSpecification","valueRequired":true,"valueName":"search_term_string"}}],"inLanguage":"es"},{"@type":"Organization","@id":"https:\/\/www.nevadaregistry.org\/es\/#organization","name":"El Nevada Registry","url":"https:\/\/www.nevadaregistry.org\/es\/","logo":{"@type":"ImageObject","inLanguage":"es","@id":"https:\/\/www.nevadaregistry.org\/es\/#\/schema\/logo\/image\/","url":"https:\/\/www.nevadaregistry.org\/wp-content\/uploads\/2020\/10\/tnr-logo-purple-copy.jpg","contentUrl":"https:\/\/www.nevadaregistry.org\/wp-content\/uploads\/2020\/10\/tnr-logo-purple-copy.jpg","width":"900","height":"562","caption":"El Nevada Registry"},"image":{"@id":"https:\/\/www.nevadaregistry.org\/es\/#\/schema\/logo\/image\/"},"sameAs":["https:\/\/www.facebook.com\/nevadaregistry"]}]}},"_links":{"self":[{"href":"https:\/\/www.nevadaregistry.org\/es\/wp-json\/wp\/v2\/pages\/13371","targetHints":{"allow":["GET"]}}],"collection":[{"href":"https:\/\/www.nevadaregistry.org\/es\/wp-json\/wp\/v2\/pages"}],"about":[{"href":"https:\/\/www.nevadaregistry.org\/es\/wp-json\/wp\/v2\/types\/page"}],"author":[{"embeddable":true,"href":"https:\/\/www.nevadaregistry.org\/es\/wp-json\/wp\/v2\/users\/1"}],"replies":[{"embeddable":true,"href":"https:\/\/www.nevadaregistry.org\/es\/wp-json\/wp\/v2\/comments?post=13371"}],"version-history":[{"count":4,"href":"https:\/\/www.nevadaregistry.org\/es\/wp-json\/wp\/v2\/pages\/13371\/revisions"}],"predecessor-version":[{"id":17903,"href":"https:\/\/www.nevadaregistry.org\/es\/wp-json\/wp\/v2\/pages\/13371\/revisions\/17903"}],"up":[{"embeddable":true,"href":"https:\/\/www.nevadaregistry.org\/es\/wp-json\/wp\/v2\/pages\/13357"}],"wp:attachment":[{"href":"https:\/\/www.nevadaregistry.org\/es\/wp-json\/wp\/v2\/media?parent=13371"}],"curies":[{"name":"wp","href":"https:\/\/api.w.org\/{rel}","templated":true}]}}