{"id":13377,"date":"2020-07-20T16:13:09","date_gmt":"2020-07-20T23:13:09","guid":{"rendered":"https:\/\/www.nevadaregistry.org\/recursos-de-ece\/plan-de-desarrollo-profesional\/"},"modified":"2026-03-06T08:09:42","modified_gmt":"2026-03-06T16:09:42","slug":"plan-de-desarrollo-profesional","status":"publish","type":"page","link":"https:\/\/www.nevadaregistry.org\/es\/recursos-de-ece\/plan-de-desarrollo-profesional\/","title":{"rendered":"Plan de Desarrollo Profesional del Registro de Nevada"},"content":{"rendered":"<div id=\"hidbg\">\n<div id=\"owrap\">\n<div id=\"wrap\">\n<div id=\"content\">\n<p>El aprendizaje es realmente un proceso que dura toda la vida; uno que no se limita a la infancia o al aula, sino que tiene lugar a lo largo de toda la vida y en diversas situaciones. A medida que tus intereses profesionales y las exigencias del campo cambian, es importante ampliar tus habilidades y conocimientos. Por eso, el Registro cre\u00f3 un Plan de Desarrollo Profesional llamado \u201cCultivando tu crecimiento como profesional: Creando un Plan de Desarrollo Profesional para guiar tu carrera en el cuidado y la educaci\u00f3n temprana\u201d (disponible en el <a href=\"https:\/\/ww2.nevadaregistry.org\/UserPortal\/NRUsers.aspx\">Portal en l\u00ednea<\/a>). Este plan, junto con las <a href=\"https:\/\/www.nevadaregistry.org\/wp-content\/uploads\/2020\/09\/CoreCompetenciesApril2013.pdf\">\u00c1reas de Conocimiento Central y Competencias Clave de Nevada para Profesionales de la Primera Infancia<\/a><a href=\"https:\/\/www.nevadaregistry.org\/fb_files\/CoreCompetenciesApril2013.pdf\">,<\/a> puede ayudarte a preparar y llevar a cabo un Plan de Desarrollo Profesional (PDP) personalizado para alcanzar tus metas.   <\/p>\n<h3>\u00bfQu\u00e9 es un Plan de Desarrollo Profesional?<\/h3>\n<p>Un PDP es una gu\u00eda dise\u00f1ada para ayudarte a reflexionar sobre tu propia pr\u00e1ctica como profesional de la Primera Infancia. Crear un PDP ayuda a aumentar tus conocimientos, habilidades y experiencia para trabajar con ni\u00f1os y sus familias a lo largo del tiempo, ayud\u00e1ndote a determinar tus \u00e1reas de inter\u00e9s y fortaleza, as\u00ed como las \u00e1reas donde puede ser necesario un mayor crecimiento y desarrollo. Tu PDP te ayudar\u00e1 a planificar tu desarrollo profesional futuro y a evaluar tu propio progreso y crecimiento profesional.  <\/p>\n<h3>\u00bfQu\u00e9 aspecto tendr\u00e1 mi PDP?<\/h3>\n<p>Tu inversi\u00f3n de tiempo y dinero en el desarrollo profesional ser\u00e1 m\u00e1s efectiva cuando sepas lo que quieres y necesitas aprender. Dado que cada persona llega a los entornos de la primera infancia con una combinaci\u00f3n \u00fanica de habilidades y experiencia profesionales, experiencia y educaci\u00f3n, ning\u00fan plan funcionar\u00e1 para todos, ni dos planes ser\u00e1n iguales. Por esta raz\u00f3n, es importante que tu PDP se cree de forma individualizada, bas\u00e1ndose en tus propios intereses y necesidades.  <\/p>\n<h3>C\u00f3mo empezar con tu Plan de Desarrollo Profesional<\/h3>\n<p>Puede que trabajes en un programa que ya haya implementado alguna forma de establecimiento de objetivos o planificaci\u00f3n profesional, o puede que este sea tu primer intento de esbozar tus metas profesionales. De cualquier manera, hay una serie de formatos diferentes disponibles para ayudarte a evaluar, priorizar, aclarar y reflexionar sobre tu PDP. Este plan en particular se basa en las <a href=\"https:\/\/www.nevadaregistry.org\/wp-content\/uploads\/2020\/09\/CoreCompetenciesApril2013.pdf\">Competencias Clave de Nevada<\/a> y te ayudar\u00e1 a empezar o a ampliar lo que ya est\u00e9s haciendo.  <\/p>\n<p><strong>\u00a1Empieza a planificar tu desarrollo profesional hoy mismo!<\/strong><\/p>\n<p>Inicia sesi\u00f3n en tu <a href=\"https:\/\/ww2.nevadaregistry.org\/UserPortal\/NRUsers.aspx\">Portal en l\u00ednea<\/a> para empezar.<\/p>\n<\/div>\n<\/div>\n<\/div>\n<\/div>\n","protected":false},"excerpt":{"rendered":"<p>El aprendizaje es realmente un proceso que dura toda la vida; uno que no se limita a la infancia o&#8230;<\/p>\n","protected":false},"author":1,"featured_media":0,"parent":13346,"menu_order":3,"comment_status":"closed","ping_status":"closed","template":"","meta":{"_acf_changed":false,"footnotes":""},"class_list":["post-13377","page","type-page","status-publish","hentry"],"acf":[],"yoast_head":"<!-- This site is optimized with the Yoast SEO plugin v27.2 - https:\/\/yoast.com\/product\/yoast-seo-wordpress\/ -->\n<title>Plan de Desarrollo Profesional del Registro de Nevada - The Nevada Registry<\/title>\n<meta name=\"description\" content=\"El aprendizaje es realmente un proceso que dura toda la vida; uno que no se limita a la infancia o al aula, sino que tiene lugar a lo largo de toda la\" \/>\n<meta name=\"robots\" content=\"index, follow, max-snippet:-1, max-image-preview:large, max-video-preview:-1\" \/>\n<link rel=\"canonical\" href=\"https:\/\/www.nevadaregistry.org\/es\/recursos-de-ece\/plan-de-desarrollo-profesional\/\" \/>\n<meta property=\"og:locale\" content=\"es_ES\" \/>\n<meta property=\"og:type\" content=\"article\" \/>\n<meta property=\"og:title\" content=\"Plan de Desarrollo Profesional del Registro de Nevada - The Nevada Registry\" \/>\n<meta property=\"og:description\" content=\"El aprendizaje es realmente un proceso que dura toda la vida; uno que no se limita a la infancia o al aula, sino que tiene lugar a lo largo de toda la\" \/>\n<meta property=\"og:url\" content=\"https:\/\/www.nevadaregistry.org\/es\/recursos-de-ece\/plan-de-desarrollo-profesional\/\" \/>\n<meta property=\"og:site_name\" content=\"The Nevada Registry\" \/>\n<meta property=\"article:publisher\" content=\"https:\/\/www.facebook.com\/nevadaregistry\" \/>\n<meta property=\"article:modified_time\" content=\"2026-03-06T16:09:42+00:00\" \/>\n<meta property=\"og:image\" content=\"https:\/\/www.nevadaregistry.org\/wp-content\/uploads\/2020\/10\/NevadaRegistryOGImage.jpg\" \/>\n\t<meta property=\"og:image:width\" content=\"1200\" \/>\n\t<meta property=\"og:image:height\" content=\"630\" \/>\n\t<meta property=\"og:image:type\" content=\"image\/jpeg\" \/>\n<meta name=\"twitter:card\" content=\"summary_large_image\" \/>\n<meta name=\"twitter:label1\" content=\"Tiempo de lectura\" \/>\n\t<meta name=\"twitter:data1\" content=\"2 minutos\" \/>\n<script type=\"application\/ld+json\" class=\"yoast-schema-graph\">{\"@context\":\"https:\/\/schema.org\",\"@graph\":[{\"@type\":\"WebPage\",\"@id\":\"https:\/\/www.nevadaregistry.org\/es\/recursos-de-ece\/plan-de-desarrollo-profesional\/\",\"url\":\"https:\/\/www.nevadaregistry.org\/es\/recursos-de-ece\/plan-de-desarrollo-profesional\/\",\"name\":\"Plan de Desarrollo Profesional del Registro de Nevada - The Nevada Registry\",\"isPartOf\":{\"@id\":\"https:\/\/www.nevadaregistry.org\/es\/#website\"},\"datePublished\":\"2020-07-20T23:13:09+00:00\",\"dateModified\":\"2026-03-06T16:09:42+00:00\",\"description\":\"El aprendizaje es realmente un proceso que dura toda la vida; uno que no se limita a la infancia o al aula, sino que tiene lugar a lo largo de toda la\",\"breadcrumb\":{\"@id\":\"https:\/\/www.nevadaregistry.org\/es\/recursos-de-ece\/plan-de-desarrollo-profesional\/#breadcrumb\"},\"inLanguage\":\"es\",\"potentialAction\":[{\"@type\":\"ReadAction\",\"target\":[\"https:\/\/www.nevadaregistry.org\/es\/recursos-de-ece\/plan-de-desarrollo-profesional\/\"]}]},{\"@type\":\"BreadcrumbList\",\"@id\":\"https:\/\/www.nevadaregistry.org\/es\/recursos-de-ece\/plan-de-desarrollo-profesional\/#breadcrumb\",\"itemListElement\":[{\"@type\":\"ListItem\",\"position\":1,\"name\":\"Home\",\"item\":\"https:\/\/www.nevadaregistry.org\/es\/pagina-principal\/\"},{\"@type\":\"ListItem\",\"position\":2,\"name\":\"Recursos de ECE de The Nevada Registry\",\"item\":\"https:\/\/www.nevadaregistry.org\/es\/recursos-de-ece\/\"},{\"@type\":\"ListItem\",\"position\":3,\"name\":\"Plan de Desarrollo Profesional del Registro de Nevada\"}]},{\"@type\":\"WebSite\",\"@id\":\"https:\/\/www.nevadaregistry.org\/es\/#website\",\"url\":\"https:\/\/www.nevadaregistry.org\/es\/\",\"name\":\"The Nevada Registry\",\"description\":\"Workforce data system capturing information about the Early Childhood Education and Care (ECEC) workforce in Nevada.\",\"publisher\":{\"@id\":\"https:\/\/www.nevadaregistry.org\/es\/#organization\"},\"potentialAction\":[{\"@type\":\"SearchAction\",\"target\":{\"@type\":\"EntryPoint\",\"urlTemplate\":\"https:\/\/www.nevadaregistry.org\/es\/?s={search_term_string}\"},\"query-input\":{\"@type\":\"PropertyValueSpecification\",\"valueRequired\":true,\"valueName\":\"search_term_string\"}}],\"inLanguage\":\"es\"},{\"@type\":\"Organization\",\"@id\":\"https:\/\/www.nevadaregistry.org\/es\/#organization\",\"name\":\"El Nevada Registry\",\"url\":\"https:\/\/www.nevadaregistry.org\/es\/\",\"logo\":{\"@type\":\"ImageObject\",\"inLanguage\":\"es\",\"@id\":\"https:\/\/www.nevadaregistry.org\/es\/#\/schema\/logo\/image\/\",\"url\":\"https:\/\/www.nevadaregistry.org\/wp-content\/uploads\/2020\/10\/tnr-logo-purple-copy.jpg\",\"contentUrl\":\"https:\/\/www.nevadaregistry.org\/wp-content\/uploads\/2020\/10\/tnr-logo-purple-copy.jpg\",\"width\":\"900\",\"height\":\"562\",\"caption\":\"El Nevada Registry\"},\"image\":{\"@id\":\"https:\/\/www.nevadaregistry.org\/es\/#\/schema\/logo\/image\/\"},\"sameAs\":[\"https:\/\/www.facebook.com\/nevadaregistry\"]}]}<\/script>\n<!-- \/ Yoast SEO plugin. -->","yoast_head_json":{"title":"Plan de Desarrollo Profesional del Registro de Nevada - The Nevada Registry","description":"El aprendizaje es realmente un proceso que dura toda la vida; uno que no se limita a la infancia o al aula, sino que tiene lugar a lo largo de toda la","robots":{"index":"index","follow":"follow","max-snippet":"max-snippet:-1","max-image-preview":"max-image-preview:large","max-video-preview":"max-video-preview:-1"},"canonical":"https:\/\/www.nevadaregistry.org\/es\/recursos-de-ece\/plan-de-desarrollo-profesional\/","og_locale":"es_ES","og_type":"article","og_title":"Plan de Desarrollo Profesional del Registro de Nevada - The Nevada Registry","og_description":"El aprendizaje es realmente un proceso que dura toda la vida; uno que no se limita a la infancia o al aula, sino que tiene lugar a lo largo de toda la","og_url":"https:\/\/www.nevadaregistry.org\/es\/recursos-de-ece\/plan-de-desarrollo-profesional\/","og_site_name":"The Nevada Registry","article_publisher":"https:\/\/www.facebook.com\/nevadaregistry","article_modified_time":"2026-03-06T16:09:42+00:00","og_image":[{"width":1200,"height":630,"url":"https:\/\/www.nevadaregistry.org\/wp-content\/uploads\/2020\/10\/NevadaRegistryOGImage.jpg","type":"image\/jpeg"}],"twitter_card":"summary_large_image","twitter_misc":{"Tiempo de lectura":"2 minutos"},"schema":{"@context":"https:\/\/schema.org","@graph":[{"@type":"WebPage","@id":"https:\/\/www.nevadaregistry.org\/es\/recursos-de-ece\/plan-de-desarrollo-profesional\/","url":"https:\/\/www.nevadaregistry.org\/es\/recursos-de-ece\/plan-de-desarrollo-profesional\/","name":"Plan de Desarrollo Profesional del Registro de Nevada - The Nevada Registry","isPartOf":{"@id":"https:\/\/www.nevadaregistry.org\/es\/#website"},"datePublished":"2020-07-20T23:13:09+00:00","dateModified":"2026-03-06T16:09:42+00:00","description":"El aprendizaje es realmente un proceso que dura toda la vida; uno que no se limita a la infancia o al aula, sino que tiene lugar a lo largo de toda la","breadcrumb":{"@id":"https:\/\/www.nevadaregistry.org\/es\/recursos-de-ece\/plan-de-desarrollo-profesional\/#breadcrumb"},"inLanguage":"es","potentialAction":[{"@type":"ReadAction","target":["https:\/\/www.nevadaregistry.org\/es\/recursos-de-ece\/plan-de-desarrollo-profesional\/"]}]},{"@type":"BreadcrumbList","@id":"https:\/\/www.nevadaregistry.org\/es\/recursos-de-ece\/plan-de-desarrollo-profesional\/#breadcrumb","itemListElement":[{"@type":"ListItem","position":1,"name":"Home","item":"https:\/\/www.nevadaregistry.org\/es\/pagina-principal\/"},{"@type":"ListItem","position":2,"name":"Recursos de ECE de The Nevada Registry","item":"https:\/\/www.nevadaregistry.org\/es\/recursos-de-ece\/"},{"@type":"ListItem","position":3,"name":"Plan de Desarrollo Profesional del Registro de Nevada"}]},{"@type":"WebSite","@id":"https:\/\/www.nevadaregistry.org\/es\/#website","url":"https:\/\/www.nevadaregistry.org\/es\/","name":"The Nevada Registry","description":"Workforce data system capturing information about the Early Childhood Education and Care (ECEC) workforce in Nevada.","publisher":{"@id":"https:\/\/www.nevadaregistry.org\/es\/#organization"},"potentialAction":[{"@type":"SearchAction","target":{"@type":"EntryPoint","urlTemplate":"https:\/\/www.nevadaregistry.org\/es\/?s={search_term_string}"},"query-input":{"@type":"PropertyValueSpecification","valueRequired":true,"valueName":"search_term_string"}}],"inLanguage":"es"},{"@type":"Organization","@id":"https:\/\/www.nevadaregistry.org\/es\/#organization","name":"El Nevada Registry","url":"https:\/\/www.nevadaregistry.org\/es\/","logo":{"@type":"ImageObject","inLanguage":"es","@id":"https:\/\/www.nevadaregistry.org\/es\/#\/schema\/logo\/image\/","url":"https:\/\/www.nevadaregistry.org\/wp-content\/uploads\/2020\/10\/tnr-logo-purple-copy.jpg","contentUrl":"https:\/\/www.nevadaregistry.org\/wp-content\/uploads\/2020\/10\/tnr-logo-purple-copy.jpg","width":"900","height":"562","caption":"El Nevada Registry"},"image":{"@id":"https:\/\/www.nevadaregistry.org\/es\/#\/schema\/logo\/image\/"},"sameAs":["https:\/\/www.facebook.com\/nevadaregistry"]}]}},"_links":{"self":[{"href":"https:\/\/www.nevadaregistry.org\/es\/wp-json\/wp\/v2\/pages\/13377","targetHints":{"allow":["GET"]}}],"collection":[{"href":"https:\/\/www.nevadaregistry.org\/es\/wp-json\/wp\/v2\/pages"}],"about":[{"href":"https:\/\/www.nevadaregistry.org\/es\/wp-json\/wp\/v2\/types\/page"}],"author":[{"embeddable":true,"href":"https:\/\/www.nevadaregistry.org\/es\/wp-json\/wp\/v2\/users\/1"}],"replies":[{"embeddable":true,"href":"https:\/\/www.nevadaregistry.org\/es\/wp-json\/wp\/v2\/comments?post=13377"}],"version-history":[{"count":2,"href":"https:\/\/www.nevadaregistry.org\/es\/wp-json\/wp\/v2\/pages\/13377\/revisions"}],"predecessor-version":[{"id":18176,"href":"https:\/\/www.nevadaregistry.org\/es\/wp-json\/wp\/v2\/pages\/13377\/revisions\/18176"}],"up":[{"embeddable":true,"href":"https:\/\/www.nevadaregistry.org\/es\/wp-json\/wp\/v2\/pages\/13346"}],"wp:attachment":[{"href":"https:\/\/www.nevadaregistry.org\/es\/wp-json\/wp\/v2\/media?parent=13377"}],"curies":[{"name":"wp","href":"https:\/\/api.w.org\/{rel}","templated":true}]}}