{"id":13383,"date":"2020-07-20T16:13:10","date_gmt":"2020-07-20T23:13:10","guid":{"rendered":"https:\/\/www.nevadaregistry.org\/membresia\/escalafon-profesional-de-la-primera-infancia\/"},"modified":"2026-02-03T18:42:19","modified_gmt":"2026-02-04T01:42:19","slug":"escalafon-profesional-de-la-primera-infancia","status":"publish","type":"page","link":"https:\/\/www.nevadaregistry.org\/es\/membresia\/escalafon-profesional-de-la-primera-infancia\/","title":{"rendered":"Escalaf\u00f3n profesional de la primera infancia"},"content":{"rendered":"<div id=\"hidbg\">\n<div id=\"owrap\">\n<div id=\"wrap\">\n<div id=\"content\">\n<h2>Escalaf\u00f3n profesional de la primera infancia y la educaci\u00f3n de Nevada<\/h2>\n<p>Hist\u00f3ricamente, la primera infancia y la educaci\u00f3n (ECE) no se han considerado tan importantes como otros campos de estudio y tradicionalmente no se han considerado una profesi\u00f3n. Para empezar a profesionalizar el campo de la ECE, era necesario contar con un sistema que apoyara a la ECE como un sistema de educaci\u00f3n profesional establecido. El escalaf\u00f3n profesional es ese sistema.  <\/p>\n<p>El <a href=\"https:\/\/www.nevadaregistry.org\/wp-content\/uploads\/2020\/09\/CareerLadder.pdf\">escalaf\u00f3n profesional<\/a> es la piedra angular del sistema de reconocimiento de The Nevada Registry. A trav\u00e9s de este sistema, las personas se sit\u00faan en una trayectoria que reconoce sus logros profesionales y educativos \u00fanicos en ECE y sus a\u00f1os de experiencia trabajando con ni\u00f1os peque\u00f1os (hasta 4000 horas). A trav\u00e9s del proceso de solicitud, se establece un archivo de desarrollo profesional para cualquier persona que complete la <a href=\"https:\/\/ww2.nevadaregistry.org\/UserPortal\/newmemberrequest.aspx\">solicitud de afiliaci\u00f3n<\/a>. Dado que los profesionales de ECE trabajan en todos los niveles del escalaf\u00f3n profesional, desde el nivel inicial hasta el avanzado, el escalaf\u00f3n profesional reconoce las importantes contribuciones de toda la fuerza laboral de ECE, independientemente del puesto que ocupe una persona o de su nivel.<\/p>\n<p>El escalaf\u00f3n profesional se basa en lo que la investigaci\u00f3n nacional muestra sobre la importancia de la formaci\u00f3n especializada en ECE y la correlaci\u00f3n entre la educaci\u00f3n formal y los entornos de calidad para los ni\u00f1os. El escalaf\u00f3n considera el campo de la educaci\u00f3n de la primera infancia como un cuerpo de conocimiento distinto e independiente y un \u00e1rea de especializaci\u00f3n. <\/p>\n<h3>Niveles del escalaf\u00f3n profesional<\/h3>\n<p>El <a href=\"https:\/\/www.nevadaregistry.org\/wp-content\/uploads\/2020\/09\/CareerLadder.pdf\">escalaf\u00f3n profesional<\/a> es espec\u00edfico del campo de la ECE y consta de 7 niveles* que representan varias combinaciones de educaci\u00f3n formal, formaci\u00f3n y experiencia directa (hasta 4000 horas). Los niveles iniciales del escalaf\u00f3n son algo informales y se vuelven cada vez m\u00e1s formales, con un mayor \u00e9nfasis en la educaci\u00f3n y la formaci\u00f3n formales en ECE a medida que una persona avanza a lo largo del continuo.<\/p>\n<p>Los profesionales de la primera infancia y la educaci\u00f3n trabajan en todos los niveles del escalaf\u00f3n profesional, desde el nivel inicial hasta el avanzado. El escalaf\u00f3n profesional reconoce las importantes contribuciones de toda la fuerza laboral de ECE, independientemente del puesto que ocupe una persona o de su nivel. Los profesionales de ECE son: <strong>profesores, cuidadores, proveedores de cuidado infantil, proveedores de cuidado infantil familiar y de hogar grupal, educadores, administradores, formadores y defensores<\/strong>. En otras palabras, cualquier persona que trabaje directa o indirectamente con ni\u00f1os peque\u00f1os (de edades comprendidas entre el nacimiento y los ocho a\u00f1os) en una variedad de entornos puede formar parte de <strong><em>The Nevada Registry<\/em><\/strong>. De hecho, el escalaf\u00f3n est\u00e1 dise\u00f1ado para que cualquier persona en el campo de la ECE pueda ser colocada en \u00e9l, independientemente de si esa persona acaba de graduarse de la escuela secundaria y ha estado empleada en el campo durante seis meses o si la persona es un profesor universitario que imparte cursos de ECE. El escalaf\u00f3n est\u00e1 dise\u00f1ado para promover el respeto mutuo, la cooperaci\u00f3n y la igualdad de importancia entre todos los roles y entornos; es el nivel de educaci\u00f3n y formaci\u00f3n especializada en ECE de una persona lo que determina su ubicaci\u00f3n en el escalaf\u00f3n profesional, en lugar de su puesto de trabajo.     <\/p>\n<p><em>**Los miembros se colocan en los niveles en funci\u00f3n de la documentaci\u00f3n proporcionada a The Nevada Registry. Aunque es dif\u00edcil determinar el porcentaje real, se sabe que varios miembros han presentado solo lo necesario para cumplir con la licencia de cuidado infantil (junto con la participaci\u00f3n obligatoria), no lo que se necesita para ubicarse en el nivel acorde con sus cursos\/t\u00edtulos universitarios completados en ECE.  Como resultado, no debe asumirse que los miembros que se ubican en los niveles sin t\u00edtulo del escalaf\u00f3n no poseen educaci\u00f3n y formaci\u00f3n formales m\u00e1s all\u00e1 de un diploma de escuela secundaria o que no poseen t\u00edtulos de educaci\u00f3n superior.<\/em><\/p>\n<h3>Razones por las que el escalaf\u00f3n profesional es importante para la profesi\u00f3n de ECE<\/h3>\n<ul>\n<li>Un escalaf\u00f3n profesional especializado proporciona a los profesionales de ECE una hoja de ruta para alcanzar sus objetivos educativos y profesionales. El escalaf\u00f3n profesional apoya a los profesionales a medida que aumentan su formaci\u00f3n y educaci\u00f3n para mejorar la calidad de la atenci\u00f3n para todos los ni\u00f1os. Al proporcionar una imagen clara de d\u00f3nde se encuentran actualmente en su trayectoria profesional individualizada, sabr\u00e1n exactamente lo que se necesita para avanzar al siguiente nivel.  <\/li>\n<li>El escalaf\u00f3n incorpora ocho <a href=\"https:\/\/www.nevadaregistry.org\/es\/recursos-de-ece\/areas-de-conocimiento-fundamentales\/\">\u00e1reas de conocimiento b\u00e1sicas<\/a> que pueden ayudar a los profesionales de ECE a tomar decisiones intencionales y equilibradas sobre la formaci\u00f3n y el desarrollo profesional.<\/li>\n<li>El escalaf\u00f3n proporciona una forma formalizada de reconocer el desarrollo profesional de todos los profesionales de ECE.<\/li>\n<li>El escalaf\u00f3n ayuda a profesionalizar a\u00fan m\u00e1s el campo de la primera infancia y la educaci\u00f3n. La profesionalizaci\u00f3n requiere la participaci\u00f3n activa del campo y requiere la colaboraci\u00f3n con la familia, la comunidad, el gobierno, la fuerza laboral y los sistemas educativos. <\/li>\n<li>El escalaf\u00f3n proporciona un sistema que ayuda a nuestro estado a rastrear el nivel de educaci\u00f3n y formaci\u00f3n de nuestra fuerza laboral de cuidado infantil.<\/li>\n<li>El escalaf\u00f3n proporciona una estructura que eventualmente puede vincularse a aumentos salariales y programas de complementos salariales.<\/li>\n<li>El escalaf\u00f3n profesional tambi\u00e9n puede utilizarse como una herramienta para la contrataci\u00f3n de personal y como una raz\u00f3n para aumentar los salarios y beneficios para los profesionales de ECE en funci\u00f3n de la obtenci\u00f3n de una educaci\u00f3n superior\/niveles m\u00e1s altos del escalaf\u00f3n profesional.<\/li>\n<\/ul>\n<\/div>\n<\/div>\n<\/div>\n<\/div>\n","protected":false},"excerpt":{"rendered":"<p>Escalaf\u00f3n profesional de la primera infancia y la educaci\u00f3n de Nevada Hist\u00f3ricamente, la primera infancia y la educaci\u00f3n (ECE) no&#8230;<\/p>\n","protected":false},"author":1,"featured_media":0,"parent":13357,"menu_order":5,"comment_status":"closed","ping_status":"closed","template":"","meta":{"_acf_changed":false,"footnotes":""},"class_list":["post-13383","page","type-page","status-publish","hentry"],"acf":[],"yoast_head":"<!-- This site is optimized with the Yoast SEO plugin v27.2 - https:\/\/yoast.com\/product\/yoast-seo-wordpress\/ -->\n<title>Escalaf\u00f3n profesional de la primera infancia - The Nevada Registry<\/title>\n<meta name=\"description\" content=\"Escalaf\u00f3n profesional de la primera infancia y la educaci\u00f3n de Nevada Hist\u00f3ricamente, la primera infancia y la educaci\u00f3n (ECE) no se han considerado tan\" \/>\n<meta name=\"robots\" content=\"index, follow, max-snippet:-1, max-image-preview:large, max-video-preview:-1\" \/>\n<link rel=\"canonical\" href=\"https:\/\/www.nevadaregistry.org\/es\/membresia\/escalafon-profesional-de-la-primera-infancia\/\" \/>\n<meta property=\"og:locale\" content=\"es_ES\" \/>\n<meta property=\"og:type\" content=\"article\" \/>\n<meta property=\"og:title\" content=\"Escalaf\u00f3n profesional de la primera infancia - The Nevada Registry\" \/>\n<meta property=\"og:description\" content=\"Escalaf\u00f3n profesional de la primera infancia y la educaci\u00f3n de Nevada Hist\u00f3ricamente, la primera infancia y la educaci\u00f3n (ECE) no se han considerado tan\" \/>\n<meta property=\"og:url\" content=\"https:\/\/www.nevadaregistry.org\/es\/membresia\/escalafon-profesional-de-la-primera-infancia\/\" \/>\n<meta property=\"og:site_name\" content=\"The Nevada Registry\" \/>\n<meta property=\"article:publisher\" content=\"https:\/\/www.facebook.com\/nevadaregistry\" \/>\n<meta property=\"article:modified_time\" content=\"2026-02-04T01:42:19+00:00\" \/>\n<meta property=\"og:image\" content=\"https:\/\/www.nevadaregistry.org\/wp-content\/uploads\/2020\/10\/NevadaRegistryOGImage.jpg\" \/>\n\t<meta property=\"og:image:width\" content=\"1200\" \/>\n\t<meta property=\"og:image:height\" content=\"630\" \/>\n\t<meta property=\"og:image:type\" content=\"image\/jpeg\" \/>\n<meta name=\"twitter:card\" content=\"summary_large_image\" \/>\n<meta name=\"twitter:label1\" content=\"Tiempo de lectura\" \/>\n\t<meta name=\"twitter:data1\" content=\"5 minutos\" \/>\n<script type=\"application\/ld+json\" class=\"yoast-schema-graph\">{\"@context\":\"https:\/\/schema.org\",\"@graph\":[{\"@type\":\"WebPage\",\"@id\":\"https:\/\/www.nevadaregistry.org\/es\/membresia\/escalafon-profesional-de-la-primera-infancia\/\",\"url\":\"https:\/\/www.nevadaregistry.org\/es\/membresia\/escalafon-profesional-de-la-primera-infancia\/\",\"name\":\"Escalaf\u00f3n profesional de la primera infancia - The Nevada Registry\",\"isPartOf\":{\"@id\":\"https:\/\/www.nevadaregistry.org\/es\/#website\"},\"datePublished\":\"2020-07-20T23:13:10+00:00\",\"dateModified\":\"2026-02-04T01:42:19+00:00\",\"description\":\"Escalaf\u00f3n profesional de la primera infancia y la educaci\u00f3n de Nevada Hist\u00f3ricamente, la primera infancia y la educaci\u00f3n (ECE) no se han considerado tan\",\"breadcrumb\":{\"@id\":\"https:\/\/www.nevadaregistry.org\/es\/membresia\/escalafon-profesional-de-la-primera-infancia\/#breadcrumb\"},\"inLanguage\":\"es\",\"potentialAction\":[{\"@type\":\"ReadAction\",\"target\":[\"https:\/\/www.nevadaregistry.org\/es\/membresia\/escalafon-profesional-de-la-primera-infancia\/\"]}]},{\"@type\":\"BreadcrumbList\",\"@id\":\"https:\/\/www.nevadaregistry.org\/es\/membresia\/escalafon-profesional-de-la-primera-infancia\/#breadcrumb\",\"itemListElement\":[{\"@type\":\"ListItem\",\"position\":1,\"name\":\"Home\",\"item\":\"https:\/\/www.nevadaregistry.org\/es\/pagina-principal\/\"},{\"@type\":\"ListItem\",\"position\":2,\"name\":\"Membres\u00eda\",\"item\":\"https:\/\/www.nevadaregistry.org\/es\/membresia\/\"},{\"@type\":\"ListItem\",\"position\":3,\"name\":\"Escalaf\u00f3n profesional de la primera infancia\"}]},{\"@type\":\"WebSite\",\"@id\":\"https:\/\/www.nevadaregistry.org\/es\/#website\",\"url\":\"https:\/\/www.nevadaregistry.org\/es\/\",\"name\":\"The Nevada Registry\",\"description\":\"Workforce data system capturing information about the Early Childhood Education and Care (ECEC) workforce in Nevada.\",\"publisher\":{\"@id\":\"https:\/\/www.nevadaregistry.org\/es\/#organization\"},\"potentialAction\":[{\"@type\":\"SearchAction\",\"target\":{\"@type\":\"EntryPoint\",\"urlTemplate\":\"https:\/\/www.nevadaregistry.org\/es\/?s={search_term_string}\"},\"query-input\":{\"@type\":\"PropertyValueSpecification\",\"valueRequired\":true,\"valueName\":\"search_term_string\"}}],\"inLanguage\":\"es\"},{\"@type\":\"Organization\",\"@id\":\"https:\/\/www.nevadaregistry.org\/es\/#organization\",\"name\":\"El Nevada Registry\",\"url\":\"https:\/\/www.nevadaregistry.org\/es\/\",\"logo\":{\"@type\":\"ImageObject\",\"inLanguage\":\"es\",\"@id\":\"https:\/\/www.nevadaregistry.org\/es\/#\/schema\/logo\/image\/\",\"url\":\"https:\/\/www.nevadaregistry.org\/wp-content\/uploads\/2020\/10\/tnr-logo-purple-copy.jpg\",\"contentUrl\":\"https:\/\/www.nevadaregistry.org\/wp-content\/uploads\/2020\/10\/tnr-logo-purple-copy.jpg\",\"width\":\"900\",\"height\":\"562\",\"caption\":\"El Nevada Registry\"},\"image\":{\"@id\":\"https:\/\/www.nevadaregistry.org\/es\/#\/schema\/logo\/image\/\"},\"sameAs\":[\"https:\/\/www.facebook.com\/nevadaregistry\"]}]}<\/script>\n<!-- \/ Yoast SEO plugin. -->","yoast_head_json":{"title":"Escalaf\u00f3n profesional de la primera infancia - The Nevada Registry","description":"Escalaf\u00f3n profesional de la primera infancia y la educaci\u00f3n de Nevada Hist\u00f3ricamente, la primera infancia y la educaci\u00f3n (ECE) no se han considerado tan","robots":{"index":"index","follow":"follow","max-snippet":"max-snippet:-1","max-image-preview":"max-image-preview:large","max-video-preview":"max-video-preview:-1"},"canonical":"https:\/\/www.nevadaregistry.org\/es\/membresia\/escalafon-profesional-de-la-primera-infancia\/","og_locale":"es_ES","og_type":"article","og_title":"Escalaf\u00f3n profesional de la primera infancia - The Nevada Registry","og_description":"Escalaf\u00f3n profesional de la primera infancia y la educaci\u00f3n de Nevada Hist\u00f3ricamente, la primera infancia y la educaci\u00f3n (ECE) no se han considerado tan","og_url":"https:\/\/www.nevadaregistry.org\/es\/membresia\/escalafon-profesional-de-la-primera-infancia\/","og_site_name":"The Nevada Registry","article_publisher":"https:\/\/www.facebook.com\/nevadaregistry","article_modified_time":"2026-02-04T01:42:19+00:00","og_image":[{"width":1200,"height":630,"url":"https:\/\/www.nevadaregistry.org\/wp-content\/uploads\/2020\/10\/NevadaRegistryOGImage.jpg","type":"image\/jpeg"}],"twitter_card":"summary_large_image","twitter_misc":{"Tiempo de lectura":"5 minutos"},"schema":{"@context":"https:\/\/schema.org","@graph":[{"@type":"WebPage","@id":"https:\/\/www.nevadaregistry.org\/es\/membresia\/escalafon-profesional-de-la-primera-infancia\/","url":"https:\/\/www.nevadaregistry.org\/es\/membresia\/escalafon-profesional-de-la-primera-infancia\/","name":"Escalaf\u00f3n profesional de la primera infancia - The Nevada Registry","isPartOf":{"@id":"https:\/\/www.nevadaregistry.org\/es\/#website"},"datePublished":"2020-07-20T23:13:10+00:00","dateModified":"2026-02-04T01:42:19+00:00","description":"Escalaf\u00f3n profesional de la primera infancia y la educaci\u00f3n de Nevada Hist\u00f3ricamente, la primera infancia y la educaci\u00f3n (ECE) no se han considerado tan","breadcrumb":{"@id":"https:\/\/www.nevadaregistry.org\/es\/membresia\/escalafon-profesional-de-la-primera-infancia\/#breadcrumb"},"inLanguage":"es","potentialAction":[{"@type":"ReadAction","target":["https:\/\/www.nevadaregistry.org\/es\/membresia\/escalafon-profesional-de-la-primera-infancia\/"]}]},{"@type":"BreadcrumbList","@id":"https:\/\/www.nevadaregistry.org\/es\/membresia\/escalafon-profesional-de-la-primera-infancia\/#breadcrumb","itemListElement":[{"@type":"ListItem","position":1,"name":"Home","item":"https:\/\/www.nevadaregistry.org\/es\/pagina-principal\/"},{"@type":"ListItem","position":2,"name":"Membres\u00eda","item":"https:\/\/www.nevadaregistry.org\/es\/membresia\/"},{"@type":"ListItem","position":3,"name":"Escalaf\u00f3n profesional de la primera infancia"}]},{"@type":"WebSite","@id":"https:\/\/www.nevadaregistry.org\/es\/#website","url":"https:\/\/www.nevadaregistry.org\/es\/","name":"The Nevada Registry","description":"Workforce data system capturing information about the Early Childhood Education and Care (ECEC) workforce in Nevada.","publisher":{"@id":"https:\/\/www.nevadaregistry.org\/es\/#organization"},"potentialAction":[{"@type":"SearchAction","target":{"@type":"EntryPoint","urlTemplate":"https:\/\/www.nevadaregistry.org\/es\/?s={search_term_string}"},"query-input":{"@type":"PropertyValueSpecification","valueRequired":true,"valueName":"search_term_string"}}],"inLanguage":"es"},{"@type":"Organization","@id":"https:\/\/www.nevadaregistry.org\/es\/#organization","name":"El Nevada Registry","url":"https:\/\/www.nevadaregistry.org\/es\/","logo":{"@type":"ImageObject","inLanguage":"es","@id":"https:\/\/www.nevadaregistry.org\/es\/#\/schema\/logo\/image\/","url":"https:\/\/www.nevadaregistry.org\/wp-content\/uploads\/2020\/10\/tnr-logo-purple-copy.jpg","contentUrl":"https:\/\/www.nevadaregistry.org\/wp-content\/uploads\/2020\/10\/tnr-logo-purple-copy.jpg","width":"900","height":"562","caption":"El Nevada Registry"},"image":{"@id":"https:\/\/www.nevadaregistry.org\/es\/#\/schema\/logo\/image\/"},"sameAs":["https:\/\/www.facebook.com\/nevadaregistry"]}]}},"_links":{"self":[{"href":"https:\/\/www.nevadaregistry.org\/es\/wp-json\/wp\/v2\/pages\/13383","targetHints":{"allow":["GET"]}}],"collection":[{"href":"https:\/\/www.nevadaregistry.org\/es\/wp-json\/wp\/v2\/pages"}],"about":[{"href":"https:\/\/www.nevadaregistry.org\/es\/wp-json\/wp\/v2\/types\/page"}],"author":[{"embeddable":true,"href":"https:\/\/www.nevadaregistry.org\/es\/wp-json\/wp\/v2\/users\/1"}],"replies":[{"embeddable":true,"href":"https:\/\/www.nevadaregistry.org\/es\/wp-json\/wp\/v2\/comments?post=13383"}],"version-history":[{"count":2,"href":"https:\/\/www.nevadaregistry.org\/es\/wp-json\/wp\/v2\/pages\/13383\/revisions"}],"predecessor-version":[{"id":17904,"href":"https:\/\/www.nevadaregistry.org\/es\/wp-json\/wp\/v2\/pages\/13383\/revisions\/17904"}],"up":[{"embeddable":true,"href":"https:\/\/www.nevadaregistry.org\/es\/wp-json\/wp\/v2\/pages\/13357"}],"wp:attachment":[{"href":"https:\/\/www.nevadaregistry.org\/es\/wp-json\/wp\/v2\/media?parent=13383"}],"curies":[{"name":"wp","href":"https:\/\/api.w.org\/{rel}","templated":true}]}}