{"id":14266,"date":"2020-12-02T19:47:42","date_gmt":"2020-12-03T03:47:42","guid":{"rendered":"https:\/\/www.nevadaregistry.org\/proximamente-herramienta-de-panel-de-datos-generador-de-informes\/"},"modified":"2026-04-07T12:46:14","modified_gmt":"2026-04-07T19:46:14","slug":"proximamente-herramienta-de-panel-de-datos-generador-de-informes","status":"publish","type":"page","link":"https:\/\/www.nevadaregistry.org\/es\/proximamente-herramienta-de-panel-de-datos-generador-de-informes\/","title":{"rendered":"\u00a1Pr\u00f3ximamente! Panel de datos"},"content":{"rendered":"\t\t<div data-elementor-type=\"wp-page\" data-elementor-id=\"14266\" class=\"elementor elementor-14266 elementor-3162\" data-elementor-post-type=\"page\">\n\t\t\t\t\t\t<section class=\"elementor-section elementor-top-section elementor-element elementor-element-45ae1f9 elementor-section-boxed elementor-section-height-default elementor-section-height-default\" data-id=\"45ae1f9\" data-element_type=\"section\" data-e-type=\"section\">\n\t\t\t\t\t\t<div class=\"elementor-container elementor-column-gap-default\">\n\t\t\t\t\t<div class=\"elementor-column elementor-col-100 elementor-top-column elementor-element elementor-element-4e5d4f1\" data-id=\"4e5d4f1\" data-element_type=\"column\" data-e-type=\"column\">\n\t\t\t<div class=\"elementor-widget-wrap elementor-element-populated\">\n\t\t\t\t\t\t<div class=\"elementor-element elementor-element-3ffbea6 elementor-widget elementor-widget-kps3-simple\" data-id=\"3ffbea6\" data-element_type=\"widget\" data-e-type=\"widget\" data-widget_type=\"kps3-simple.default\">\n\t\t\t\t<div class=\"elementor-widget-container\">\n\t\t\t\t\t\n    <header  class=\"header  header--green\">\n      <div class=\"header__container container\">\n        <div class=\"header__content\">\n          <h1 class=\"header__heading\">\u00a1PR\u00d3XIMAMENTE!<\/h1>\n        <\/div>\n                <div class=\"header__image\" style=\"background-image:url('https:\/\/www.nevadaregistry.org\/wp-content\/uploads\/2020\/09\/NVR_Header_Image-4.png')\"><\/div>\n              <\/div>\n    <\/header>\n    \t\t\t\t<\/div>\n\t\t\t\t<\/div>\n\t\t\t\t<div class=\"elementor-element elementor-element-b422c76 elementor-widget elementor-widget-kps3-spacer\" data-id=\"b422c76\" data-element_type=\"widget\" data-e-type=\"widget\" data-widget_type=\"kps3-spacer.default\">\n\t\t\t\t<div class=\"elementor-widget-container\">\n\t\t\t\t\t    <div \n            class=\"spacer spacer--small spacer--white\"\n    ><\/div>\n    \t\t\t\t<\/div>\n\t\t\t\t<\/div>\n\t\t\t\t<div class=\"elementor-element elementor-element-6471205 elementor-widget elementor-widget-kps3-intro-text\" data-id=\"6471205\" data-element_type=\"widget\" data-e-type=\"widget\" data-widget_type=\"kps3-intro-text.default\">\n\t\t\t\t<div class=\"elementor-widget-container\">\n\t\t\t\t\t\n    <div  class=\"intro-text\">\n      <div class=\"intro-text__container container\">\n        <h2 class=\"intro-text__heading\" id=\"6471205\">Panel de datos<\/h2>\n                  <p class=\"intro-text__text\">\n            <p>El panel de datos de The Nevada Registry proporcionar\u00e1 informaci\u00f3n en tiempo real sobre el personal de educaci\u00f3n y cuidado de la primera infancia (ECEC) de Nevada, yendo m\u00e1s all\u00e1 de los informes est\u00e1ticos para ofrecer datos actualizados al alcance de los usuarios. Inicialmente, el panel ser\u00e1 principalmente descriptivo y ofrecer\u00e1 una visi\u00f3n clara de la composici\u00f3n del personal en las distintas funciones, entornos y regiones geogr\u00e1ficas, lo que servir\u00e1 como primer paso para que los datos del sector sean m\u00e1s accesibles y transparentes. <\/p>\n<p>Si buscas solicitar una membres\u00eda, convertirte en un formador aprobado o encontrar oportunidades de formaci\u00f3n, por favor, visita las secciones relevantes del sitio web principal de The Nevada Registry.<\/p>\n          <\/p>\n                <a \nhref=\"http:\/\/nevadaregistry.org\"\nclass=\"button intro-text__link button--purple\"\naria-labelledby=\"6471205\"\n \n\n>\nVolver a la p\u00e1gina de inicio\n<span>\n<svg class=\"svg-icon next-arrow-icon\" width=\"11\" height=\"14\" aria-hidden=\"true\">\n<use \nxlink:href=\"https:\/\/www.nevadaregistry.org\/wp-content\/themes\/kps3-tnr\/public\/assets\/images\/icons.svg?ver=1.7#icon-arrow-right\">\n<\/use>\n<\/svg>\n<\/span>\n<\/a>      <\/div>\n    <\/div>\n\n    \t\t\t\t<\/div>\n\t\t\t\t<\/div>\n\t\t\t\t\t<\/div>\n\t\t<\/div>\n\t\t\t\t\t<\/div>\n\t\t<\/section>\n\t\t\t\t<section class=\"elementor-section elementor-top-section elementor-element elementor-element-a5a58a0 elementor-section-boxed elementor-section-height-default elementor-section-height-default\" data-id=\"a5a58a0\" data-element_type=\"section\" data-e-type=\"section\">\n\t\t\t\t\t\t<div class=\"elementor-container elementor-column-gap-default\">\n\t\t\t\t\t<div class=\"elementor-column elementor-col-100 elementor-top-column elementor-element elementor-element-4c6c4bc\" data-id=\"4c6c4bc\" data-element_type=\"column\" data-e-type=\"column\">\n\t\t\t<div class=\"elementor-widget-wrap elementor-element-populated\">\n\t\t\t\t\t\t<div class=\"elementor-element elementor-element-b022721 elementor-widget elementor-widget-kps3-spacer\" data-id=\"b022721\" data-element_type=\"widget\" data-e-type=\"widget\" data-widget_type=\"kps3-spacer.default\">\n\t\t\t\t<div class=\"elementor-widget-container\">\n\t\t\t\t\t    <div \n            class=\"spacer spacer--white\"\n    ><\/div>\n    \t\t\t\t<\/div>\n\t\t\t\t<\/div>\n\t\t\t\t\t<\/div>\n\t\t<\/div>\n\t\t\t\t\t<\/div>\n\t\t<\/section>\n\t\t\t\t<\/div>\n\t\t","protected":false},"excerpt":{"rendered":"<p>\u00a1PR\u00d3XIMAMENTE! Panel de datos El panel de datos de The Nevada Registry proporcionar\u00e1 informaci\u00f3n en tiempo real sobre el personal&#8230;<\/p>\n","protected":false},"author":2,"featured_media":0,"parent":0,"menu_order":0,"comment_status":"closed","ping_status":"closed","template":"","meta":{"_acf_changed":false,"footnotes":""},"class_list":["post-14266","page","type-page","status-publish","hentry"],"acf":[],"yoast_head":"<!-- This site is optimized with the Yoast SEO plugin v27.2 - https:\/\/yoast.com\/product\/yoast-seo-wordpress\/ -->\n<title>\u00a1Pr\u00f3ximamente! Panel de datos - The Nevada Registry<\/title>\n<meta name=\"description\" content=\"\u00a1PR\u00d3XIMAMENTE! Panel de datos El panel de datos de The Nevada Registry proporcionar\u00e1 informaci\u00f3n en tiempo real sobre el personal de educaci\u00f3n y cuidado\" \/>\n<meta name=\"robots\" content=\"index, follow, max-snippet:-1, max-image-preview:large, max-video-preview:-1\" \/>\n<link rel=\"canonical\" href=\"https:\/\/www.nevadaregistry.org\/es\/proximamente-herramienta-de-panel-de-datos-generador-de-informes\/\" \/>\n<meta property=\"og:locale\" content=\"es_ES\" \/>\n<meta property=\"og:type\" content=\"article\" \/>\n<meta property=\"og:title\" content=\"\u00a1Pr\u00f3ximamente! Panel de datos - The Nevada Registry\" \/>\n<meta property=\"og:description\" content=\"\u00a1PR\u00d3XIMAMENTE! Panel de datos El panel de datos de The Nevada Registry proporcionar\u00e1 informaci\u00f3n en tiempo real sobre el personal de educaci\u00f3n y cuidado\" \/>\n<meta property=\"og:url\" content=\"https:\/\/www.nevadaregistry.org\/es\/proximamente-herramienta-de-panel-de-datos-generador-de-informes\/\" \/>\n<meta property=\"og:site_name\" content=\"The Nevada Registry\" \/>\n<meta property=\"article:publisher\" content=\"https:\/\/www.facebook.com\/nevadaregistry\" \/>\n<meta property=\"article:modified_time\" content=\"2026-04-07T19:46:14+00:00\" \/>\n<meta property=\"og:image\" content=\"https:\/\/www.nevadaregistry.org\/wp-content\/uploads\/2020\/10\/NevadaRegistryOGImage.jpg\" \/>\n\t<meta property=\"og:image:width\" content=\"1200\" \/>\n\t<meta property=\"og:image:height\" content=\"630\" \/>\n\t<meta property=\"og:image:type\" content=\"image\/jpeg\" \/>\n<meta name=\"twitter:card\" content=\"summary_large_image\" \/>\n<meta name=\"twitter:label1\" content=\"Tiempo de lectura\" \/>\n\t<meta name=\"twitter:data1\" content=\"1 minuto\" \/>\n<script type=\"application\/ld+json\" class=\"yoast-schema-graph\">{\"@context\":\"https:\/\/schema.org\",\"@graph\":[{\"@type\":\"WebPage\",\"@id\":\"https:\/\/www.nevadaregistry.org\/es\/proximamente-herramienta-de-panel-de-datos-generador-de-informes\/\",\"url\":\"https:\/\/www.nevadaregistry.org\/es\/proximamente-herramienta-de-panel-de-datos-generador-de-informes\/\",\"name\":\"\u00a1Pr\u00f3ximamente! Panel de datos - The Nevada Registry\",\"isPartOf\":{\"@id\":\"https:\/\/www.nevadaregistry.org\/es\/#website\"},\"datePublished\":\"2020-12-03T03:47:42+00:00\",\"dateModified\":\"2026-04-07T19:46:14+00:00\",\"description\":\"\u00a1PR\u00d3XIMAMENTE! Panel de datos El panel de datos de The Nevada Registry proporcionar\u00e1 informaci\u00f3n en tiempo real sobre el personal de educaci\u00f3n y cuidado\",\"breadcrumb\":{\"@id\":\"https:\/\/www.nevadaregistry.org\/es\/proximamente-herramienta-de-panel-de-datos-generador-de-informes\/#breadcrumb\"},\"inLanguage\":\"es\",\"potentialAction\":[{\"@type\":\"ReadAction\",\"target\":[\"https:\/\/www.nevadaregistry.org\/es\/proximamente-herramienta-de-panel-de-datos-generador-de-informes\/\"]}]},{\"@type\":\"BreadcrumbList\",\"@id\":\"https:\/\/www.nevadaregistry.org\/es\/proximamente-herramienta-de-panel-de-datos-generador-de-informes\/#breadcrumb\",\"itemListElement\":[{\"@type\":\"ListItem\",\"position\":1,\"name\":\"Home\",\"item\":\"https:\/\/www.nevadaregistry.org\/es\/pagina-principal\/\"},{\"@type\":\"ListItem\",\"position\":2,\"name\":\"\u00a1Pr\u00f3ximamente! Panel de datos\"}]},{\"@type\":\"WebSite\",\"@id\":\"https:\/\/www.nevadaregistry.org\/es\/#website\",\"url\":\"https:\/\/www.nevadaregistry.org\/es\/\",\"name\":\"The Nevada Registry\",\"description\":\"Workforce data system capturing information about the Early Childhood Education and Care (ECEC) workforce in Nevada.\",\"publisher\":{\"@id\":\"https:\/\/www.nevadaregistry.org\/es\/#organization\"},\"potentialAction\":[{\"@type\":\"SearchAction\",\"target\":{\"@type\":\"EntryPoint\",\"urlTemplate\":\"https:\/\/www.nevadaregistry.org\/es\/?s={search_term_string}\"},\"query-input\":{\"@type\":\"PropertyValueSpecification\",\"valueRequired\":true,\"valueName\":\"search_term_string\"}}],\"inLanguage\":\"es\"},{\"@type\":\"Organization\",\"@id\":\"https:\/\/www.nevadaregistry.org\/es\/#organization\",\"name\":\"El Nevada Registry\",\"url\":\"https:\/\/www.nevadaregistry.org\/es\/\",\"logo\":{\"@type\":\"ImageObject\",\"inLanguage\":\"es\",\"@id\":\"https:\/\/www.nevadaregistry.org\/es\/#\/schema\/logo\/image\/\",\"url\":\"https:\/\/www.nevadaregistry.org\/wp-content\/uploads\/2020\/10\/tnr-logo-purple-copy.jpg\",\"contentUrl\":\"https:\/\/www.nevadaregistry.org\/wp-content\/uploads\/2020\/10\/tnr-logo-purple-copy.jpg\",\"width\":\"900\",\"height\":\"562\",\"caption\":\"El Nevada Registry\"},\"image\":{\"@id\":\"https:\/\/www.nevadaregistry.org\/es\/#\/schema\/logo\/image\/\"},\"sameAs\":[\"https:\/\/www.facebook.com\/nevadaregistry\"]}]}<\/script>\n<!-- \/ Yoast SEO plugin. -->","yoast_head_json":{"title":"\u00a1Pr\u00f3ximamente! Panel de datos - The Nevada Registry","description":"\u00a1PR\u00d3XIMAMENTE! Panel de datos El panel de datos de The Nevada Registry proporcionar\u00e1 informaci\u00f3n en tiempo real sobre el personal de educaci\u00f3n y cuidado","robots":{"index":"index","follow":"follow","max-snippet":"max-snippet:-1","max-image-preview":"max-image-preview:large","max-video-preview":"max-video-preview:-1"},"canonical":"https:\/\/www.nevadaregistry.org\/es\/proximamente-herramienta-de-panel-de-datos-generador-de-informes\/","og_locale":"es_ES","og_type":"article","og_title":"\u00a1Pr\u00f3ximamente! Panel de datos - The Nevada Registry","og_description":"\u00a1PR\u00d3XIMAMENTE! Panel de datos El panel de datos de The Nevada Registry proporcionar\u00e1 informaci\u00f3n en tiempo real sobre el personal de educaci\u00f3n y cuidado","og_url":"https:\/\/www.nevadaregistry.org\/es\/proximamente-herramienta-de-panel-de-datos-generador-de-informes\/","og_site_name":"The Nevada Registry","article_publisher":"https:\/\/www.facebook.com\/nevadaregistry","article_modified_time":"2026-04-07T19:46:14+00:00","og_image":[{"width":1200,"height":630,"url":"https:\/\/www.nevadaregistry.org\/wp-content\/uploads\/2020\/10\/NevadaRegistryOGImage.jpg","type":"image\/jpeg"}],"twitter_card":"summary_large_image","twitter_misc":{"Tiempo de lectura":"1 minuto"},"schema":{"@context":"https:\/\/schema.org","@graph":[{"@type":"WebPage","@id":"https:\/\/www.nevadaregistry.org\/es\/proximamente-herramienta-de-panel-de-datos-generador-de-informes\/","url":"https:\/\/www.nevadaregistry.org\/es\/proximamente-herramienta-de-panel-de-datos-generador-de-informes\/","name":"\u00a1Pr\u00f3ximamente! Panel de datos - The Nevada Registry","isPartOf":{"@id":"https:\/\/www.nevadaregistry.org\/es\/#website"},"datePublished":"2020-12-03T03:47:42+00:00","dateModified":"2026-04-07T19:46:14+00:00","description":"\u00a1PR\u00d3XIMAMENTE! Panel de datos El panel de datos de The Nevada Registry proporcionar\u00e1 informaci\u00f3n en tiempo real sobre el personal de educaci\u00f3n y cuidado","breadcrumb":{"@id":"https:\/\/www.nevadaregistry.org\/es\/proximamente-herramienta-de-panel-de-datos-generador-de-informes\/#breadcrumb"},"inLanguage":"es","potentialAction":[{"@type":"ReadAction","target":["https:\/\/www.nevadaregistry.org\/es\/proximamente-herramienta-de-panel-de-datos-generador-de-informes\/"]}]},{"@type":"BreadcrumbList","@id":"https:\/\/www.nevadaregistry.org\/es\/proximamente-herramienta-de-panel-de-datos-generador-de-informes\/#breadcrumb","itemListElement":[{"@type":"ListItem","position":1,"name":"Home","item":"https:\/\/www.nevadaregistry.org\/es\/pagina-principal\/"},{"@type":"ListItem","position":2,"name":"\u00a1Pr\u00f3ximamente! Panel de datos"}]},{"@type":"WebSite","@id":"https:\/\/www.nevadaregistry.org\/es\/#website","url":"https:\/\/www.nevadaregistry.org\/es\/","name":"The Nevada Registry","description":"Workforce data system capturing information about the Early Childhood Education and Care (ECEC) workforce in Nevada.","publisher":{"@id":"https:\/\/www.nevadaregistry.org\/es\/#organization"},"potentialAction":[{"@type":"SearchAction","target":{"@type":"EntryPoint","urlTemplate":"https:\/\/www.nevadaregistry.org\/es\/?s={search_term_string}"},"query-input":{"@type":"PropertyValueSpecification","valueRequired":true,"valueName":"search_term_string"}}],"inLanguage":"es"},{"@type":"Organization","@id":"https:\/\/www.nevadaregistry.org\/es\/#organization","name":"El Nevada Registry","url":"https:\/\/www.nevadaregistry.org\/es\/","logo":{"@type":"ImageObject","inLanguage":"es","@id":"https:\/\/www.nevadaregistry.org\/es\/#\/schema\/logo\/image\/","url":"https:\/\/www.nevadaregistry.org\/wp-content\/uploads\/2020\/10\/tnr-logo-purple-copy.jpg","contentUrl":"https:\/\/www.nevadaregistry.org\/wp-content\/uploads\/2020\/10\/tnr-logo-purple-copy.jpg","width":"900","height":"562","caption":"El Nevada Registry"},"image":{"@id":"https:\/\/www.nevadaregistry.org\/es\/#\/schema\/logo\/image\/"},"sameAs":["https:\/\/www.facebook.com\/nevadaregistry"]}]}},"_links":{"self":[{"href":"https:\/\/www.nevadaregistry.org\/es\/wp-json\/wp\/v2\/pages\/14266","targetHints":{"allow":["GET"]}}],"collection":[{"href":"https:\/\/www.nevadaregistry.org\/es\/wp-json\/wp\/v2\/pages"}],"about":[{"href":"https:\/\/www.nevadaregistry.org\/es\/wp-json\/wp\/v2\/types\/page"}],"author":[{"embeddable":true,"href":"https:\/\/www.nevadaregistry.org\/es\/wp-json\/wp\/v2\/users\/2"}],"replies":[{"embeddable":true,"href":"https:\/\/www.nevadaregistry.org\/es\/wp-json\/wp\/v2\/comments?post=14266"}],"version-history":[{"count":16,"href":"https:\/\/www.nevadaregistry.org\/es\/wp-json\/wp\/v2\/pages\/14266\/revisions"}],"predecessor-version":[{"id":18391,"href":"https:\/\/www.nevadaregistry.org\/es\/wp-json\/wp\/v2\/pages\/14266\/revisions\/18391"}],"wp:attachment":[{"href":"https:\/\/www.nevadaregistry.org\/es\/wp-json\/wp\/v2\/media?parent=14266"}],"curies":[{"name":"wp","href":"https:\/\/api.w.org\/{rel}","templated":true}]}}