{"id":15876,"date":"2025-06-13T13:20:03","date_gmt":"2025-06-13T20:20:03","guid":{"rendered":"https:\/\/www.nevadaregistry.org\/para-formadores\/recursos-para-formadores\/sistema-de-aseguramiento-de-la-calidad-sac\/"},"modified":"2026-03-06T08:09:41","modified_gmt":"2026-03-06T16:09:41","slug":"sistema-de-aseguramiento-de-la-calidad-sac","status":"publish","type":"page","link":"https:\/\/www.nevadaregistry.org\/es\/para-formadores\/recursos-para-formadores\/sistema-de-aseguramiento-de-la-calidad-sac\/","title":{"rendered":"Sistema de Garant\u00eda de Calidad (QAS) de The Nevada Registry"},"content":{"rendered":"<h6><em>Revisado\/actualizado junio de 2025<\/em><\/h6>\n<p>El Sistema de Garant\u00eda de Calidad (QAS) de The Nevada Registry est\u00e1 dise\u00f1ado para documentar la credibilidad y fiabilidad del contenido y la impartici\u00f3n de la formaci\u00f3n y el desarrollo profesional* aprobados por el Registro, crear una experiencia de desarrollo profesional de alta calidad para los participantes y apoyar a los formadores aprobados por el Registro mediante oportunidades especializadas de desarrollo profesional. Esta informaci\u00f3n se prepar\u00f3 con la ayuda del <a href=\"https:\/\/www.nevadaregistry.org\/es\/para-formadores\/grupo-de-trabajo-asesor-del-sistema-de-aprobacion-de-capacitaciones-tas\/\">Grupo de Trabajo Asesor del Sistema de Aprobaci\u00f3n de Formaci\u00f3n (TAS)<\/a> para esbozar la definici\u00f3n, el prop\u00f3sito, los principios rectores y los est\u00e1ndares de calidad dentro del QAS. <\/p>\n<h6><em>* Seg\u00fan el Servicio de Bibliotecas del Sur de Ontario, la formaci\u00f3n es cualquier actividad de aprendizaje centrada en la adquisici\u00f3n de conocimientos o habilidades espec\u00edficas necesarias para un trabajo o tarea particular (por ejemplo, los requisitos de formaci\u00f3n en salud y seguridad de la Licencia de Cuidado Infantil), mientras que el desarrollo profesional es la expansi\u00f3n continua de habilidades, conocimientos y capacidades orientada al crecimiento a largo plazo y al avance profesional (por ejemplo, formaci\u00f3n en liderazgo, QRIS, etc.).<\/em><\/h6>\n<h3>Definici\u00f3n<\/h3>\n<p>The Nevada Registry ha adoptado la definici\u00f3n de Garant\u00eda de Calidad de Merriam-Webster:<br \/>\n<em><strong>Un programa para el seguimiento y la evaluaci\u00f3n sistem\u00e1ticos de los diversos aspectos de un proyecto, servicio o instalaci\u00f3n para garantizar que se cumplen los est\u00e1ndares de calidad.<\/strong><\/em><\/p>\n<h3>Prop\u00f3sito<\/h3>\n<p>El prop\u00f3sito del Sistema de Garant\u00eda de Calidad es aumentar la probabilidad de que:<\/p>\n<ol>\n<li>Se preserve la integridad de la formaci\u00f3n y el desarrollo profesional aprobados por el Registro.<\/li>\n<li>La formaci\u00f3n y el desarrollo profesional aprobados por el Registro sean impartidos por formadores cualificados en temas que sean relevantes para el trabajo de una persona con ni\u00f1os peque\u00f1os y sus familias.<\/li>\n<li>La formaci\u00f3n y el desarrollo profesional aprobados por el Registro se impartan utilizando m\u00e9todos basados en los principios fundamentales del aprendizaje de adultos y pr\u00e1cticas docentes eficaces.<\/li>\n<li>El contenido de la formaci\u00f3n y el desarrollo profesional aprobados por el Registro incorpore los conocimientos y las investigaciones actuales.<\/li>\n<li>Se mantenga un proceso de evaluaci\u00f3n de los formadores que identifique los puntos fuertes y las \u00e1reas que necesitan mejorar.<\/li>\n<li>El apoyo y la formaci\u00f3n para el desarrollo profesional est\u00e9n disponibles seg\u00fan sea necesario para ayudar a los formadores aprobados por el Registro a consolidar y mejorar su pr\u00e1ctica.<\/li>\n<\/ol>\n<h3>Principios rectores<\/h3>\n<p>Dos principios rectores principales sirven de base para el desarrollo del Sistema de Garant\u00eda de Calidad de The Nevada Registry:<\/p>\n<ol>\n<li>El nivel de educaci\u00f3n de un formador, su experiencia directa en el aula de educaci\u00f3n infantil y su conocimiento de los principios del aprendizaje de adultos est\u00e1n directamente relacionados con la calidad del desarrollo profesional impartido a los alumnos adultos.<\/li>\n<li>Los profesionales de la educaci\u00f3n infantil que reciben un desarrollo profesional continuo y acumulativo de alta calidad, basado en pr\u00e1cticas adecuadas para el desarrollo, tienen m\u00e1s probabilidades de proporcionar una atenci\u00f3n y educaci\u00f3n de mayor calidad que conduzca a mejores resultados para los ni\u00f1os.<\/li>\n<\/ol>\n<h3>Est\u00e1ndares de calidad<\/h3>\n<p>Los est\u00e1ndares de calidad se mencionan en la definici\u00f3n de Garant\u00eda de Calidad que aparece al principio de esta p\u00e1gina. Los est\u00e1ndares de calidad ayudan a detallar las directrices y caracter\u00edsticas de lo que se ha identificado como indicadores de alta calidad en la impartici\u00f3n del desarrollo profesional. Estos est\u00e1ndares proporcionan una base para el entendimiento mutuo sobre las expectativas de impartir un desarrollo profesional aprobado por el Registro y pueden utilizarse como herramientas para facilitar la comunicaci\u00f3n con los asistentes y los formadores aprobados, as\u00ed como para ayudar a The Nevada Registry a medir el grado de calidad de lo que se ha impartido. Los est\u00e1ndares de calidad se han definido en tres \u00e1reas distintas dentro del sistema de garant\u00eda de calidad: Contenido, Eficacia del formador y Experiencia del participante.   <\/p>\n<h4><strong>Contenido<\/strong><\/h4>\n<p>El contenido de la formaci\u00f3n y el desarrollo profesional aprobados por el Registro debe incorporar los conocimientos y las investigaciones actuales, estar alineado con los est\u00e1ndares de educaci\u00f3n infantil locales, estatales y nacionales, revisarse\/actualizarse peri\u00f3dicamente y ayudar a los profesionales a mejorar su pr\u00e1ctica con los ni\u00f1os peque\u00f1os y sus familias.<\/p>\n<h4><strong>Eficacia del formador<\/strong><\/h4>\n<p>Los formadores aprobados por el Registro deben tener formaci\u00f3n, experiencia y conocimientos espec\u00edficos en los temas de formaci\u00f3n, impartir la formaci\u00f3n y el desarrollo profesional de manera profesional bas\u00e1ndose en los principios fundamentales del aprendizaje de adultos, mantenerse al d\u00eda en su pr\u00e1ctica mediante la educaci\u00f3n continua y recopilar las opiniones de los participantes como forma de mejorar continuamente su pr\u00e1ctica de impartici\u00f3n de formaci\u00f3n y desarrollo profesional.<\/p>\n<h4><strong>Experiencia del participante<\/strong><\/h4>\n<p>Los participantes que completen la formaci\u00f3n y el desarrollo profesional aprobados por el Registro deben recibir informaci\u00f3n para mejorar sus conocimientos sobre la educaci\u00f3n infantil y las mejores pr\u00e1cticas que son vitales para ofrecer una atenci\u00f3n y educaci\u00f3n de alta calidad a los ni\u00f1os y las familias a los que atienden.<\/p>\n<p><em>Este documento puede ser objeto de revisiones y modificaciones peri\u00f3dicas.<\/em><\/p>\n","protected":false},"excerpt":{"rendered":"<p>Revisado\/actualizado junio de 2025 El Sistema de Garant\u00eda de Calidad (QAS) de The Nevada Registry est\u00e1 dise\u00f1ado para documentar la&#8230;<\/p>\n","protected":false},"author":2,"featured_media":0,"parent":13354,"menu_order":0,"comment_status":"closed","ping_status":"closed","template":"","meta":{"_acf_changed":false,"footnotes":""},"class_list":["post-15876","page","type-page","status-publish","hentry"],"acf":[],"yoast_head":"<!-- This site is optimized with the Yoast SEO plugin v27.2 - https:\/\/yoast.com\/product\/yoast-seo-wordpress\/ -->\n<title>Sistema de Garant\u00eda de Calidad (QAS) de The Nevada Registry - The Nevada Registry<\/title>\n<meta name=\"description\" content=\"Revisado\/actualizado junio de 2025 El Sistema de Garant\u00eda de Calidad (QAS) de The Nevada Registry est\u00e1 dise\u00f1ado para documentar la credibilidad y\" \/>\n<meta name=\"robots\" content=\"index, follow, max-snippet:-1, max-image-preview:large, max-video-preview:-1\" \/>\n<link rel=\"canonical\" href=\"https:\/\/www.nevadaregistry.org\/es\/para-formadores\/recursos-para-formadores\/sistema-de-aseguramiento-de-la-calidad-sac\/\" \/>\n<meta property=\"og:locale\" content=\"es_ES\" \/>\n<meta property=\"og:type\" content=\"article\" \/>\n<meta property=\"og:title\" content=\"Sistema de Garant\u00eda de Calidad (QAS) de The Nevada Registry - The Nevada Registry\" \/>\n<meta property=\"og:description\" content=\"Revisado\/actualizado junio de 2025 El Sistema de Garant\u00eda de Calidad (QAS) de The Nevada Registry est\u00e1 dise\u00f1ado para documentar la credibilidad y\" \/>\n<meta property=\"og:url\" content=\"https:\/\/www.nevadaregistry.org\/es\/para-formadores\/recursos-para-formadores\/sistema-de-aseguramiento-de-la-calidad-sac\/\" \/>\n<meta property=\"og:site_name\" content=\"The Nevada Registry\" \/>\n<meta property=\"article:publisher\" content=\"https:\/\/www.facebook.com\/nevadaregistry\" \/>\n<meta property=\"article:modified_time\" content=\"2026-03-06T16:09:41+00:00\" \/>\n<meta property=\"og:image\" content=\"https:\/\/www.nevadaregistry.org\/wp-content\/uploads\/2020\/10\/NevadaRegistryOGImage.jpg\" \/>\n\t<meta property=\"og:image:width\" content=\"1200\" \/>\n\t<meta property=\"og:image:height\" content=\"630\" \/>\n\t<meta property=\"og:image:type\" content=\"image\/jpeg\" \/>\n<meta name=\"twitter:card\" content=\"summary_large_image\" \/>\n<meta name=\"twitter:label1\" content=\"Tiempo de lectura\" \/>\n\t<meta name=\"twitter:data1\" content=\"4 minutos\" \/>\n<script type=\"application\/ld+json\" class=\"yoast-schema-graph\">{\"@context\":\"https:\/\/schema.org\",\"@graph\":[{\"@type\":\"WebPage\",\"@id\":\"https:\/\/www.nevadaregistry.org\/es\/para-formadores\/recursos-para-formadores\/sistema-de-aseguramiento-de-la-calidad-sac\/\",\"url\":\"https:\/\/www.nevadaregistry.org\/es\/para-formadores\/recursos-para-formadores\/sistema-de-aseguramiento-de-la-calidad-sac\/\",\"name\":\"Sistema de Garant\u00eda de Calidad (QAS) de The Nevada Registry - The Nevada Registry\",\"isPartOf\":{\"@id\":\"https:\/\/www.nevadaregistry.org\/es\/#website\"},\"datePublished\":\"2025-06-13T20:20:03+00:00\",\"dateModified\":\"2026-03-06T16:09:41+00:00\",\"description\":\"Revisado\/actualizado junio de 2025 El Sistema de Garant\u00eda de Calidad (QAS) de The Nevada Registry est\u00e1 dise\u00f1ado para documentar la credibilidad y\",\"breadcrumb\":{\"@id\":\"https:\/\/www.nevadaregistry.org\/es\/para-formadores\/recursos-para-formadores\/sistema-de-aseguramiento-de-la-calidad-sac\/#breadcrumb\"},\"inLanguage\":\"es\",\"potentialAction\":[{\"@type\":\"ReadAction\",\"target\":[\"https:\/\/www.nevadaregistry.org\/es\/para-formadores\/recursos-para-formadores\/sistema-de-aseguramiento-de-la-calidad-sac\/\"]}]},{\"@type\":\"BreadcrumbList\",\"@id\":\"https:\/\/www.nevadaregistry.org\/es\/para-formadores\/recursos-para-formadores\/sistema-de-aseguramiento-de-la-calidad-sac\/#breadcrumb\",\"itemListElement\":[{\"@type\":\"ListItem\",\"position\":1,\"name\":\"Home\",\"item\":\"https:\/\/www.nevadaregistry.org\/es\/pagina-principal\/\"},{\"@type\":\"ListItem\",\"position\":2,\"name\":\"Informaci\u00f3n de The Nevada Registry para formadores\",\"item\":\"https:\/\/www.nevadaregistry.org\/es\/para-formadores\/\"},{\"@type\":\"ListItem\",\"position\":3,\"name\":\"Recursos para formadores\",\"item\":\"https:\/\/www.nevadaregistry.org\/es\/para-formadores\/recursos-para-formadores\/\"},{\"@type\":\"ListItem\",\"position\":4,\"name\":\"Sistema de Garant\u00eda de Calidad (QAS) de The Nevada Registry\"}]},{\"@type\":\"WebSite\",\"@id\":\"https:\/\/www.nevadaregistry.org\/es\/#website\",\"url\":\"https:\/\/www.nevadaregistry.org\/es\/\",\"name\":\"The Nevada Registry\",\"description\":\"Workforce data system capturing information about the Early Childhood Education and Care (ECEC) workforce in Nevada.\",\"publisher\":{\"@id\":\"https:\/\/www.nevadaregistry.org\/es\/#organization\"},\"potentialAction\":[{\"@type\":\"SearchAction\",\"target\":{\"@type\":\"EntryPoint\",\"urlTemplate\":\"https:\/\/www.nevadaregistry.org\/es\/?s={search_term_string}\"},\"query-input\":{\"@type\":\"PropertyValueSpecification\",\"valueRequired\":true,\"valueName\":\"search_term_string\"}}],\"inLanguage\":\"es\"},{\"@type\":\"Organization\",\"@id\":\"https:\/\/www.nevadaregistry.org\/es\/#organization\",\"name\":\"El Nevada Registry\",\"url\":\"https:\/\/www.nevadaregistry.org\/es\/\",\"logo\":{\"@type\":\"ImageObject\",\"inLanguage\":\"es\",\"@id\":\"https:\/\/www.nevadaregistry.org\/es\/#\/schema\/logo\/image\/\",\"url\":\"https:\/\/www.nevadaregistry.org\/wp-content\/uploads\/2020\/10\/tnr-logo-purple-copy.jpg\",\"contentUrl\":\"https:\/\/www.nevadaregistry.org\/wp-content\/uploads\/2020\/10\/tnr-logo-purple-copy.jpg\",\"width\":\"900\",\"height\":\"562\",\"caption\":\"El Nevada Registry\"},\"image\":{\"@id\":\"https:\/\/www.nevadaregistry.org\/es\/#\/schema\/logo\/image\/\"},\"sameAs\":[\"https:\/\/www.facebook.com\/nevadaregistry\"]}]}<\/script>\n<!-- \/ Yoast SEO plugin. -->","yoast_head_json":{"title":"Sistema de Garant\u00eda de Calidad (QAS) de The Nevada Registry - The Nevada Registry","description":"Revisado\/actualizado junio de 2025 El Sistema de Garant\u00eda de Calidad (QAS) de The Nevada Registry est\u00e1 dise\u00f1ado para documentar la credibilidad y","robots":{"index":"index","follow":"follow","max-snippet":"max-snippet:-1","max-image-preview":"max-image-preview:large","max-video-preview":"max-video-preview:-1"},"canonical":"https:\/\/www.nevadaregistry.org\/es\/para-formadores\/recursos-para-formadores\/sistema-de-aseguramiento-de-la-calidad-sac\/","og_locale":"es_ES","og_type":"article","og_title":"Sistema de Garant\u00eda de Calidad (QAS) de The Nevada Registry - The Nevada Registry","og_description":"Revisado\/actualizado junio de 2025 El Sistema de Garant\u00eda de Calidad (QAS) de The Nevada Registry est\u00e1 dise\u00f1ado para documentar la credibilidad y","og_url":"https:\/\/www.nevadaregistry.org\/es\/para-formadores\/recursos-para-formadores\/sistema-de-aseguramiento-de-la-calidad-sac\/","og_site_name":"The Nevada Registry","article_publisher":"https:\/\/www.facebook.com\/nevadaregistry","article_modified_time":"2026-03-06T16:09:41+00:00","og_image":[{"width":1200,"height":630,"url":"https:\/\/www.nevadaregistry.org\/wp-content\/uploads\/2020\/10\/NevadaRegistryOGImage.jpg","type":"image\/jpeg"}],"twitter_card":"summary_large_image","twitter_misc":{"Tiempo de lectura":"4 minutos"},"schema":{"@context":"https:\/\/schema.org","@graph":[{"@type":"WebPage","@id":"https:\/\/www.nevadaregistry.org\/es\/para-formadores\/recursos-para-formadores\/sistema-de-aseguramiento-de-la-calidad-sac\/","url":"https:\/\/www.nevadaregistry.org\/es\/para-formadores\/recursos-para-formadores\/sistema-de-aseguramiento-de-la-calidad-sac\/","name":"Sistema de Garant\u00eda de Calidad (QAS) de The Nevada Registry - The Nevada Registry","isPartOf":{"@id":"https:\/\/www.nevadaregistry.org\/es\/#website"},"datePublished":"2025-06-13T20:20:03+00:00","dateModified":"2026-03-06T16:09:41+00:00","description":"Revisado\/actualizado junio de 2025 El Sistema de Garant\u00eda de Calidad (QAS) de The Nevada Registry est\u00e1 dise\u00f1ado para documentar la credibilidad y","breadcrumb":{"@id":"https:\/\/www.nevadaregistry.org\/es\/para-formadores\/recursos-para-formadores\/sistema-de-aseguramiento-de-la-calidad-sac\/#breadcrumb"},"inLanguage":"es","potentialAction":[{"@type":"ReadAction","target":["https:\/\/www.nevadaregistry.org\/es\/para-formadores\/recursos-para-formadores\/sistema-de-aseguramiento-de-la-calidad-sac\/"]}]},{"@type":"BreadcrumbList","@id":"https:\/\/www.nevadaregistry.org\/es\/para-formadores\/recursos-para-formadores\/sistema-de-aseguramiento-de-la-calidad-sac\/#breadcrumb","itemListElement":[{"@type":"ListItem","position":1,"name":"Home","item":"https:\/\/www.nevadaregistry.org\/es\/pagina-principal\/"},{"@type":"ListItem","position":2,"name":"Informaci\u00f3n de The Nevada Registry para formadores","item":"https:\/\/www.nevadaregistry.org\/es\/para-formadores\/"},{"@type":"ListItem","position":3,"name":"Recursos para formadores","item":"https:\/\/www.nevadaregistry.org\/es\/para-formadores\/recursos-para-formadores\/"},{"@type":"ListItem","position":4,"name":"Sistema de Garant\u00eda de Calidad (QAS) de The Nevada Registry"}]},{"@type":"WebSite","@id":"https:\/\/www.nevadaregistry.org\/es\/#website","url":"https:\/\/www.nevadaregistry.org\/es\/","name":"The Nevada Registry","description":"Workforce data system capturing information about the Early Childhood Education and Care (ECEC) workforce in Nevada.","publisher":{"@id":"https:\/\/www.nevadaregistry.org\/es\/#organization"},"potentialAction":[{"@type":"SearchAction","target":{"@type":"EntryPoint","urlTemplate":"https:\/\/www.nevadaregistry.org\/es\/?s={search_term_string}"},"query-input":{"@type":"PropertyValueSpecification","valueRequired":true,"valueName":"search_term_string"}}],"inLanguage":"es"},{"@type":"Organization","@id":"https:\/\/www.nevadaregistry.org\/es\/#organization","name":"El Nevada Registry","url":"https:\/\/www.nevadaregistry.org\/es\/","logo":{"@type":"ImageObject","inLanguage":"es","@id":"https:\/\/www.nevadaregistry.org\/es\/#\/schema\/logo\/image\/","url":"https:\/\/www.nevadaregistry.org\/wp-content\/uploads\/2020\/10\/tnr-logo-purple-copy.jpg","contentUrl":"https:\/\/www.nevadaregistry.org\/wp-content\/uploads\/2020\/10\/tnr-logo-purple-copy.jpg","width":"900","height":"562","caption":"El Nevada Registry"},"image":{"@id":"https:\/\/www.nevadaregistry.org\/es\/#\/schema\/logo\/image\/"},"sameAs":["https:\/\/www.facebook.com\/nevadaregistry"]}]}},"_links":{"self":[{"href":"https:\/\/www.nevadaregistry.org\/es\/wp-json\/wp\/v2\/pages\/15876","targetHints":{"allow":["GET"]}}],"collection":[{"href":"https:\/\/www.nevadaregistry.org\/es\/wp-json\/wp\/v2\/pages"}],"about":[{"href":"https:\/\/www.nevadaregistry.org\/es\/wp-json\/wp\/v2\/types\/page"}],"author":[{"embeddable":true,"href":"https:\/\/www.nevadaregistry.org\/es\/wp-json\/wp\/v2\/users\/2"}],"replies":[{"embeddable":true,"href":"https:\/\/www.nevadaregistry.org\/es\/wp-json\/wp\/v2\/comments?post=15876"}],"version-history":[{"count":4,"href":"https:\/\/www.nevadaregistry.org\/es\/wp-json\/wp\/v2\/pages\/15876\/revisions"}],"predecessor-version":[{"id":18175,"href":"https:\/\/www.nevadaregistry.org\/es\/wp-json\/wp\/v2\/pages\/15876\/revisions\/18175"}],"up":[{"embeddable":true,"href":"https:\/\/www.nevadaregistry.org\/es\/wp-json\/wp\/v2\/pages\/13354"}],"wp:attachment":[{"href":"https:\/\/www.nevadaregistry.org\/es\/wp-json\/wp\/v2\/media?parent=15876"}],"curies":[{"name":"wp","href":"https:\/\/api.w.org\/{rel}","templated":true}]}}