{"id":15891,"date":"2025-06-13T13:52:14","date_gmt":"2025-06-13T20:52:14","guid":{"rendered":"https:\/\/www.nevadaregistry.org\/para-formadores\/recursos-para-formadores\/requisitos-de-renovacion-para-instructores\/"},"modified":"2026-03-06T08:53:38","modified_gmt":"2026-03-06T16:53:38","slug":"requisitos-de-renovacion-para-instructores","status":"publish","type":"page","link":"https:\/\/www.nevadaregistry.org\/es\/para-formadores\/recursos-para-formadores\/requisitos-de-renovacion-para-instructores\/","title":{"rendered":"Requisitos de renovaci\u00f3n de formadores de The Nevada Registry"},"content":{"rendered":"<h6><em>Revisado\/actualizado junio de 2025<\/em><\/h6>\n<p>Los formadores de las categor\u00edas Generalista, Fuera del estado y Formador corporativo*+ deben renovar su condici\u00f3n de formador anualmente para poder seguir impartiendo sesiones de formaci\u00f3n aprobadas por el Registry durante el siguiente periodo de cualificaci\u00f3n de doce meses. Esta p\u00e1gina describe los criterios de renovaci\u00f3n en dos \u00e1reas espec\u00edficas: la impartici\u00f3n de formaci\u00f3n y la realizaci\u00f3n de formaci\u00f3n continua. <\/p>\n<h3>Per\u00edodo de cualificaci\u00f3n<\/h3>\n<p>La condici\u00f3n de aprobaci\u00f3n de un formador es v\u00e1lida durante un periodo de doce meses a partir de la fecha en que se aprueba su solicitud de renovaci\u00f3n. Este pasa a ser su \u201cperiodo de cualificaci\u00f3n\u201d \u00fanico, y el \u00faltimo d\u00eda del periodo de doce meses se convierte en su fecha de caducidad como formador. Por ejemplo, si la solicitud de renovaci\u00f3n de la persona se aprueba el 6 de marzo de 2025, su fecha de caducidad como formador ser\u00e1 doce meses despu\u00e9s, por lo que su periodo de cualificaci\u00f3n ser\u00e1 del 6 de marzo de 2025 al 6 de marzo de 2026, y su fecha de caducidad como formador ser\u00e1 el 6 de marzo de 2026.  <\/p>\n<h3>Requisitos anuales de renovaci\u00f3n de formadores<\/h3>\n<p>Para renovar, las personas deben completar una solicitud de renovaci\u00f3n de formador, aceptar los t\u00e9rminos y condiciones establecidos en el <a href=\"https:\/\/www.nevadaregistry.org\/for-trainers\/trainer-resources\/trainer-agreement\/\">Acuerdo de formador<\/a> y cumplir requisitos espec\u00edficos relacionados con la impartici\u00f3n de formaci\u00f3n y la formaci\u00f3n continua**.<\/p>\n<h4>Requisito 1: Impartici\u00f3n de formaci\u00f3n<\/h4>\n<p>Cada formador debe impartir un m\u00ednimo de cuatro (4) sesiones de formaci\u00f3n aprobadas por el Registry dentro de cada periodo de cualificaci\u00f3n.<\/p>\n<p><em><strong>Finalidad<br \/>\n<\/strong><\/em>La finalidad de este requisito es:<\/p>\n<ul>\n<li>Apoyar el crecimiento profesional de los formadores exigiendo una participaci\u00f3n activa en la comunidad de Educaci\u00f3n y Atenci\u00f3n a la Primera Infancia (ECE), lo que les permite practicar y seguir desarrollando sus habilidades como educadores de adultos;<\/li>\n<li>Aumentar la rendici\u00f3n de cuentas entre los formadores al impartir formaci\u00f3n a profesionales fuera de su zona de confort; y<\/li>\n<li>Aumentar la accesibilidad de la formaci\u00f3n garantizando un n\u00famero m\u00ednimo de sesiones de formaci\u00f3n aprobadas por el Registry en todo el estado, a lo largo del a\u00f1o.<\/li>\n<\/ul>\n<p><em><strong>Directrices<br \/>\n<\/strong><\/em>Aunque se recomienda para ayudar a aumentar las oportunidades de desarrollo profesional dentro de la comunidad ECE, no es obligatorio que las sesiones de formaci\u00f3n est\u00e9n abiertas al p\u00fablico.<\/p>\n<h4>Requisito 2: Formaci\u00f3n continua<\/h4>\n<p>Cada formador debe completar quince (15) horas de formaci\u00f3n continua\/desarrollo profesional y\/o cursos universitarios relacionados con sus temas de formaci\u00f3n\/\u00e1reas de especializaci\u00f3n aprobados dentro de cada periodo de cualificaci\u00f3n.<\/p>\n<p><em><strong>Definici\u00f3n<\/strong><\/em><br \/>\nLa formaci\u00f3n continua es un t\u00e9rmino general que describe actividades adicionales de aprendizaje formal que, por lo general, se refieren al proceso de actualizar conocimientos, habilidades y pr\u00e1cticas actuales mediante programas formativos que ponen al d\u00eda a los participantes en un \u00e1rea concreta de conocimiento o habilidades. La formaci\u00f3n continua tambi\u00e9n est\u00e1 dise\u00f1ada para ayudar a las personas a adquirir nuevos conocimientos que respalden y mejoren su pr\u00e1ctica de impartici\u00f3n de formaci\u00f3n. <\/p>\n<p><em><strong>Finalidad<\/strong><\/em><br \/>\nEn consonancia con los <a href=\"https:\/\/www.nevadaregistry.org\/wp-content\/uploads\/2025\/06\/NAEYC2009ProfessionalPrepstdsRevised-4_12.pdf\">Est\u00e1ndares NAEYC para la preparaci\u00f3n profesional en la primera infancia<\/a>, la finalidad de este requisito es:<\/p>\n<ol>\n<li>Apoyar el crecimiento profesional de los formadores mediante la realizaci\u00f3n de formaci\u00f3n continua. (Se alinea con el Est\u00e1ndar NAEYC 6a: Identificar e implicarse con el \u00e1mbito de la primera infancia). <\/li>\n<li>Garantizar que los formadores sigan fortaleciendo su pr\u00e1ctica a lo largo de su carrera actualizando sus conocimientos de forma continua. (Se alinea con el Est\u00e1ndar NAEYC 6c: Participar en un aprendizaje continuo y colaborativo para fundamentar la pr\u00e1ctica; utilizar la tecnolog\u00eda de forma eficaz con ni\u00f1os peque\u00f1os, con compa\u00f1eros y como recurso profesional). <\/li>\n<li>Animar a los formadores a participar en un aprendizaje profesional continuo y a aplicar ese aprendizaje para mejorar los resultados de los ni\u00f1os y de los adultos que los ense\u00f1an y cuidan. (Se alinea con el Est\u00e1ndar NAEYC 6c: Participar en un aprendizaje continuo y colaborativo para fundamentar la pr\u00e1ctica; utilizar la tecnolog\u00eda de forma eficaz con ni\u00f1os peque\u00f1os, con compa\u00f1eros y como recurso profesional; y el Est\u00e1ndar NAEYC 6d: Integrar perspectivas informadas, reflexivas y cr\u00edticas sobre la educaci\u00f3n temprana). <\/li>\n<li>Animar a los formadores a ampliar sus conocimientos y habilidades para implementar las mejores pr\u00e1cticas educativas y de impartici\u00f3n de formaci\u00f3n. (Se alinea con el Est\u00e1ndar NAEYC 6d: Integrar perspectivas informadas, reflexivas y cr\u00edticas sobre la educaci\u00f3n temprana). <\/li>\n<\/ol>\n<p><em><strong>Directrices<\/strong><\/em><\/p>\n<ul>\n<li>Las horas de formaci\u00f3n continua deben completarse antes de la fecha de caducidad \u00fanica del formador y subirse a trav\u00e9s de la pesta\u00f1a \u201cEstado de elegibilidad para la renovaci\u00f3n de formador\u201d de su cuenta de formador para su revisi\u00f3n por parte de The Nevada Registry.<\/li>\n<li>Las horas de formaci\u00f3n continua deben estar relacionadas con los temas de formaci\u00f3n\/\u00e1reas de especializaci\u00f3n aprobados del formador. Los formadores de ECE deben completar formaci\u00f3n relevante para contenidos relacionados con la primera infancia (desde el nacimiento hasta los ocho a\u00f1os). Los formadores por tema deben completar formaci\u00f3n espec\u00edfica del\/de los tema(s) para los que est\u00e1n aprobados por The Nevada Registry para impartirla. La documentaci\u00f3n de formaci\u00f3n subida que no incluya una fecha de finalizaci\u00f3n, el n\u00famero de horas obtenidas, que no est\u00e9 relacionada con el tipo de formador de la persona y\/o que se haya completado fuera del periodo de cualificaci\u00f3n actual del formador no se aceptar\u00e1 ni se aplicar\u00e1 al total de horas completadas.   <\/li>\n<li>Las horas requeridas para mantener la licencia profesional pueden utilizarse para satisfacer el requisito de educaci\u00f3n continua cuando est\u00e1n alineadas con los temas aprobados.<\/li>\n<li>Las horas realizadas para cumplir los requisitos de formaci\u00f3n continua para la renovaci\u00f3n de formador con The Nevada Registry pueden aplicarse a los requisitos anuales de formaci\u00f3n de Child Care Licensing (si procede) cuando esas horas est\u00e9n aprobadas por el Registry. Las horas realizadas por encima de las 15 horas requeridas no se trasladar\u00e1n al siguiente periodo de cualificaci\u00f3n. <\/li>\n<\/ul>\n<h3>Elegibilidad para la renovaci\u00f3n de formador<\/h3>\n<p>Los formadores de las categor\u00edas Generalista, Fuera del estado y Formador corporativo que hayan cumplido \u00edntegramente los requisitos de renovaci\u00f3n de formador <strong>antes de su fecha de caducidad \u00fanica como formador<\/strong> pueden iniciar el proceso de renovaci\u00f3n para el siguiente periodo de cualificaci\u00f3n el d\u00eda siguiente al final de su periodo de cualificaci\u00f3n actual (o cualquier d\u00eda posterior). Los formadores que cumplan \u00edntegramente los requisitos de renovaci\u00f3n con antelaci\u00f3n podr\u00e1n renovar su condici\u00f3n de aprobaci\u00f3n como formador hasta 45 d\u00edas antes de su fecha de caducidad. <strong>En cualquiera de los casos, la solicitud de renovaci\u00f3n estar\u00e1 disponible en el <a href=\"https:\/\/ww2.nevadaregistry.org\/UserPortal\/NRUsers.aspx\">Portal en l\u00ednea<\/a> del formador cuando, y solo si, sea elegible para renovar.<\/strong> <\/p>\n<p>Los instructores que <strong>NO<\/strong> cumplan completamente con los requisitos anuales de renovaci\u00f3n de instructor para su fecha \u00fanica de vencimiento como instructor no ser\u00e1n elegibles para renovar su estatus de aprobaci\u00f3n como instructor por un per\u00edodo de un a\u00f1o***. Los instructores que no cumplan con los requisitos por segunda vez no ser\u00e1n elegibles para restablecer su estatus de aprobaci\u00f3n como instructor. <\/p>\n<h3>Periodo de solicitud de renovaci\u00f3n de formador<\/h3>\n<p>Las solicitudes de renovaci\u00f3n de formador se aceptan durante todo el a\u00f1o (de acuerdo con la fecha de caducidad \u00fanica de cada formador).<\/p>\n<h6>______________________________________________________________________________________________________________<\/h6>\n<h6><em>*Las personas de las categor\u00edas Conferencia, Patrocinado, Representante de la organizaci\u00f3n y Cumplimiento no est\u00e1n obligadas a cumplir los requisitos anuales de renovaci\u00f3n.<\/em><\/h6>\n<h6><em>+Para obtener m\u00e1s informaci\u00f3n sobre las categor\u00edas de formadores, consulta las p\u00e1ginas de recursos sobre criterios de formadores que se encuentran en la p\u00e1gina \u201c<a href=\"https:\/\/www.nevadaregistry.org\/es\/para-formadores\/recursos-para-formadores\/\">Recursos para formadores<\/a>\u201d.  <\/em><\/h6>\n<h6><em>**The Nevada Registry y un Comit\u00e9 Ad Hoc del antiguo Grupo de trabajo asesor del Sistema de Aprobaci\u00f3n de Formaci\u00f3n (TAS) pueden a\u00f1adir requisitos anuales adicionales de renovaci\u00f3n a su discreci\u00f3n. Los formadores deben cumplir todos los criterios de renovaci\u00f3n vigentes en el momento de la renovaci\u00f3n. <\/em><\/h6>\n<h6><em>***los instructores que no cumplan con los requisitos anuales de renovaci\u00f3n de instructor para su fecha \u00fanica de vencimiento como instructor tienen la opci\u00f3n de pagar una tarifa de restablecimiento de $250 para renunciar al per\u00edodo de espera de doce meses.<\/em><\/h6>\n<h6><em>i The American Heritage Dictionary of the English Language.<\/em>  Houghton Mifflin, 2016.<\/h6>\n<p><em>Este documento puede ser objeto de revisiones y modificaciones peri\u00f3dicas.<\/em><\/p>\n","protected":false},"excerpt":{"rendered":"<p>Revisado\/actualizado junio de 2025 Los formadores de las categor\u00edas Generalista, Fuera del estado y Formador corporativo*+ deben renovar su condici\u00f3n&#8230;<\/p>\n","protected":false},"author":2,"featured_media":0,"parent":13354,"menu_order":0,"comment_status":"closed","ping_status":"closed","template":"","meta":{"_acf_changed":false,"footnotes":""},"class_list":["post-15891","page","type-page","status-publish","hentry"],"acf":[],"yoast_head":"<!-- This site is optimized with the Yoast SEO plugin v27.2 - https:\/\/yoast.com\/product\/yoast-seo-wordpress\/ -->\n<title>Requisitos de renovaci\u00f3n de formadores de The Nevada Registry - The Nevada Registry<\/title>\n<meta name=\"description\" content=\"Revisado\/actualizado junio de 2025 Los formadores de las categor\u00edas Generalista, Fuera del estado y Formador corporativo*+ deben renovar su condici\u00f3n de\" \/>\n<meta name=\"robots\" content=\"index, follow, max-snippet:-1, max-image-preview:large, max-video-preview:-1\" \/>\n<link rel=\"canonical\" href=\"https:\/\/www.nevadaregistry.org\/es\/para-formadores\/recursos-para-formadores\/requisitos-de-renovacion-para-instructores\/\" \/>\n<meta property=\"og:locale\" content=\"es_ES\" \/>\n<meta property=\"og:type\" content=\"article\" \/>\n<meta property=\"og:title\" content=\"Requisitos de renovaci\u00f3n de formadores de The Nevada Registry - The Nevada Registry\" \/>\n<meta property=\"og:description\" content=\"Revisado\/actualizado junio de 2025 Los formadores de las categor\u00edas Generalista, Fuera del estado y Formador corporativo*+ deben renovar su condici\u00f3n de\" \/>\n<meta property=\"og:url\" content=\"https:\/\/www.nevadaregistry.org\/es\/para-formadores\/recursos-para-formadores\/requisitos-de-renovacion-para-instructores\/\" \/>\n<meta property=\"og:site_name\" content=\"The Nevada Registry\" \/>\n<meta property=\"article:publisher\" content=\"https:\/\/www.facebook.com\/nevadaregistry\" \/>\n<meta property=\"article:modified_time\" content=\"2026-03-06T16:53:38+00:00\" \/>\n<meta property=\"og:image\" content=\"https:\/\/www.nevadaregistry.org\/wp-content\/uploads\/2020\/10\/NevadaRegistryOGImage.jpg\" \/>\n\t<meta property=\"og:image:width\" content=\"1200\" \/>\n\t<meta property=\"og:image:height\" content=\"630\" \/>\n\t<meta property=\"og:image:type\" content=\"image\/jpeg\" \/>\n<meta name=\"twitter:card\" content=\"summary_large_image\" \/>\n<meta name=\"twitter:label1\" content=\"Tiempo de lectura\" \/>\n\t<meta name=\"twitter:data1\" content=\"7 minutos\" \/>\n<script type=\"application\/ld+json\" class=\"yoast-schema-graph\">{\"@context\":\"https:\/\/schema.org\",\"@graph\":[{\"@type\":\"WebPage\",\"@id\":\"https:\/\/www.nevadaregistry.org\/es\/para-formadores\/recursos-para-formadores\/requisitos-de-renovacion-para-instructores\/\",\"url\":\"https:\/\/www.nevadaregistry.org\/es\/para-formadores\/recursos-para-formadores\/requisitos-de-renovacion-para-instructores\/\",\"name\":\"Requisitos de renovaci\u00f3n de formadores de The Nevada Registry - The Nevada Registry\",\"isPartOf\":{\"@id\":\"https:\/\/www.nevadaregistry.org\/es\/#website\"},\"datePublished\":\"2025-06-13T20:52:14+00:00\",\"dateModified\":\"2026-03-06T16:53:38+00:00\",\"description\":\"Revisado\/actualizado junio de 2025 Los formadores de las categor\u00edas Generalista, Fuera del estado y Formador corporativo*+ deben renovar su condici\u00f3n de\",\"breadcrumb\":{\"@id\":\"https:\/\/www.nevadaregistry.org\/es\/para-formadores\/recursos-para-formadores\/requisitos-de-renovacion-para-instructores\/#breadcrumb\"},\"inLanguage\":\"es\",\"potentialAction\":[{\"@type\":\"ReadAction\",\"target\":[\"https:\/\/www.nevadaregistry.org\/es\/para-formadores\/recursos-para-formadores\/requisitos-de-renovacion-para-instructores\/\"]}]},{\"@type\":\"BreadcrumbList\",\"@id\":\"https:\/\/www.nevadaregistry.org\/es\/para-formadores\/recursos-para-formadores\/requisitos-de-renovacion-para-instructores\/#breadcrumb\",\"itemListElement\":[{\"@type\":\"ListItem\",\"position\":1,\"name\":\"Home\",\"item\":\"https:\/\/www.nevadaregistry.org\/es\/pagina-principal\/\"},{\"@type\":\"ListItem\",\"position\":2,\"name\":\"Informaci\u00f3n de The Nevada Registry para formadores\",\"item\":\"https:\/\/www.nevadaregistry.org\/es\/para-formadores\/\"},{\"@type\":\"ListItem\",\"position\":3,\"name\":\"Recursos para formadores\",\"item\":\"https:\/\/www.nevadaregistry.org\/es\/para-formadores\/recursos-para-formadores\/\"},{\"@type\":\"ListItem\",\"position\":4,\"name\":\"Requisitos de renovaci\u00f3n de formadores de The Nevada Registry\"}]},{\"@type\":\"WebSite\",\"@id\":\"https:\/\/www.nevadaregistry.org\/es\/#website\",\"url\":\"https:\/\/www.nevadaregistry.org\/es\/\",\"name\":\"The Nevada Registry\",\"description\":\"Workforce data system capturing information about the Early Childhood Education and Care (ECEC) workforce in Nevada.\",\"publisher\":{\"@id\":\"https:\/\/www.nevadaregistry.org\/es\/#organization\"},\"potentialAction\":[{\"@type\":\"SearchAction\",\"target\":{\"@type\":\"EntryPoint\",\"urlTemplate\":\"https:\/\/www.nevadaregistry.org\/es\/?s={search_term_string}\"},\"query-input\":{\"@type\":\"PropertyValueSpecification\",\"valueRequired\":true,\"valueName\":\"search_term_string\"}}],\"inLanguage\":\"es\"},{\"@type\":\"Organization\",\"@id\":\"https:\/\/www.nevadaregistry.org\/es\/#organization\",\"name\":\"El Nevada Registry\",\"url\":\"https:\/\/www.nevadaregistry.org\/es\/\",\"logo\":{\"@type\":\"ImageObject\",\"inLanguage\":\"es\",\"@id\":\"https:\/\/www.nevadaregistry.org\/es\/#\/schema\/logo\/image\/\",\"url\":\"https:\/\/www.nevadaregistry.org\/wp-content\/uploads\/2020\/10\/tnr-logo-purple-copy.jpg\",\"contentUrl\":\"https:\/\/www.nevadaregistry.org\/wp-content\/uploads\/2020\/10\/tnr-logo-purple-copy.jpg\",\"width\":\"900\",\"height\":\"562\",\"caption\":\"El Nevada Registry\"},\"image\":{\"@id\":\"https:\/\/www.nevadaregistry.org\/es\/#\/schema\/logo\/image\/\"},\"sameAs\":[\"https:\/\/www.facebook.com\/nevadaregistry\"]}]}<\/script>\n<!-- \/ Yoast SEO plugin. -->","yoast_head_json":{"title":"Requisitos de renovaci\u00f3n de formadores de The Nevada Registry - The Nevada Registry","description":"Revisado\/actualizado junio de 2025 Los formadores de las categor\u00edas Generalista, Fuera del estado y Formador corporativo*+ deben renovar su condici\u00f3n de","robots":{"index":"index","follow":"follow","max-snippet":"max-snippet:-1","max-image-preview":"max-image-preview:large","max-video-preview":"max-video-preview:-1"},"canonical":"https:\/\/www.nevadaregistry.org\/es\/para-formadores\/recursos-para-formadores\/requisitos-de-renovacion-para-instructores\/","og_locale":"es_ES","og_type":"article","og_title":"Requisitos de renovaci\u00f3n de formadores de The Nevada Registry - The Nevada Registry","og_description":"Revisado\/actualizado junio de 2025 Los formadores de las categor\u00edas Generalista, Fuera del estado y Formador corporativo*+ deben renovar su condici\u00f3n de","og_url":"https:\/\/www.nevadaregistry.org\/es\/para-formadores\/recursos-para-formadores\/requisitos-de-renovacion-para-instructores\/","og_site_name":"The Nevada Registry","article_publisher":"https:\/\/www.facebook.com\/nevadaregistry","article_modified_time":"2026-03-06T16:53:38+00:00","og_image":[{"width":1200,"height":630,"url":"https:\/\/www.nevadaregistry.org\/wp-content\/uploads\/2020\/10\/NevadaRegistryOGImage.jpg","type":"image\/jpeg"}],"twitter_card":"summary_large_image","twitter_misc":{"Tiempo de lectura":"7 minutos"},"schema":{"@context":"https:\/\/schema.org","@graph":[{"@type":"WebPage","@id":"https:\/\/www.nevadaregistry.org\/es\/para-formadores\/recursos-para-formadores\/requisitos-de-renovacion-para-instructores\/","url":"https:\/\/www.nevadaregistry.org\/es\/para-formadores\/recursos-para-formadores\/requisitos-de-renovacion-para-instructores\/","name":"Requisitos de renovaci\u00f3n de formadores de The Nevada Registry - The Nevada Registry","isPartOf":{"@id":"https:\/\/www.nevadaregistry.org\/es\/#website"},"datePublished":"2025-06-13T20:52:14+00:00","dateModified":"2026-03-06T16:53:38+00:00","description":"Revisado\/actualizado junio de 2025 Los formadores de las categor\u00edas Generalista, Fuera del estado y Formador corporativo*+ deben renovar su condici\u00f3n de","breadcrumb":{"@id":"https:\/\/www.nevadaregistry.org\/es\/para-formadores\/recursos-para-formadores\/requisitos-de-renovacion-para-instructores\/#breadcrumb"},"inLanguage":"es","potentialAction":[{"@type":"ReadAction","target":["https:\/\/www.nevadaregistry.org\/es\/para-formadores\/recursos-para-formadores\/requisitos-de-renovacion-para-instructores\/"]}]},{"@type":"BreadcrumbList","@id":"https:\/\/www.nevadaregistry.org\/es\/para-formadores\/recursos-para-formadores\/requisitos-de-renovacion-para-instructores\/#breadcrumb","itemListElement":[{"@type":"ListItem","position":1,"name":"Home","item":"https:\/\/www.nevadaregistry.org\/es\/pagina-principal\/"},{"@type":"ListItem","position":2,"name":"Informaci\u00f3n de The Nevada Registry para formadores","item":"https:\/\/www.nevadaregistry.org\/es\/para-formadores\/"},{"@type":"ListItem","position":3,"name":"Recursos para formadores","item":"https:\/\/www.nevadaregistry.org\/es\/para-formadores\/recursos-para-formadores\/"},{"@type":"ListItem","position":4,"name":"Requisitos de renovaci\u00f3n de formadores de The Nevada Registry"}]},{"@type":"WebSite","@id":"https:\/\/www.nevadaregistry.org\/es\/#website","url":"https:\/\/www.nevadaregistry.org\/es\/","name":"The Nevada Registry","description":"Workforce data system capturing information about the Early Childhood Education and Care (ECEC) workforce in Nevada.","publisher":{"@id":"https:\/\/www.nevadaregistry.org\/es\/#organization"},"potentialAction":[{"@type":"SearchAction","target":{"@type":"EntryPoint","urlTemplate":"https:\/\/www.nevadaregistry.org\/es\/?s={search_term_string}"},"query-input":{"@type":"PropertyValueSpecification","valueRequired":true,"valueName":"search_term_string"}}],"inLanguage":"es"},{"@type":"Organization","@id":"https:\/\/www.nevadaregistry.org\/es\/#organization","name":"El Nevada Registry","url":"https:\/\/www.nevadaregistry.org\/es\/","logo":{"@type":"ImageObject","inLanguage":"es","@id":"https:\/\/www.nevadaregistry.org\/es\/#\/schema\/logo\/image\/","url":"https:\/\/www.nevadaregistry.org\/wp-content\/uploads\/2020\/10\/tnr-logo-purple-copy.jpg","contentUrl":"https:\/\/www.nevadaregistry.org\/wp-content\/uploads\/2020\/10\/tnr-logo-purple-copy.jpg","width":"900","height":"562","caption":"El Nevada Registry"},"image":{"@id":"https:\/\/www.nevadaregistry.org\/es\/#\/schema\/logo\/image\/"},"sameAs":["https:\/\/www.facebook.com\/nevadaregistry"]}]}},"_links":{"self":[{"href":"https:\/\/www.nevadaregistry.org\/es\/wp-json\/wp\/v2\/pages\/15891","targetHints":{"allow":["GET"]}}],"collection":[{"href":"https:\/\/www.nevadaregistry.org\/es\/wp-json\/wp\/v2\/pages"}],"about":[{"href":"https:\/\/www.nevadaregistry.org\/es\/wp-json\/wp\/v2\/types\/page"}],"author":[{"embeddable":true,"href":"https:\/\/www.nevadaregistry.org\/es\/wp-json\/wp\/v2\/users\/2"}],"replies":[{"embeddable":true,"href":"https:\/\/www.nevadaregistry.org\/es\/wp-json\/wp\/v2\/comments?post=15891"}],"version-history":[{"count":5,"href":"https:\/\/www.nevadaregistry.org\/es\/wp-json\/wp\/v2\/pages\/15891\/revisions"}],"predecessor-version":[{"id":18235,"href":"https:\/\/www.nevadaregistry.org\/es\/wp-json\/wp\/v2\/pages\/15891\/revisions\/18235"}],"up":[{"embeddable":true,"href":"https:\/\/www.nevadaregistry.org\/es\/wp-json\/wp\/v2\/pages\/13354"}],"wp:attachment":[{"href":"https:\/\/www.nevadaregistry.org\/es\/wp-json\/wp\/v2\/media?parent=15891"}],"curies":[{"name":"wp","href":"https:\/\/api.w.org\/{rel}","templated":true}]}}