{"id":15915,"date":"2025-06-13T14:44:43","date_gmt":"2025-06-13T21:44:43","guid":{"rendered":"https:\/\/www.nevadaregistry.org\/para-formadores\/recursos-para-formadores\/academia-de-aprendizaje-para-adultos\/"},"modified":"2026-03-06T08:54:45","modified_gmt":"2026-03-06T16:54:45","slug":"academia-de-aprendizaje-para-adultos","status":"publish","type":"page","link":"https:\/\/www.nevadaregistry.org\/es\/para-formadores\/recursos-para-formadores\/academia-de-aprendizaje-para-adultos\/","title":{"rendered":"Academia de Aprendizaje para Adultos"},"content":{"rendered":"<h6><em>Revisado\/actualizado junio de 2025<\/em><\/h6>\n<p>Para calificar inicialmente como formador\/a aprobado\/a en las categor\u00edas de formador\/a generalista, de fuera del estado y corporativo\/a, las personas deben presentar pruebas de haber impartido previamente un m\u00ednimo de 15 horas de formaci\u00f3n (adem\u00e1s de cumplir con todos los dem\u00e1s criterios). Las personas que no cumplan estos criterios en su totalidad no podr\u00e1n continuar con el proceso de cualificaci\u00f3n y solicitud de formador\/a, independientemente de si se han cumplido todos los dem\u00e1s criterios. La Academia de Aprendizaje para Adultos (ALA o \u201cla Academia\u201d) es la v\u00eda disponible a trav\u00e9s del sistema de aprobaci\u00f3n de formaci\u00f3n (TAS) de The Nevada Registry para ayudar a las personas interesadas en convertirse en formadores\/as aprobados\/as a obtener las horas de impartici\u00f3n de formaci\u00f3n necesarias para calificar inicialmente. Adem\u00e1s, la ALA est\u00e1 dise\u00f1ada para aumentar el n\u00famero de sesiones de formaci\u00f3n ofrecidas p\u00fablicamente a los educadores de la primera infancia en Nevada. Por lo tanto, la ALA no est\u00e1 dise\u00f1ada para personas cuyo enfoque o intenci\u00f3n principal sea impartir formaci\u00f3n interna a su propio personal. Esta p\u00e1gina describe el proceso de selecci\u00f3n, los requisitos del programa, los requisitos de cualificaci\u00f3n y los beneficios de la Academia de Aprendizaje para Adultos.     <\/p>\n<h3>Descripci\u00f3n<\/h3>\n<p>The Nevada Registry se asocia con la Extensi\u00f3n de la Universidad de Nevada Reno para ofrecer la Academia de Aprendizaje para Adultos un m\u00ednimo de una vez al a\u00f1o (dos veces si hay financiaci\u00f3n disponible). Es una sesi\u00f3n de formaci\u00f3n estilo aula dise\u00f1ada para ayudar a preparar a personas con menos de 15 horas de experiencia previa en formaci\u00f3n para calificar como formadores\/as por primera vez. <\/p>\n<p>La ALA se centra en el aprendizaje de adultos y proporciona a los futuros formadores\/as principios fundamentales e informaci\u00f3n b\u00e1sica para ayudar a apoyar la impartici\u00f3n de sesiones de formaci\u00f3n de alta calidad. Adem\u00e1s, la ALA ofrece una oportunidad para que los participantes desarrollen habilidades de presentaci\u00f3n efectivas a trav\u00e9s del desarrollo y la impartici\u00f3n de una presentaci\u00f3n de una hora con retroalimentaci\u00f3n entre pares. Cada Academia es impartida por formadores\/as aprobados\/as por The Nevada Registry de la Extensi\u00f3n de la Universidad de Nevada Reno.  <\/p>\n<p>Los participantes de la Academia son seleccionados a trav\u00e9s de un proceso de solicitud. Para garantizar el m\u00e1s alto nivel de eficacia y participaci\u00f3n de los asistentes, la inscripci\u00f3n a la Academia est\u00e1 limitada a no m\u00e1s de doce asistentes por formaci\u00f3n. Se requiere un m\u00ednimo de ocho asistentes para que la Academia se ofrezca. Si bien la Academia est\u00e1 abierta tanto a formadores\/as de la primera infancia como a formadores\/as tem\u00e1ticos, se da prioridad a aquellos que trabajan en la primera infancia y a aquellos que se comprometen a impartir formaci\u00f3n al p\u00fablico general de la primera infancia. Generalmente, no se seleccionar\u00e1 a varias personas del mismo lugar de empleo para la Academia (a discreci\u00f3n de The Nevada Registry). La participaci\u00f3n en la Academia de Aprendizaje para Adultos es voluntaria. Si son seleccionados para participar, ni los instructores ni los participantes se consideran empleados de The Nevada Registry.      <\/p>\n<h3>Requisitos del programa<\/h3>\n<p>La Academia de Aprendizaje para Adultos consta de 30 horas de instrucci\u00f3n en aula virtual e impartici\u00f3n de formaci\u00f3n que se lleva a cabo durante doce semanas. Se requiere tiempo adicional de estudio independiente y preparaci\u00f3n cada semana para completar las tareas entre clases. Es esencial tener familiaridad con la tecnolog\u00eda, incluyendo Power Point. Las horas completadas por el participante como parte de la ALA pueden aplicarse a los requisitos anuales de formaci\u00f3n de Licencias de Cuidado Infantil (si corresponde); sin embargo, las personas deben completar todos los componentes del programa ALA para ser elegibles para solicitar la aprobaci\u00f3n de formador\/a.   <\/p>\n<p>La ALA se divide en dos secciones:<\/p>\n<ul>\n<li><strong>Secci\u00f3n I: Teor\u00eda y Dise\u00f1o<\/strong><br \/>\nEsta secci\u00f3n consta de 20 horas de clase relacionadas con la teor\u00eda de los principios del aprendizaje de adultos y el dise\u00f1o de la formaci\u00f3n. Las clases se imparten durante 2,5 horas a la semana durante ocho semanas consecutivas. <\/li>\n<li><strong>Secci\u00f3n II: Impartici\u00f3n\/Demostraci\u00f3n de la formaci\u00f3n<\/strong><br \/>\nEsta secci\u00f3n consta de 10 horas de clase centradas en la impartici\u00f3n y presentaci\u00f3n de la formaci\u00f3n desarrollada en la Secci\u00f3n I. Las clases se imparten durante dos horas y media a la semana durante cuatro semanas consecutivas.<\/li>\n<\/ul>\n<p>Los participantes deben completar ambas secciones para ser elegibles para solicitar la aprobaci\u00f3n de formador\/a. Se requieren las 30 horas completas de formaci\u00f3n, independientemente de si una persona ya posee una parte de las 15 horas de experiencia previa en impartici\u00f3n de formaci\u00f3n necesarias para calificar. <\/p>\n<p>El coste de participaci\u00f3n en la Academia es de 125 $ por persona*, que se paga directamente a la Extensi\u00f3n de la Universidad de Nevada Reno al ser seleccionado para el programa dos semanas antes de la primera clase. Se proporcionar\u00e1n facturas en el momento de la selecci\u00f3n. Las personas que no hayan pagado la totalidad antes de la primera clase no podr\u00e1n asistir a la Academia y su plaza se asignar\u00e1 al siguiente solicitante cualificado de la lista. Las tasas de inscripci\u00f3n no son reembolsables.   <\/p>\n<h5><em>*The Nevada Registry puede proporcionar becas para compensar el coste a los participantes (dependiendo de la financiaci\u00f3n).<\/em><\/h5>\n<h3>Requisitos de elegibilidad del participante<\/h3>\n<p>Para ser considerado\/a para participar en la Academia de Aprendizaje para Adultos, una persona debe:<\/p>\n<ul>\n<li>Enviar una Solicitud de Inter\u00e9s de Participante de ALA;<\/li>\n<li>Aceptar el Acuerdo de Participante de la Academia;<\/li>\n<li>Ser miembro activo de The Nevada Registry (obligatorio si se solicita la aprobaci\u00f3n de formador\/a de ECE);<\/li>\n<li>Candidatos\/as a formador\/a de la primera infancia: Poseer un Nivel 4.2, 5.2, 6.2 o 7.2 en la Escala de Carrera (t\u00edtulo asociado o superior con dos a\u00f1os de experiencia directa en ECE); Candidatos\/as a formador\/a tem\u00e1tico: Poseer un t\u00edtulo asociado o superior con una licencia, certificaci\u00f3n o credencial actual relevante para los temas de formaci\u00f3n deseados a impartir;<\/li>\n<li>Participar en una orientaci\u00f3n de una hora antes del primer d\u00eda de clase (obligatorio); y<\/li>\n<li>Completar actividades de orientaci\u00f3n previas a la formaci\u00f3n y requisitos posteriores a la formaci\u00f3n adicionales seg\u00fan corresponda.<\/li>\n<\/ul>\n<h3>Evaluaci\u00f3n del participante<\/h3>\n<p>La participaci\u00f3n en\/finalizaci\u00f3n de la Academia de Aprendizaje para Adultos no garantiza la elegibilidad para la aprobaci\u00f3n de formador\/a. Cada participante de la ALA es evaluado al final de cada secci\u00f3n de la Academia utilizando una r\u00fabrica estandarizada basada en los Est\u00e1ndares de Calidad establecidos (descritos en el Sistema de Garant\u00eda de Calidad de Formaci\u00f3n y Desarrollo Profesional de The Nevada Registry) y debe recibir una calificaci\u00f3n de 3.5 o superior (en una escala Likert de cinco puntos). Los participantes que obtengan una puntuaci\u00f3n inferior a 3.5 en su evaluaci\u00f3n al final de la Secci\u00f3n I pueden no ser elegibles para continuar con la Secci\u00f3n II (la determinaci\u00f3n se realiza caso por caso). Los participantes que obtengan una puntuaci\u00f3n inferior a 3.5 en su evaluaci\u00f3n al final de la Secci\u00f3n II recibir\u00e1n recursos y sugerencias para un mayor crecimiento y desarrollo y pueden no ser elegibles para solicitar la aprobaci\u00f3n de formador\/a hasta que se complete una formaci\u00f3n adicional. Los resultados de la evaluaci\u00f3n y las recomendaciones tambi\u00e9n pueden compartirse con el supervisor directo de cada participante (si est\u00e1 patrocinado por el empleador). Tambi\u00e9n se puede requerir que las personas repitan la ALA para recibir una puntuaci\u00f3n de evaluaci\u00f3n aceptable de 3.5 o superior antes de ser elegibles para solicitar la aprobaci\u00f3n de formador\/a en el futuro.     <\/p>\n<h3>Evaluaci\u00f3n de la Academia\/Curso<\/h3>\n<p>Se env\u00eda una evaluaci\u00f3n en l\u00ednea del curso ALA a cada participante despu\u00e9s de la finalizaci\u00f3n de la ALA para solicitar comentarios sobre el curso. Estos comentarios se utilizan para determinar qu\u00e9 funciona bien en la Academia y d\u00f3nde se pueden realizar mejoras para aumentar la eficacia y la experiencia de los participantes. Las respuestas a la encuesta son an\u00f3nimas, se revisan independientemente de los resultados de la evaluaci\u00f3n individual y no se tienen en cuenta en las decisiones de elegibilidad para la aprobaci\u00f3n de formador\/a.  <\/p>\n<h3>Expectativas<\/h3>\n<p>Dado que la intenci\u00f3n de la ALA es aumentar el n\u00famero de sesiones de formaci\u00f3n ofrecidas p\u00fablicamente a los profesionales de la primera infancia, se espera que los graduados que hayan recibido un 3.5 o superior soliciten convertirse en formadores\/as aprobados\/as con The Nevada Registry y comiencen a impartir formaci\u00f3n aprobada por The Nevada Registry dentro de los dos meses posteriores a la finalizaci\u00f3n de la Academia. Como m\u00ednimo, se espera que los graduados de la ALA impartan al menos dos de las cuatro sesiones de formaci\u00f3n requeridas durante su primer per\u00edodo de cualificaci\u00f3n de formador\/a al p\u00fablico general de ECE (se deben realizar cuatro sesiones de formaci\u00f3n en cuatro d\u00edas diferentes durante el per\u00edodo de cualificaci\u00f3n de 12 meses). Las personas que no cumplan los requisitos al final del a\u00f1o de cualificaci\u00f3n no ser\u00e1n elegibles para renovar su estado de aprobaci\u00f3n de formador\/a por un per\u00edodo de 12 meses.  <\/p>\n<h3>Beneficios<\/h3>\n<p>Todos los graduados de la Academia de Aprendizaje para Adultos recibir\u00e1n los siguientes beneficios (sujetos a cambios seg\u00fan la financiaci\u00f3n y los recursos disponibles para The Nevada Registry):<\/p>\n<ul>\n<li>Recibir una copia de Lose the Lecture: Engaging Approaches to Early Childhood Professional Learning de Teresa A. Byington, PhD.;<\/li>\n<li>Recibir 20 horas de formaci\u00f3n aprobadas por The Nevada Registry al finalizar la Secci\u00f3n I y 10 horas de formaci\u00f3n aprobadas por The Nevada Registry al finalizar la Secci\u00f3n II, para un total de 30 horas (si se completan con \u00e9xito ambas secciones). Estas horas se pueden aplicar a los requisitos anuales de formaci\u00f3n para la Licencia de Cuidado Infantil (si corresponde) y utilizarse como documentaci\u00f3n para la aprobaci\u00f3n inicial de formador\/a; <\/li>\n<li>Elegibilidad para solicitar la aprobaci\u00f3n de formador\/a con The Nevada Registry tras la finalizaci\u00f3n exitosa (si se alcanza la puntuaci\u00f3n m\u00ednima de evaluaci\u00f3n);<\/li>\n<li>Se exime el requisito de completar una formaci\u00f3n en l\u00ednea de 2 horas; PROF105: Aprendizaje de adultos: Teor\u00edas y estrategias para formadores, coaches y directores ofrecida por el ChildCare Education Institute para calificar inicialmente;<\/li>\n<li>Se eximir\u00e1 el requisito de completar 15 horas de educaci\u00f3n continua requeridas para la renovaci\u00f3n de formador\/a con The Nevada Registry en el primer a\u00f1o; y<\/li>\n<li>Paquete de recursos para formadores\/as (libros, etc.) de The Nevada Registry.<\/li>\n<\/ul>\n<p><em>Este documento puede ser objeto de revisi\u00f3n y modificaci\u00f3n peri\u00f3dicas. <\/em><\/p>\n<p>&nbsp;<\/p>\n<p>&nbsp;<\/p>\n","protected":false},"excerpt":{"rendered":"<p>Revisado\/actualizado junio de 2025 Para calificar inicialmente como formador\/a aprobado\/a en las categor\u00edas de formador\/a generalista, de fuera del estado&#8230;<\/p>\n","protected":false},"author":2,"featured_media":0,"parent":13354,"menu_order":0,"comment_status":"closed","ping_status":"closed","template":"","meta":{"_acf_changed":false,"footnotes":""},"class_list":["post-15915","page","type-page","status-publish","hentry"],"acf":[],"yoast_head":"<!-- This site is optimized with the Yoast SEO plugin v27.2 - https:\/\/yoast.com\/product\/yoast-seo-wordpress\/ -->\n<title>Academia de Aprendizaje para Adultos - The Nevada Registry<\/title>\n<meta name=\"description\" content=\"Revisado\/actualizado junio de 2025 Para calificar inicialmente como formador\/a aprobado\/a en las categor\u00edas de formador\/a generalista, de fuera del estado\" \/>\n<meta name=\"robots\" content=\"index, follow, max-snippet:-1, max-image-preview:large, max-video-preview:-1\" \/>\n<link rel=\"canonical\" href=\"https:\/\/www.nevadaregistry.org\/es\/para-formadores\/recursos-para-formadores\/academia-de-aprendizaje-para-adultos\/\" \/>\n<meta property=\"og:locale\" content=\"es_ES\" \/>\n<meta property=\"og:type\" content=\"article\" \/>\n<meta property=\"og:title\" content=\"Academia de Aprendizaje para Adultos - The Nevada Registry\" \/>\n<meta property=\"og:description\" content=\"Revisado\/actualizado junio de 2025 Para calificar inicialmente como formador\/a aprobado\/a en las categor\u00edas de formador\/a generalista, de fuera del estado\" \/>\n<meta property=\"og:url\" content=\"https:\/\/www.nevadaregistry.org\/es\/para-formadores\/recursos-para-formadores\/academia-de-aprendizaje-para-adultos\/\" \/>\n<meta property=\"og:site_name\" content=\"The Nevada Registry\" \/>\n<meta property=\"article:publisher\" content=\"https:\/\/www.facebook.com\/nevadaregistry\" \/>\n<meta property=\"article:modified_time\" content=\"2026-03-06T16:54:45+00:00\" \/>\n<meta property=\"og:image\" content=\"https:\/\/www.nevadaregistry.org\/wp-content\/uploads\/2020\/10\/NevadaRegistryOGImage.jpg\" \/>\n\t<meta property=\"og:image:width\" content=\"1200\" \/>\n\t<meta property=\"og:image:height\" content=\"630\" \/>\n\t<meta property=\"og:image:type\" content=\"image\/jpeg\" \/>\n<meta name=\"twitter:card\" content=\"summary_large_image\" \/>\n<meta name=\"twitter:label1\" content=\"Tiempo de lectura\" \/>\n\t<meta name=\"twitter:data1\" content=\"9 minutos\" \/>\n<script type=\"application\/ld+json\" class=\"yoast-schema-graph\">{\"@context\":\"https:\/\/schema.org\",\"@graph\":[{\"@type\":\"WebPage\",\"@id\":\"https:\/\/www.nevadaregistry.org\/es\/para-formadores\/recursos-para-formadores\/academia-de-aprendizaje-para-adultos\/\",\"url\":\"https:\/\/www.nevadaregistry.org\/es\/para-formadores\/recursos-para-formadores\/academia-de-aprendizaje-para-adultos\/\",\"name\":\"Academia de Aprendizaje para Adultos - The Nevada Registry\",\"isPartOf\":{\"@id\":\"https:\/\/www.nevadaregistry.org\/es\/#website\"},\"datePublished\":\"2025-06-13T21:44:43+00:00\",\"dateModified\":\"2026-03-06T16:54:45+00:00\",\"description\":\"Revisado\/actualizado junio de 2025 Para calificar inicialmente como formador\/a aprobado\/a en las categor\u00edas de formador\/a generalista, de fuera del estado\",\"breadcrumb\":{\"@id\":\"https:\/\/www.nevadaregistry.org\/es\/para-formadores\/recursos-para-formadores\/academia-de-aprendizaje-para-adultos\/#breadcrumb\"},\"inLanguage\":\"es\",\"potentialAction\":[{\"@type\":\"ReadAction\",\"target\":[\"https:\/\/www.nevadaregistry.org\/es\/para-formadores\/recursos-para-formadores\/academia-de-aprendizaje-para-adultos\/\"]}]},{\"@type\":\"BreadcrumbList\",\"@id\":\"https:\/\/www.nevadaregistry.org\/es\/para-formadores\/recursos-para-formadores\/academia-de-aprendizaje-para-adultos\/#breadcrumb\",\"itemListElement\":[{\"@type\":\"ListItem\",\"position\":1,\"name\":\"Home\",\"item\":\"https:\/\/www.nevadaregistry.org\/es\/pagina-principal\/\"},{\"@type\":\"ListItem\",\"position\":2,\"name\":\"Informaci\u00f3n de The Nevada Registry para formadores\",\"item\":\"https:\/\/www.nevadaregistry.org\/es\/para-formadores\/\"},{\"@type\":\"ListItem\",\"position\":3,\"name\":\"Recursos para formadores\",\"item\":\"https:\/\/www.nevadaregistry.org\/es\/para-formadores\/recursos-para-formadores\/\"},{\"@type\":\"ListItem\",\"position\":4,\"name\":\"Academia de Aprendizaje para Adultos\"}]},{\"@type\":\"WebSite\",\"@id\":\"https:\/\/www.nevadaregistry.org\/es\/#website\",\"url\":\"https:\/\/www.nevadaregistry.org\/es\/\",\"name\":\"The Nevada Registry\",\"description\":\"Workforce data system capturing information about the Early Childhood Education and Care (ECEC) workforce in Nevada.\",\"publisher\":{\"@id\":\"https:\/\/www.nevadaregistry.org\/es\/#organization\"},\"potentialAction\":[{\"@type\":\"SearchAction\",\"target\":{\"@type\":\"EntryPoint\",\"urlTemplate\":\"https:\/\/www.nevadaregistry.org\/es\/?s={search_term_string}\"},\"query-input\":{\"@type\":\"PropertyValueSpecification\",\"valueRequired\":true,\"valueName\":\"search_term_string\"}}],\"inLanguage\":\"es\"},{\"@type\":\"Organization\",\"@id\":\"https:\/\/www.nevadaregistry.org\/es\/#organization\",\"name\":\"El Nevada Registry\",\"url\":\"https:\/\/www.nevadaregistry.org\/es\/\",\"logo\":{\"@type\":\"ImageObject\",\"inLanguage\":\"es\",\"@id\":\"https:\/\/www.nevadaregistry.org\/es\/#\/schema\/logo\/image\/\",\"url\":\"https:\/\/www.nevadaregistry.org\/wp-content\/uploads\/2020\/10\/tnr-logo-purple-copy.jpg\",\"contentUrl\":\"https:\/\/www.nevadaregistry.org\/wp-content\/uploads\/2020\/10\/tnr-logo-purple-copy.jpg\",\"width\":\"900\",\"height\":\"562\",\"caption\":\"El Nevada Registry\"},\"image\":{\"@id\":\"https:\/\/www.nevadaregistry.org\/es\/#\/schema\/logo\/image\/\"},\"sameAs\":[\"https:\/\/www.facebook.com\/nevadaregistry\"]}]}<\/script>\n<!-- \/ Yoast SEO plugin. -->","yoast_head_json":{"title":"Academia de Aprendizaje para Adultos - The Nevada Registry","description":"Revisado\/actualizado junio de 2025 Para calificar inicialmente como formador\/a aprobado\/a en las categor\u00edas de formador\/a generalista, de fuera del estado","robots":{"index":"index","follow":"follow","max-snippet":"max-snippet:-1","max-image-preview":"max-image-preview:large","max-video-preview":"max-video-preview:-1"},"canonical":"https:\/\/www.nevadaregistry.org\/es\/para-formadores\/recursos-para-formadores\/academia-de-aprendizaje-para-adultos\/","og_locale":"es_ES","og_type":"article","og_title":"Academia de Aprendizaje para Adultos - The Nevada Registry","og_description":"Revisado\/actualizado junio de 2025 Para calificar inicialmente como formador\/a aprobado\/a en las categor\u00edas de formador\/a generalista, de fuera del estado","og_url":"https:\/\/www.nevadaregistry.org\/es\/para-formadores\/recursos-para-formadores\/academia-de-aprendizaje-para-adultos\/","og_site_name":"The Nevada Registry","article_publisher":"https:\/\/www.facebook.com\/nevadaregistry","article_modified_time":"2026-03-06T16:54:45+00:00","og_image":[{"width":1200,"height":630,"url":"https:\/\/www.nevadaregistry.org\/wp-content\/uploads\/2020\/10\/NevadaRegistryOGImage.jpg","type":"image\/jpeg"}],"twitter_card":"summary_large_image","twitter_misc":{"Tiempo de lectura":"9 minutos"},"schema":{"@context":"https:\/\/schema.org","@graph":[{"@type":"WebPage","@id":"https:\/\/www.nevadaregistry.org\/es\/para-formadores\/recursos-para-formadores\/academia-de-aprendizaje-para-adultos\/","url":"https:\/\/www.nevadaregistry.org\/es\/para-formadores\/recursos-para-formadores\/academia-de-aprendizaje-para-adultos\/","name":"Academia de Aprendizaje para Adultos - The Nevada Registry","isPartOf":{"@id":"https:\/\/www.nevadaregistry.org\/es\/#website"},"datePublished":"2025-06-13T21:44:43+00:00","dateModified":"2026-03-06T16:54:45+00:00","description":"Revisado\/actualizado junio de 2025 Para calificar inicialmente como formador\/a aprobado\/a en las categor\u00edas de formador\/a generalista, de fuera del estado","breadcrumb":{"@id":"https:\/\/www.nevadaregistry.org\/es\/para-formadores\/recursos-para-formadores\/academia-de-aprendizaje-para-adultos\/#breadcrumb"},"inLanguage":"es","potentialAction":[{"@type":"ReadAction","target":["https:\/\/www.nevadaregistry.org\/es\/para-formadores\/recursos-para-formadores\/academia-de-aprendizaje-para-adultos\/"]}]},{"@type":"BreadcrumbList","@id":"https:\/\/www.nevadaregistry.org\/es\/para-formadores\/recursos-para-formadores\/academia-de-aprendizaje-para-adultos\/#breadcrumb","itemListElement":[{"@type":"ListItem","position":1,"name":"Home","item":"https:\/\/www.nevadaregistry.org\/es\/pagina-principal\/"},{"@type":"ListItem","position":2,"name":"Informaci\u00f3n de The Nevada Registry para formadores","item":"https:\/\/www.nevadaregistry.org\/es\/para-formadores\/"},{"@type":"ListItem","position":3,"name":"Recursos para formadores","item":"https:\/\/www.nevadaregistry.org\/es\/para-formadores\/recursos-para-formadores\/"},{"@type":"ListItem","position":4,"name":"Academia de Aprendizaje para Adultos"}]},{"@type":"WebSite","@id":"https:\/\/www.nevadaregistry.org\/es\/#website","url":"https:\/\/www.nevadaregistry.org\/es\/","name":"The Nevada Registry","description":"Workforce data system capturing information about the Early Childhood Education and Care (ECEC) workforce in Nevada.","publisher":{"@id":"https:\/\/www.nevadaregistry.org\/es\/#organization"},"potentialAction":[{"@type":"SearchAction","target":{"@type":"EntryPoint","urlTemplate":"https:\/\/www.nevadaregistry.org\/es\/?s={search_term_string}"},"query-input":{"@type":"PropertyValueSpecification","valueRequired":true,"valueName":"search_term_string"}}],"inLanguage":"es"},{"@type":"Organization","@id":"https:\/\/www.nevadaregistry.org\/es\/#organization","name":"El Nevada Registry","url":"https:\/\/www.nevadaregistry.org\/es\/","logo":{"@type":"ImageObject","inLanguage":"es","@id":"https:\/\/www.nevadaregistry.org\/es\/#\/schema\/logo\/image\/","url":"https:\/\/www.nevadaregistry.org\/wp-content\/uploads\/2020\/10\/tnr-logo-purple-copy.jpg","contentUrl":"https:\/\/www.nevadaregistry.org\/wp-content\/uploads\/2020\/10\/tnr-logo-purple-copy.jpg","width":"900","height":"562","caption":"El Nevada Registry"},"image":{"@id":"https:\/\/www.nevadaregistry.org\/es\/#\/schema\/logo\/image\/"},"sameAs":["https:\/\/www.facebook.com\/nevadaregistry"]}]}},"_links":{"self":[{"href":"https:\/\/www.nevadaregistry.org\/es\/wp-json\/wp\/v2\/pages\/15915","targetHints":{"allow":["GET"]}}],"collection":[{"href":"https:\/\/www.nevadaregistry.org\/es\/wp-json\/wp\/v2\/pages"}],"about":[{"href":"https:\/\/www.nevadaregistry.org\/es\/wp-json\/wp\/v2\/types\/page"}],"author":[{"embeddable":true,"href":"https:\/\/www.nevadaregistry.org\/es\/wp-json\/wp\/v2\/users\/2"}],"replies":[{"embeddable":true,"href":"https:\/\/www.nevadaregistry.org\/es\/wp-json\/wp\/v2\/comments?post=15915"}],"version-history":[{"count":4,"href":"https:\/\/www.nevadaregistry.org\/es\/wp-json\/wp\/v2\/pages\/15915\/revisions"}],"predecessor-version":[{"id":18170,"href":"https:\/\/www.nevadaregistry.org\/es\/wp-json\/wp\/v2\/pages\/15915\/revisions\/18170"}],"up":[{"embeddable":true,"href":"https:\/\/www.nevadaregistry.org\/es\/wp-json\/wp\/v2\/pages\/13354"}],"wp:attachment":[{"href":"https:\/\/www.nevadaregistry.org\/es\/wp-json\/wp\/v2\/media?parent=15915"}],"curies":[{"name":"wp","href":"https:\/\/api.w.org\/{rel}","templated":true}]}}