{"id":16049,"date":"2025-06-14T10:32:34","date_gmt":"2025-06-14T17:32:34","guid":{"rendered":"https:\/\/www.nevadaregistry.org\/membresia\/solicitud-de-membresia-y-lista-de-verificacion-para-la-ubicacion-en-la-escala-profesional\/"},"modified":"2026-03-06T07:54:43","modified_gmt":"2026-03-06T15:54:43","slug":"solicitud-de-membresia-y-lista-de-verificacion-para-la-ubicacion-en-la-escala-profesional","status":"publish","type":"page","link":"https:\/\/www.nevadaregistry.org\/es\/membresia\/solicitud-de-membresia-y-lista-de-verificacion-para-la-ubicacion-en-la-escala-profesional\/","title":{"rendered":"Solicitud de membres\u00eda y lista de verificaci\u00f3n para la ubicaci\u00f3n en la escala profesional"},"content":{"rendered":"<h6><em>Revisado\/Actualizado en enero de 2026<\/em><\/h6>\n<p>Revisar la lista de verificaci\u00f3n a continuaci\u00f3n y consultar la <a href=\"https:\/\/www.nevadaregistry.org\/wp-content\/uploads\/2020\/09\/CareerLadder.pdf\">Escalera Profesional de Educaci\u00f3n y Cuidado Temprano de Nevada<\/a> te ayudar\u00e1 a asegurarte de enviar toda la documentaci\u00f3n de respaldo necesaria para ubicarte en el nivel m\u00e1s alto posible en la escalera. Las solicitudes no se volver\u00e1n a procesar debido a la falta de inclusi\u00f3n de la documentaci\u00f3n necesaria en el momento de la solicitud.  Las solicitudes incompletas se eliminar\u00e1n de forma segura del sistema y tendr\u00e1s que reiniciar el proceso de solicitud. <strong>\u00a1H\u00c1GALO CONTAR!<\/strong> Invertir m\u00e1s tiempo en esta etapa del proceso de solicitud dar\u00e1 como resultado un perfil m\u00e1s completo y preciso de qui\u00e9n es usted como profesional de la Educaci\u00f3n y Cuidado de la Primera Infancia (ECEC).<\/p>\n<p>Tenga en cuenta que la informaci\u00f3n recopilada a trav\u00e9s del proceso de solicitud es solo para la ubicaci\u00f3n en la Escalera Profesional. Enviar una solicitud de membres\u00eda completa a The Nevada Registry significa que usted cumple con los requisitos para la participaci\u00f3n obligatoria (si corresponde), pero no lo califica para trabajar en el cuidado infantil, ni verifica que se hayan cumplido todos los requisitos de la Licencia de Cuidado Infantil. Siempre consulte con su Inspector de Licencias si tiene preguntas sobre las regulaciones.  <\/p>\n<h3>Requisitos m\u00ednimos para la ubicaci\u00f3n en la escalera profesional<\/h3>\n<p>La documentaci\u00f3n (es decir, los certificados de finalizaci\u00f3n) que verifique la finalizaci\u00f3n de los requisitos de licencia iniciales que se enumeran a continuaci\u00f3n es necesaria para ubicar a las personas sin educaci\u00f3n formal en Educaci\u00f3n y Cuidado de la Primera Infancia (ECEC) en la Escalera Profesional en el Nivel 1.1*. Toda la capacitaci\u00f3n debe ser aprobada y\/o reconocida por The Nevada Registry para ser aceptada. Si ha completado cursos universitarios y\/o posee un t\u00edtulo en ECEC, puede omitir los requisitos m\u00ednimos y pasar a la secci\u00f3n &#8216;Requisitos complementarios para la ubicaci\u00f3n en la Escalera Profesional&#8217; a continuaci\u00f3n.  <\/p>\n<p><strong>NOTA: Si trabaja en un programa exento de la Licencia de Cuidado Infantil (por ejemplo, distrito escolar\/Pre-K financiado por el Estado, Head Start Tribal, programas antes\/despu\u00e9s de la escuela), <a href=\"https:\/\/www.nevadaregistry.org\/es\/acerca\/contactenos\/\">contacte con nuestra oficina<\/a> para conocer qu\u00e9 documentaci\u00f3n ser\u00e1 aceptada para la Ubicaci\u00f3n en la Escala Profesional.<\/strong><\/p>\n<ul>\n<li>\n<h6>Tarjeta de certificaci\u00f3n de <span style=\"text-decoration: underline;\">RCP<\/span> pedi\u00e1trica\/infantil\/para ni\u00f1os (no se aceptan tarjetas temporales ni cartas de finalizaci\u00f3n). Las tarjetas\/certificados digitales oficiales deben ser emitidos por una de las siguientes agencias autorizadas: American Heart Association, American Red Cross o HSI (agencia matriz de las marcas American Safety and Health Institute, Medic First Aid y EMS Safety Services). La certificaci\u00f3n debe ser v\u00e1lida en el momento de la solicitud.<br \/>\n<a href=\"https:\/\/www.nevadaregistry.org\/es\/formacion-desarrollo-profesional\/capacitacion-en-rcp-y-primeros-auxilios\/\">Consejos para elegir un curso de RCP<\/a><\/h6>\n<\/li>\n<li>\n<h6>Tarjeta de certificaci\u00f3n de <span style=\"text-decoration: underline;\">primeros auxilios<\/span> pedi\u00e1tricos\/infantiles\/para ni\u00f1os (no se aceptan tarjetas temporales ni cartas de finalizaci\u00f3n). Las tarjetas\/certificados digitales oficiales deben ser emitidos por una de las siguientes agencias autorizadas: American Heart Association, American Red Cross o HSI (agencia matriz de las marcas American Safety and Health Institute, Medic First Aid y EMS Safety Services). La certificaci\u00f3n debe ser v\u00e1lida en el momento de la solicitud.<br \/>\n<a href=\"https:\/\/www.nevadaregistry.org\/es\/formacion-desarrollo-profesional\/capacitacion-en-rcp-y-primeros-auxilios\/\">Consejos para elegir un curso de primeros auxilios<\/a><\/h6>\n<\/li>\n<li>\n<h6>Signos y S\u00edntomas de Enfermedad\/Enfermedad Infecciosa incluyendo Pat\u00f3genos Transmitidos por Sangre<\/h6>\n<\/li>\n<li>\n<h6>Reconocimiento y denuncia de abuso y negligencia infantil (debe incluir contenido espec\u00edfico de Nevada)<\/h6>\n<\/li>\n<li>\n<h6>S\u00edndrome de Muerte S\u00fabita del Lactante (si corresponde)<\/h6>\n<\/li>\n<li>\n<h6>Desarrollo infantil (Se requieren tres horas.)<\/h6>\n<\/li>\n<li>\n<h6>Bienestar de por vida (Obesidad\/Nutrici\u00f3n\/Actividad f\u00edsica) (Se requieren dos horas.)<\/h6>\n<\/li>\n<li>\n<h6>Seguridad del Edificio y las Instalaciones F\u00edsicas incluyendo el Almacenamiento de Bio-Contaminantes y Materiales Peligrosos<\/h6>\n<\/li>\n<li>\n<h6>Planificaci\u00f3n de preparaci\u00f3n y respuesta ante emergencias resultantes de eventos naturales o provocados por el hombre<\/h6>\n<\/li>\n<li>\n<h6>Administraci\u00f3n de medicamentos y prevenci\u00f3n y respuesta a alergias alimentarias y de otro tipo en el entorno de cuidado infantil<\/h6>\n<\/li>\n<li>\n<h6>Prevenci\u00f3n del S\u00edndrome del Beb\u00e9 Sacudido y Trauma Craneal Abusivo (si corresponde)<\/h6>\n<\/li>\n<li>\n<h6>Seguridad en el Transporte en el Entorno de la Primera Infancia (si corresponde)<\/h6>\n<\/li>\n<\/ul>\n<h6><em>*Se requiere un m\u00ednimo de 1.000 horas de experiencia laboral directa para ubicarse en la escala profesional. Si tiene menos de 1000 horas de experiencia laboral directa en ECE en el momento de la solicitud, recibir\u00e1 un certificado de participaci\u00f3n (pre-nivel) hasta que se hayan acumulado las horas necesarias. Los miembros en este nivel son considerados participantes activos de The Nevada Registry y cumplen con los requisitos de licencia de cuidado infantil, a pesar de no tener a\u00fan un nivel asignado en la escala.  <\/em><\/h6>\n<h3>Requisitos suplementarios para la ubicaci\u00f3n en la escalera profesional<\/h3>\n<p>Para recibir reconocimiento por actividades de desarrollo profesional que superen los requisitos anteriormente descritos, s\u00edrvase presentar tambi\u00e9n los siguientes elementos. Hacerlo probablemente resultar\u00e1 en un Nivel de Escalaf\u00f3n Profesional de 1.2 o superior y dar\u00e1 lugar a un reflejo m\u00e1s completo y preciso de su historial profesional. Cabe se\u00f1alar que, incluso si no se requiere documentaci\u00f3n de los requisitos iniciales de licencia enumerados anteriormente para ser ubicado en el Escalaf\u00f3n Profesional, se le insta a presentar todos y cada uno de los certificados de capacitaci\u00f3n con su solicitud. Esto crea un perfil de desarrollo profesional m\u00e1s completo para usted. Toda la capacitaci\u00f3n aprobada por el Registro que figure en el expediente se incluir\u00e1 en su <a href=\"https:\/\/www.nevadaregistry.org\/es\/news-updates\/consejo-tecnologico-acceso-a-su-perfil-transcripcion-de-desarrollo-profesional\/\">Perfil\/Transcripci\u00f3n de Desarrollo Profesional<\/a> de capacitaci\u00f3n completada y es una excelente manera de destacar sus actividades de desarrollo profesional.    <\/p>\n<ul>\n<li>\n<h6>Diploma de escuela secundaria\/Certificado de GED &#8211;  <em>No se requiere un diploma de educaci\u00f3n secundaria para colocarse en el Nivel 1.1. El requisito del diploma de educaci\u00f3n secundaria ser\u00e1 exonerado para los solicitantes con 20 o m\u00e1s cr\u00e9ditos universitarios generales. <\/em><\/h6>\n<\/li>\n<li>\n<h6>Certificados de Formaci\u00f3n &#8211; <em>Presente todos los certificados de formaci\u00f3n acumulados a lo largo de toda su carrera para obtener el registro m\u00e1s completo de su desarrollo profesional.<\/em><\/h6>\n<\/li>\n<li>\n<h6>Credencial de Asociado en Desarrollo Infantil \u00ae (CDA) &#8211;  <em>Emitido por el Council for Professional Recognition. Debe ser una credencial CDA\u00ae oficial; no se aceptar\u00e1n certificados temporales. <\/em><\/h6>\n<\/li>\n<li>\n<h6>Expedientes acad\u00e9micos universitarios &#8211;  <em>Se aceptan transcripciones oficiales (preferidas) y no oficiales. El nombre de la instituci\u00f3n, el nombre del estudiante, el t\u00edtulo obtenido (si procede) y la fecha de concesi\u00f3n (si procede) deben estar impresos en el documento. Los diplomas universitarios no deben presentarse en lugar de las transcripciones. Sin las transcripciones, los miembros podr\u00edan no recibir el cr\u00e9dito apropiado por los t\u00edtulos obtenidos.   <\/em><\/h6>\n<\/li>\n<li>\n<h6><a href=\"https:\/\/www.nevadaregistry.org\/wp-content\/uploads\/2020\/08\/CourseDescriptionFormFILLABLE.pdf\">Formulario de Descripci\u00f3n de Cursos Universitarios<\/a> (si corresponde) &#8211; <em>Este formulario puede presentarse para solicitar la revisi\u00f3n de cursos relacionados con la Educaci\u00f3n Infantil Temprana obtenidos dentro de un t\u00edtulo no espec\u00edfico en Educaci\u00f3n Infantil Temprana.<\/em><\/h6>\n<\/li>\n<li>\n<h6>Traducci\u00f3n de Expedientes Acad\u00e9micos Internacionales (si procede) &#8211; <em>Para que los t\u00edtulos\/cursos obtenidos en pa\u00edses distintos a Estados Unidos sean considerados para la ubicaci\u00f3n en la Escala Profesional, los documentos educativos deben ser traducidos y evaluados para determinar su equivalencia en Estados Unidos por una organizaci\u00f3n aprobada por la <a href=\"https:\/\/naces.org\/\">National Association of Credential Evaluation Services<\/a> (NACES).<\/em><\/h6>\n<\/li>\n<li>\n<h6><a href=\"https:\/\/www.nevadaregistry.org\/wp-content\/uploads\/2025\/06\/RecordofPreviousEarlyChildhoodExperience.pdf\">Historial laboral previo en Educaci\u00f3n Infantil Temprana<\/a> &#8211; <em>El total de a\u00f1os de experiencia que usted declare se destacar\u00e1 en su certificado adem\u00e1s de su nivel en la Escala Profesional.<\/em><\/h6>\n<\/li>\n<\/ul>\n<p><strong>\u00bfPreguntas?<\/strong><br \/>\nPor favor, <a href=\"https:\/\/www.nevadaregistry.org\/es\/acerca\/contactenos\/\">contacte<\/a> con nuestra oficina para obtener asistencia.<\/p>\n<p><em>Esta p\u00e1gina puede estar sujeta a revisiones y modificaciones peri\u00f3dicas. <\/em><\/p>\n<p>&nbsp;<\/p>\n","protected":false},"excerpt":{"rendered":"<p>Revisado\/Actualizado en enero de 2026 Revisar la lista de verificaci\u00f3n a continuaci\u00f3n y consultar la Escalera Profesional de Educaci\u00f3n y&#8230;<\/p>\n","protected":false},"author":2,"featured_media":0,"parent":13357,"menu_order":0,"comment_status":"closed","ping_status":"closed","template":"","meta":{"_acf_changed":false,"footnotes":""},"class_list":["post-16049","page","type-page","status-publish","hentry"],"acf":[],"yoast_head":"<!-- This site is optimized with the Yoast SEO plugin v27.2 - https:\/\/yoast.com\/product\/yoast-seo-wordpress\/ -->\n<title>Solicitud de membres\u00eda y lista de verificaci\u00f3n para la ubicaci\u00f3n en la escala profesional - The Nevada Registry<\/title>\n<meta name=\"description\" content=\"Revisado\/Actualizado en enero de 2026 Revisar la lista de verificaci\u00f3n a continuaci\u00f3n y consultar la Escalera Profesional de Educaci\u00f3n y Cuidado Temprano\" \/>\n<meta name=\"robots\" content=\"index, follow, max-snippet:-1, max-image-preview:large, max-video-preview:-1\" \/>\n<link rel=\"canonical\" href=\"https:\/\/www.nevadaregistry.org\/es\/membresia\/solicitud-de-membresia-y-lista-de-verificacion-para-la-ubicacion-en-la-escala-profesional\/\" \/>\n<meta property=\"og:locale\" content=\"es_ES\" \/>\n<meta property=\"og:type\" content=\"article\" \/>\n<meta property=\"og:title\" content=\"Solicitud de membres\u00eda y lista de verificaci\u00f3n para la ubicaci\u00f3n en la escala profesional - The Nevada Registry\" \/>\n<meta property=\"og:description\" content=\"Revisado\/Actualizado en enero de 2026 Revisar la lista de verificaci\u00f3n a continuaci\u00f3n y consultar la Escalera Profesional de Educaci\u00f3n y Cuidado Temprano\" \/>\n<meta property=\"og:url\" content=\"https:\/\/www.nevadaregistry.org\/es\/membresia\/solicitud-de-membresia-y-lista-de-verificacion-para-la-ubicacion-en-la-escala-profesional\/\" \/>\n<meta property=\"og:site_name\" content=\"The Nevada Registry\" \/>\n<meta property=\"article:publisher\" content=\"https:\/\/www.facebook.com\/nevadaregistry\" \/>\n<meta property=\"article:modified_time\" content=\"2026-03-06T15:54:43+00:00\" \/>\n<meta property=\"og:image\" content=\"https:\/\/www.nevadaregistry.org\/wp-content\/uploads\/2020\/10\/NevadaRegistryOGImage.jpg\" \/>\n\t<meta property=\"og:image:width\" content=\"1200\" \/>\n\t<meta property=\"og:image:height\" content=\"630\" \/>\n\t<meta property=\"og:image:type\" content=\"image\/jpeg\" \/>\n<meta name=\"twitter:card\" content=\"summary_large_image\" \/>\n<meta name=\"twitter:label1\" content=\"Tiempo de lectura\" \/>\n\t<meta name=\"twitter:data1\" content=\"6 minutos\" \/>\n<script type=\"application\/ld+json\" class=\"yoast-schema-graph\">{\"@context\":\"https:\/\/schema.org\",\"@graph\":[{\"@type\":\"WebPage\",\"@id\":\"https:\/\/www.nevadaregistry.org\/es\/membresia\/solicitud-de-membresia-y-lista-de-verificacion-para-la-ubicacion-en-la-escala-profesional\/\",\"url\":\"https:\/\/www.nevadaregistry.org\/es\/membresia\/solicitud-de-membresia-y-lista-de-verificacion-para-la-ubicacion-en-la-escala-profesional\/\",\"name\":\"Solicitud de membres\u00eda y lista de verificaci\u00f3n para la ubicaci\u00f3n en la escala profesional - The Nevada Registry\",\"isPartOf\":{\"@id\":\"https:\/\/www.nevadaregistry.org\/es\/#website\"},\"datePublished\":\"2025-06-14T17:32:34+00:00\",\"dateModified\":\"2026-03-06T15:54:43+00:00\",\"description\":\"Revisado\/Actualizado en enero de 2026 Revisar la lista de verificaci\u00f3n a continuaci\u00f3n y consultar la Escalera Profesional de Educaci\u00f3n y Cuidado Temprano\",\"breadcrumb\":{\"@id\":\"https:\/\/www.nevadaregistry.org\/es\/membresia\/solicitud-de-membresia-y-lista-de-verificacion-para-la-ubicacion-en-la-escala-profesional\/#breadcrumb\"},\"inLanguage\":\"es\",\"potentialAction\":[{\"@type\":\"ReadAction\",\"target\":[\"https:\/\/www.nevadaregistry.org\/es\/membresia\/solicitud-de-membresia-y-lista-de-verificacion-para-la-ubicacion-en-la-escala-profesional\/\"]}]},{\"@type\":\"BreadcrumbList\",\"@id\":\"https:\/\/www.nevadaregistry.org\/es\/membresia\/solicitud-de-membresia-y-lista-de-verificacion-para-la-ubicacion-en-la-escala-profesional\/#breadcrumb\",\"itemListElement\":[{\"@type\":\"ListItem\",\"position\":1,\"name\":\"Home\",\"item\":\"https:\/\/www.nevadaregistry.org\/es\/pagina-principal\/\"},{\"@type\":\"ListItem\",\"position\":2,\"name\":\"Membres\u00eda\",\"item\":\"https:\/\/www.nevadaregistry.org\/es\/membresia\/\"},{\"@type\":\"ListItem\",\"position\":3,\"name\":\"Solicitud de membres\u00eda y lista de verificaci\u00f3n para la ubicaci\u00f3n en la escala profesional\"}]},{\"@type\":\"WebSite\",\"@id\":\"https:\/\/www.nevadaregistry.org\/es\/#website\",\"url\":\"https:\/\/www.nevadaregistry.org\/es\/\",\"name\":\"The Nevada Registry\",\"description\":\"Workforce data system capturing information about the Early Childhood Education and Care (ECEC) workforce in Nevada.\",\"publisher\":{\"@id\":\"https:\/\/www.nevadaregistry.org\/es\/#organization\"},\"potentialAction\":[{\"@type\":\"SearchAction\",\"target\":{\"@type\":\"EntryPoint\",\"urlTemplate\":\"https:\/\/www.nevadaregistry.org\/es\/?s={search_term_string}\"},\"query-input\":{\"@type\":\"PropertyValueSpecification\",\"valueRequired\":true,\"valueName\":\"search_term_string\"}}],\"inLanguage\":\"es\"},{\"@type\":\"Organization\",\"@id\":\"https:\/\/www.nevadaregistry.org\/es\/#organization\",\"name\":\"El Nevada Registry\",\"url\":\"https:\/\/www.nevadaregistry.org\/es\/\",\"logo\":{\"@type\":\"ImageObject\",\"inLanguage\":\"es\",\"@id\":\"https:\/\/www.nevadaregistry.org\/es\/#\/schema\/logo\/image\/\",\"url\":\"https:\/\/www.nevadaregistry.org\/wp-content\/uploads\/2020\/10\/tnr-logo-purple-copy.jpg\",\"contentUrl\":\"https:\/\/www.nevadaregistry.org\/wp-content\/uploads\/2020\/10\/tnr-logo-purple-copy.jpg\",\"width\":\"900\",\"height\":\"562\",\"caption\":\"El Nevada Registry\"},\"image\":{\"@id\":\"https:\/\/www.nevadaregistry.org\/es\/#\/schema\/logo\/image\/\"},\"sameAs\":[\"https:\/\/www.facebook.com\/nevadaregistry\"]}]}<\/script>\n<!-- \/ Yoast SEO plugin. -->","yoast_head_json":{"title":"Solicitud de membres\u00eda y lista de verificaci\u00f3n para la ubicaci\u00f3n en la escala profesional - The Nevada Registry","description":"Revisado\/Actualizado en enero de 2026 Revisar la lista de verificaci\u00f3n a continuaci\u00f3n y consultar la Escalera Profesional de Educaci\u00f3n y Cuidado Temprano","robots":{"index":"index","follow":"follow","max-snippet":"max-snippet:-1","max-image-preview":"max-image-preview:large","max-video-preview":"max-video-preview:-1"},"canonical":"https:\/\/www.nevadaregistry.org\/es\/membresia\/solicitud-de-membresia-y-lista-de-verificacion-para-la-ubicacion-en-la-escala-profesional\/","og_locale":"es_ES","og_type":"article","og_title":"Solicitud de membres\u00eda y lista de verificaci\u00f3n para la ubicaci\u00f3n en la escala profesional - The Nevada Registry","og_description":"Revisado\/Actualizado en enero de 2026 Revisar la lista de verificaci\u00f3n a continuaci\u00f3n y consultar la Escalera Profesional de Educaci\u00f3n y Cuidado Temprano","og_url":"https:\/\/www.nevadaregistry.org\/es\/membresia\/solicitud-de-membresia-y-lista-de-verificacion-para-la-ubicacion-en-la-escala-profesional\/","og_site_name":"The Nevada Registry","article_publisher":"https:\/\/www.facebook.com\/nevadaregistry","article_modified_time":"2026-03-06T15:54:43+00:00","og_image":[{"width":1200,"height":630,"url":"https:\/\/www.nevadaregistry.org\/wp-content\/uploads\/2020\/10\/NevadaRegistryOGImage.jpg","type":"image\/jpeg"}],"twitter_card":"summary_large_image","twitter_misc":{"Tiempo de lectura":"6 minutos"},"schema":{"@context":"https:\/\/schema.org","@graph":[{"@type":"WebPage","@id":"https:\/\/www.nevadaregistry.org\/es\/membresia\/solicitud-de-membresia-y-lista-de-verificacion-para-la-ubicacion-en-la-escala-profesional\/","url":"https:\/\/www.nevadaregistry.org\/es\/membresia\/solicitud-de-membresia-y-lista-de-verificacion-para-la-ubicacion-en-la-escala-profesional\/","name":"Solicitud de membres\u00eda y lista de verificaci\u00f3n para la ubicaci\u00f3n en la escala profesional - The Nevada Registry","isPartOf":{"@id":"https:\/\/www.nevadaregistry.org\/es\/#website"},"datePublished":"2025-06-14T17:32:34+00:00","dateModified":"2026-03-06T15:54:43+00:00","description":"Revisado\/Actualizado en enero de 2026 Revisar la lista de verificaci\u00f3n a continuaci\u00f3n y consultar la Escalera Profesional de Educaci\u00f3n y Cuidado Temprano","breadcrumb":{"@id":"https:\/\/www.nevadaregistry.org\/es\/membresia\/solicitud-de-membresia-y-lista-de-verificacion-para-la-ubicacion-en-la-escala-profesional\/#breadcrumb"},"inLanguage":"es","potentialAction":[{"@type":"ReadAction","target":["https:\/\/www.nevadaregistry.org\/es\/membresia\/solicitud-de-membresia-y-lista-de-verificacion-para-la-ubicacion-en-la-escala-profesional\/"]}]},{"@type":"BreadcrumbList","@id":"https:\/\/www.nevadaregistry.org\/es\/membresia\/solicitud-de-membresia-y-lista-de-verificacion-para-la-ubicacion-en-la-escala-profesional\/#breadcrumb","itemListElement":[{"@type":"ListItem","position":1,"name":"Home","item":"https:\/\/www.nevadaregistry.org\/es\/pagina-principal\/"},{"@type":"ListItem","position":2,"name":"Membres\u00eda","item":"https:\/\/www.nevadaregistry.org\/es\/membresia\/"},{"@type":"ListItem","position":3,"name":"Solicitud de membres\u00eda y lista de verificaci\u00f3n para la ubicaci\u00f3n en la escala profesional"}]},{"@type":"WebSite","@id":"https:\/\/www.nevadaregistry.org\/es\/#website","url":"https:\/\/www.nevadaregistry.org\/es\/","name":"The Nevada Registry","description":"Workforce data system capturing information about the Early Childhood Education and Care (ECEC) workforce in Nevada.","publisher":{"@id":"https:\/\/www.nevadaregistry.org\/es\/#organization"},"potentialAction":[{"@type":"SearchAction","target":{"@type":"EntryPoint","urlTemplate":"https:\/\/www.nevadaregistry.org\/es\/?s={search_term_string}"},"query-input":{"@type":"PropertyValueSpecification","valueRequired":true,"valueName":"search_term_string"}}],"inLanguage":"es"},{"@type":"Organization","@id":"https:\/\/www.nevadaregistry.org\/es\/#organization","name":"El Nevada Registry","url":"https:\/\/www.nevadaregistry.org\/es\/","logo":{"@type":"ImageObject","inLanguage":"es","@id":"https:\/\/www.nevadaregistry.org\/es\/#\/schema\/logo\/image\/","url":"https:\/\/www.nevadaregistry.org\/wp-content\/uploads\/2020\/10\/tnr-logo-purple-copy.jpg","contentUrl":"https:\/\/www.nevadaregistry.org\/wp-content\/uploads\/2020\/10\/tnr-logo-purple-copy.jpg","width":"900","height":"562","caption":"El Nevada Registry"},"image":{"@id":"https:\/\/www.nevadaregistry.org\/es\/#\/schema\/logo\/image\/"},"sameAs":["https:\/\/www.facebook.com\/nevadaregistry"]}]}},"_links":{"self":[{"href":"https:\/\/www.nevadaregistry.org\/es\/wp-json\/wp\/v2\/pages\/16049","targetHints":{"allow":["GET"]}}],"collection":[{"href":"https:\/\/www.nevadaregistry.org\/es\/wp-json\/wp\/v2\/pages"}],"about":[{"href":"https:\/\/www.nevadaregistry.org\/es\/wp-json\/wp\/v2\/types\/page"}],"author":[{"embeddable":true,"href":"https:\/\/www.nevadaregistry.org\/es\/wp-json\/wp\/v2\/users\/2"}],"replies":[{"embeddable":true,"href":"https:\/\/www.nevadaregistry.org\/es\/wp-json\/wp\/v2\/comments?post=16049"}],"version-history":[{"count":17,"href":"https:\/\/www.nevadaregistry.org\/es\/wp-json\/wp\/v2\/pages\/16049\/revisions"}],"predecessor-version":[{"id":18154,"href":"https:\/\/www.nevadaregistry.org\/es\/wp-json\/wp\/v2\/pages\/16049\/revisions\/18154"}],"up":[{"embeddable":true,"href":"https:\/\/www.nevadaregistry.org\/es\/wp-json\/wp\/v2\/pages\/13357"}],"wp:attachment":[{"href":"https:\/\/www.nevadaregistry.org\/es\/wp-json\/wp\/v2\/media?parent=16049"}],"curies":[{"name":"wp","href":"https:\/\/api.w.org\/{rel}","templated":true}]}}