{"id":16222,"date":"2025-06-17T13:25:14","date_gmt":"2025-06-17T20:25:14","guid":{"rendered":"https:\/\/www.nevadaregistry.org\/membresia\/formularios-relacionados-con-la-membresia\/acuerdo-de-miembro-de-the-nevada-registry\/"},"modified":"2026-02-03T18:40:12","modified_gmt":"2026-02-04T01:40:12","slug":"acuerdo-de-miembro-de-the-nevada-registry","status":"publish","type":"page","link":"https:\/\/www.nevadaregistry.org\/es\/membresia\/formularios-relacionados-con-la-membresia\/acuerdo-de-miembro-de-the-nevada-registry\/","title":{"rendered":"Acuerdo de miembro de The Nevada Registry"},"content":{"rendered":"<h6><em>Revisado\/actualizado junio de 2025<\/em><\/h6>\n<p>Certifico que la informaci\u00f3n incluida en mi solicitud es verdadera y correcta. Asimismo, reconozco, comprendo y acepto lo siguiente: <\/p>\n<ul>\n<li>Soy responsable de la informaci\u00f3n incluida en mi solicitud y entiendo que no se procesar\u00e1 si no subo la documentaci\u00f3n requerida necesaria para la ubicaci\u00f3n en la <a href=\"https:\/\/www.nevadaregistry.org\/es\/recursos-de-ece\/escalera-profesional\/\">Escalera Profesional<\/a>. En caso de que se necesite documentaci\u00f3n adicional para procesar mi solicitud, cooperar\u00e9 plenamente con el personal de The Nevada Registry para presentar la documentaci\u00f3n solicitada dentro del plazo requerido. Entiendo que la documentaci\u00f3n que no se pueda verificar no se tendr\u00e1 en cuenta para mi ubicaci\u00f3n en el nivel de la Escalera Profesional.<\/li>\n<li>Mi solicitud no ser\u00e1 reprocesada para considerar documentaci\u00f3n no cargada en esta aplicaci\u00f3n. El costo de una reevaluaci\u00f3n de la Escala Profesional es de $20. <\/li>\n<li>Mi membres\u00eda con The Nevada Registry debe ser renovada anualmente. No hay costo para renovar mi membres\u00eda dentro de los 30 d\u00edas posteriores a la fecha de vencimiento de mi certificado. Estar\u00e9 sujeto a una tarifa de reactivaci\u00f3n de $25 si renuevo 30 d\u00edas o m\u00e1s despu\u00e9s de la fecha de vencimiento de mi certificado.  <\/li>\n<li>Como miembro activo de The Nevada Registry, tendr\u00e9 acceso a mi propia cuenta del <a href=\"https:\/\/ww2.nevadaregistry.org\/UserPortal\/NRUsers.aspx\">Portal en l\u00ednea<\/a>, que contiene toda la informaci\u00f3n archivada en mi cuenta. Esta cuenta est\u00e1 protegida con contrase\u00f1a y nadie que no sea personal de The Nevada Registry puede acceder a ella sin mi consentimiento expreso. Para proteger la confidencialidad de mi cuenta, entiendo que no debo compartir mi contrase\u00f1a con otros.<\/li>\n<li>The Nevada Registry es un sistema sin papel que utiliza el correo electr\u00f3nico para comunicarse con los miembros. Por esta raz\u00f3n, es imperativo que <strong>siempre<\/strong> haya una direcci\u00f3n de correo electr\u00f3nico actual\/v\u00e1lida registrada a mi nombre<strong>.<\/strong> Sin una direcci\u00f3n de correo electr\u00f3nico v\u00e1lida en el archivo, no tendr\u00e9 acceso a mi <a href=\"https:\/\/ww2.nevadaregistry.org\/UserPortal\/NRUsers.aspx\">Portal en L\u00ednea<\/a> ni al certificado de membres\u00eda. Tampoco recibir\u00e9 notificaciones, actualizaciones pertinentes a mi membres\u00eda o avisos de recordatorio de renovaci\u00f3n.  <\/li>\n<li>Una copia digital de mi certificado de membres\u00eda estar\u00e1 disponible en mi cuenta del <a href=\"https:\/\/ww2.nevadaregistry.org\/UserPortal\/NRUsers.aspx\">Portal en l\u00ednea<\/a> y se podr\u00e1 acceder a ella y descargarla en cualquier momento. Tambi\u00e9n puedo acceder a mi Plan de Desarrollo Profesional (PDP) y a una transcripci\u00f3n de la formaci\u00f3n completada y el desarrollo profesional archivados (es decir, &#8216;<a href=\"https:\/\/www.nevadaregistry.org\/es\/news-updates\/consejo-tecnologico-acceso-a-su-perfil-transcripcion-de-desarrollo-profesional\/\">Perfil\/Transcripci\u00f3n de Desarrollo Profesional<\/a>&#8216;), as\u00ed como actualizar mi empleo e informaci\u00f3n personal desde mi portal.<\/li>\n<li>The Nevada Registry puede utilizar la informaci\u00f3n de mi archivo para recopilar y publicar informes de datos grupales\/agregados que pueden hacerse p\u00fablicos tanto a nivel local como nacional como parte de la <a href=\"https:\/\/www.registryalliance.org\/\">Alianza Nacional de Registros de la Fuerza Laboral<\/a> para ayudar a crear un conjunto de datos nacional de datos de la fuerza laboral de la primera infancia. Los datos nunca se divulgan con ninguna informaci\u00f3n de identificaci\u00f3n personal adjunta.<\/li>\n<li>Las agencias reguladoras, el <a href=\"https:\/\/doe.nv.gov\/offices\/oeld\/ece-professionals\/qris\">Sistema de Calificaci\u00f3n y Mejora de la Calidad<\/a> (QRIS) de Nevada y otras iniciativas de calidad pueden acceder a los datos agregados en el futuro seg\u00fan lo indique la agencia de financiaci\u00f3n de The Nevada Registry. Los datos nunca se divulgan con ninguna informaci\u00f3n de identificaci\u00f3n personal adjunta.<\/li>\n<li>Cualquier dato proporcionado a la comunidad a trav\u00e9s del sitio web y\/o colaboradores por otros medios, se combina para informar sobre grandes grupos de personas, en lugar de sobre cualquier miembro individual.<\/li>\n<li>The Nevada Registry mantiene una colaboraci\u00f3n continua con la Agencia de Licencias de Cuidado Infantil. Por consiguiente, la informaci\u00f3n de car\u00e1cter regulatorio (por ejemplo, certificados fraudulentos) ser\u00e1 compartida entre las agencias seg\u00fan se considere oportuno por cualquiera de las partes. <\/li>\n<li>The Nevada Registry es una entidad p\u00fablica que proteger\u00e1 la confidencialidad de la informaci\u00f3n de identificaci\u00f3n personal proporcionada de acuerdo con los t\u00e9rminos de este acuerdo.<\/li>\n<li>Por la presente, indemnizo al personal de The Nevada Registry, a los miembros del Comit\u00e9 Asesor del Registro, a los empleados y a los agentes contra cualquier reclamaci\u00f3n que surja de o est\u00e9 relacionada con la informaci\u00f3n y\/o cualquier ubicaci\u00f3n subsiguiente en la Escala Profesional.<\/li>\n<\/ul>\n<p>Se requiere el reconocimiento del Acuerdo de Miembro para enviar su solicitud de membres\u00eda. Si no comprende los t\u00e9rminos de este acuerdo, por favor <a href=\"https:\/\/www.nevadaregistry.org\/es\/acerca\/contactenos\/\">contacte<\/a> a un miembro del personal del Registro para que se lo explique antes de aceptar el acuerdo. <\/p>\n<p><em>Este acuerdo puede estar sujeto a revisi\u00f3n y modificaci\u00f3n peri\u00f3dica.<\/em><\/p>\n","protected":false},"excerpt":{"rendered":"<p>Revisado\/actualizado junio de 2025 Certifico que la informaci\u00f3n incluida en mi solicitud es verdadera y correcta. Asimismo, reconozco, comprendo y&#8230;<\/p>\n","protected":false},"author":2,"featured_media":0,"parent":13364,"menu_order":0,"comment_status":"closed","ping_status":"closed","template":"","meta":{"_acf_changed":false,"footnotes":""},"class_list":["post-16222","page","type-page","status-publish","hentry"],"acf":[],"yoast_head":"<!-- This site is optimized with the Yoast SEO plugin v27.2 - https:\/\/yoast.com\/product\/yoast-seo-wordpress\/ -->\n<title>Acuerdo de miembro de The Nevada Registry - The Nevada Registry<\/title>\n<meta name=\"description\" content=\"Revisado\/actualizado junio de 2025 Certifico que la informaci\u00f3n incluida en mi solicitud es verdadera y correcta. Asimismo, reconozco, comprendo y acepto\" \/>\n<meta name=\"robots\" content=\"index, follow, max-snippet:-1, max-image-preview:large, max-video-preview:-1\" \/>\n<link rel=\"canonical\" href=\"https:\/\/www.nevadaregistry.org\/es\/membresia\/formularios-relacionados-con-la-membresia\/acuerdo-de-miembro-de-the-nevada-registry\/\" \/>\n<meta property=\"og:locale\" content=\"es_ES\" \/>\n<meta property=\"og:type\" content=\"article\" \/>\n<meta property=\"og:title\" content=\"Acuerdo de miembro de The Nevada Registry - The Nevada Registry\" \/>\n<meta property=\"og:description\" content=\"Revisado\/actualizado junio de 2025 Certifico que la informaci\u00f3n incluida en mi solicitud es verdadera y correcta. Asimismo, reconozco, comprendo y acepto\" \/>\n<meta property=\"og:url\" content=\"https:\/\/www.nevadaregistry.org\/es\/membresia\/formularios-relacionados-con-la-membresia\/acuerdo-de-miembro-de-the-nevada-registry\/\" \/>\n<meta property=\"og:site_name\" content=\"The Nevada Registry\" \/>\n<meta property=\"article:publisher\" content=\"https:\/\/www.facebook.com\/nevadaregistry\" \/>\n<meta property=\"article:modified_time\" content=\"2026-02-04T01:40:12+00:00\" \/>\n<meta property=\"og:image\" content=\"https:\/\/www.nevadaregistry.org\/wp-content\/uploads\/2020\/10\/NevadaRegistryOGImage.jpg\" \/>\n\t<meta property=\"og:image:width\" content=\"1200\" \/>\n\t<meta property=\"og:image:height\" content=\"630\" \/>\n\t<meta property=\"og:image:type\" content=\"image\/jpeg\" \/>\n<meta name=\"twitter:card\" content=\"summary_large_image\" \/>\n<meta name=\"twitter:label1\" content=\"Tiempo de lectura\" \/>\n\t<meta name=\"twitter:data1\" content=\"4 minutos\" \/>\n<script type=\"application\/ld+json\" class=\"yoast-schema-graph\">{\"@context\":\"https:\/\/schema.org\",\"@graph\":[{\"@type\":\"WebPage\",\"@id\":\"https:\/\/www.nevadaregistry.org\/es\/membresia\/formularios-relacionados-con-la-membresia\/acuerdo-de-miembro-de-the-nevada-registry\/\",\"url\":\"https:\/\/www.nevadaregistry.org\/es\/membresia\/formularios-relacionados-con-la-membresia\/acuerdo-de-miembro-de-the-nevada-registry\/\",\"name\":\"Acuerdo de miembro de The Nevada Registry - The Nevada Registry\",\"isPartOf\":{\"@id\":\"https:\/\/www.nevadaregistry.org\/es\/#website\"},\"datePublished\":\"2025-06-17T20:25:14+00:00\",\"dateModified\":\"2026-02-04T01:40:12+00:00\",\"description\":\"Revisado\/actualizado junio de 2025 Certifico que la informaci\u00f3n incluida en mi solicitud es verdadera y correcta. Asimismo, reconozco, comprendo y acepto\",\"breadcrumb\":{\"@id\":\"https:\/\/www.nevadaregistry.org\/es\/membresia\/formularios-relacionados-con-la-membresia\/acuerdo-de-miembro-de-the-nevada-registry\/#breadcrumb\"},\"inLanguage\":\"es\",\"potentialAction\":[{\"@type\":\"ReadAction\",\"target\":[\"https:\/\/www.nevadaregistry.org\/es\/membresia\/formularios-relacionados-con-la-membresia\/acuerdo-de-miembro-de-the-nevada-registry\/\"]}]},{\"@type\":\"BreadcrumbList\",\"@id\":\"https:\/\/www.nevadaregistry.org\/es\/membresia\/formularios-relacionados-con-la-membresia\/acuerdo-de-miembro-de-the-nevada-registry\/#breadcrumb\",\"itemListElement\":[{\"@type\":\"ListItem\",\"position\":1,\"name\":\"Home\",\"item\":\"https:\/\/www.nevadaregistry.org\/es\/pagina-principal\/\"},{\"@type\":\"ListItem\",\"position\":2,\"name\":\"Membres\u00eda\",\"item\":\"https:\/\/www.nevadaregistry.org\/es\/membresia\/\"},{\"@type\":\"ListItem\",\"position\":3,\"name\":\"Formularios relacionados con la membres\u00eda\",\"item\":\"https:\/\/www.nevadaregistry.org\/es\/membresia\/formularios-relacionados-con-la-membresia\/\"},{\"@type\":\"ListItem\",\"position\":4,\"name\":\"Acuerdo de miembro de The Nevada Registry\"}]},{\"@type\":\"WebSite\",\"@id\":\"https:\/\/www.nevadaregistry.org\/es\/#website\",\"url\":\"https:\/\/www.nevadaregistry.org\/es\/\",\"name\":\"The Nevada Registry\",\"description\":\"Workforce data system capturing information about the Early Childhood Education and Care (ECEC) workforce in Nevada.\",\"publisher\":{\"@id\":\"https:\/\/www.nevadaregistry.org\/es\/#organization\"},\"potentialAction\":[{\"@type\":\"SearchAction\",\"target\":{\"@type\":\"EntryPoint\",\"urlTemplate\":\"https:\/\/www.nevadaregistry.org\/es\/?s={search_term_string}\"},\"query-input\":{\"@type\":\"PropertyValueSpecification\",\"valueRequired\":true,\"valueName\":\"search_term_string\"}}],\"inLanguage\":\"es\"},{\"@type\":\"Organization\",\"@id\":\"https:\/\/www.nevadaregistry.org\/es\/#organization\",\"name\":\"El Nevada Registry\",\"url\":\"https:\/\/www.nevadaregistry.org\/es\/\",\"logo\":{\"@type\":\"ImageObject\",\"inLanguage\":\"es\",\"@id\":\"https:\/\/www.nevadaregistry.org\/es\/#\/schema\/logo\/image\/\",\"url\":\"https:\/\/www.nevadaregistry.org\/wp-content\/uploads\/2020\/10\/tnr-logo-purple-copy.jpg\",\"contentUrl\":\"https:\/\/www.nevadaregistry.org\/wp-content\/uploads\/2020\/10\/tnr-logo-purple-copy.jpg\",\"width\":\"900\",\"height\":\"562\",\"caption\":\"El Nevada Registry\"},\"image\":{\"@id\":\"https:\/\/www.nevadaregistry.org\/es\/#\/schema\/logo\/image\/\"},\"sameAs\":[\"https:\/\/www.facebook.com\/nevadaregistry\"]}]}<\/script>\n<!-- \/ Yoast SEO plugin. -->","yoast_head_json":{"title":"Acuerdo de miembro de The Nevada Registry - The Nevada Registry","description":"Revisado\/actualizado junio de 2025 Certifico que la informaci\u00f3n incluida en mi solicitud es verdadera y correcta. Asimismo, reconozco, comprendo y acepto","robots":{"index":"index","follow":"follow","max-snippet":"max-snippet:-1","max-image-preview":"max-image-preview:large","max-video-preview":"max-video-preview:-1"},"canonical":"https:\/\/www.nevadaregistry.org\/es\/membresia\/formularios-relacionados-con-la-membresia\/acuerdo-de-miembro-de-the-nevada-registry\/","og_locale":"es_ES","og_type":"article","og_title":"Acuerdo de miembro de The Nevada Registry - The Nevada Registry","og_description":"Revisado\/actualizado junio de 2025 Certifico que la informaci\u00f3n incluida en mi solicitud es verdadera y correcta. Asimismo, reconozco, comprendo y acepto","og_url":"https:\/\/www.nevadaregistry.org\/es\/membresia\/formularios-relacionados-con-la-membresia\/acuerdo-de-miembro-de-the-nevada-registry\/","og_site_name":"The Nevada Registry","article_publisher":"https:\/\/www.facebook.com\/nevadaregistry","article_modified_time":"2026-02-04T01:40:12+00:00","og_image":[{"width":1200,"height":630,"url":"https:\/\/www.nevadaregistry.org\/wp-content\/uploads\/2020\/10\/NevadaRegistryOGImage.jpg","type":"image\/jpeg"}],"twitter_card":"summary_large_image","twitter_misc":{"Tiempo de lectura":"4 minutos"},"schema":{"@context":"https:\/\/schema.org","@graph":[{"@type":"WebPage","@id":"https:\/\/www.nevadaregistry.org\/es\/membresia\/formularios-relacionados-con-la-membresia\/acuerdo-de-miembro-de-the-nevada-registry\/","url":"https:\/\/www.nevadaregistry.org\/es\/membresia\/formularios-relacionados-con-la-membresia\/acuerdo-de-miembro-de-the-nevada-registry\/","name":"Acuerdo de miembro de The Nevada Registry - The Nevada Registry","isPartOf":{"@id":"https:\/\/www.nevadaregistry.org\/es\/#website"},"datePublished":"2025-06-17T20:25:14+00:00","dateModified":"2026-02-04T01:40:12+00:00","description":"Revisado\/actualizado junio de 2025 Certifico que la informaci\u00f3n incluida en mi solicitud es verdadera y correcta. Asimismo, reconozco, comprendo y acepto","breadcrumb":{"@id":"https:\/\/www.nevadaregistry.org\/es\/membresia\/formularios-relacionados-con-la-membresia\/acuerdo-de-miembro-de-the-nevada-registry\/#breadcrumb"},"inLanguage":"es","potentialAction":[{"@type":"ReadAction","target":["https:\/\/www.nevadaregistry.org\/es\/membresia\/formularios-relacionados-con-la-membresia\/acuerdo-de-miembro-de-the-nevada-registry\/"]}]},{"@type":"BreadcrumbList","@id":"https:\/\/www.nevadaregistry.org\/es\/membresia\/formularios-relacionados-con-la-membresia\/acuerdo-de-miembro-de-the-nevada-registry\/#breadcrumb","itemListElement":[{"@type":"ListItem","position":1,"name":"Home","item":"https:\/\/www.nevadaregistry.org\/es\/pagina-principal\/"},{"@type":"ListItem","position":2,"name":"Membres\u00eda","item":"https:\/\/www.nevadaregistry.org\/es\/membresia\/"},{"@type":"ListItem","position":3,"name":"Formularios relacionados con la membres\u00eda","item":"https:\/\/www.nevadaregistry.org\/es\/membresia\/formularios-relacionados-con-la-membresia\/"},{"@type":"ListItem","position":4,"name":"Acuerdo de miembro de The Nevada Registry"}]},{"@type":"WebSite","@id":"https:\/\/www.nevadaregistry.org\/es\/#website","url":"https:\/\/www.nevadaregistry.org\/es\/","name":"The Nevada Registry","description":"Workforce data system capturing information about the Early Childhood Education and Care (ECEC) workforce in Nevada.","publisher":{"@id":"https:\/\/www.nevadaregistry.org\/es\/#organization"},"potentialAction":[{"@type":"SearchAction","target":{"@type":"EntryPoint","urlTemplate":"https:\/\/www.nevadaregistry.org\/es\/?s={search_term_string}"},"query-input":{"@type":"PropertyValueSpecification","valueRequired":true,"valueName":"search_term_string"}}],"inLanguage":"es"},{"@type":"Organization","@id":"https:\/\/www.nevadaregistry.org\/es\/#organization","name":"El Nevada Registry","url":"https:\/\/www.nevadaregistry.org\/es\/","logo":{"@type":"ImageObject","inLanguage":"es","@id":"https:\/\/www.nevadaregistry.org\/es\/#\/schema\/logo\/image\/","url":"https:\/\/www.nevadaregistry.org\/wp-content\/uploads\/2020\/10\/tnr-logo-purple-copy.jpg","contentUrl":"https:\/\/www.nevadaregistry.org\/wp-content\/uploads\/2020\/10\/tnr-logo-purple-copy.jpg","width":"900","height":"562","caption":"El Nevada Registry"},"image":{"@id":"https:\/\/www.nevadaregistry.org\/es\/#\/schema\/logo\/image\/"},"sameAs":["https:\/\/www.facebook.com\/nevadaregistry"]}]}},"_links":{"self":[{"href":"https:\/\/www.nevadaregistry.org\/es\/wp-json\/wp\/v2\/pages\/16222","targetHints":{"allow":["GET"]}}],"collection":[{"href":"https:\/\/www.nevadaregistry.org\/es\/wp-json\/wp\/v2\/pages"}],"about":[{"href":"https:\/\/www.nevadaregistry.org\/es\/wp-json\/wp\/v2\/types\/page"}],"author":[{"embeddable":true,"href":"https:\/\/www.nevadaregistry.org\/es\/wp-json\/wp\/v2\/users\/2"}],"replies":[{"embeddable":true,"href":"https:\/\/www.nevadaregistry.org\/es\/wp-json\/wp\/v2\/comments?post=16222"}],"version-history":[{"count":5,"href":"https:\/\/www.nevadaregistry.org\/es\/wp-json\/wp\/v2\/pages\/16222\/revisions"}],"predecessor-version":[{"id":17902,"href":"https:\/\/www.nevadaregistry.org\/es\/wp-json\/wp\/v2\/pages\/16222\/revisions\/17902"}],"up":[{"embeddable":true,"href":"https:\/\/www.nevadaregistry.org\/es\/wp-json\/wp\/v2\/pages\/13364"}],"wp:attachment":[{"href":"https:\/\/www.nevadaregistry.org\/es\/wp-json\/wp\/v2\/media?parent=16222"}],"curies":[{"name":"wp","href":"https:\/\/api.w.org\/{rel}","templated":true}]}}