{"id":16688,"date":"2025-08-04T14:16:42","date_gmt":"2025-08-04T21:16:42","guid":{"rendered":"https:\/\/www.nevadaregistry.org\/formacion-desarrollo-profesional\/requisitos-de-formacion-inicial-y-continua-para-la-concesion-de-licencias-de-cuidado-infantil-directrices-para-su-cumplimiento\/"},"modified":"2026-03-06T07:51:53","modified_gmt":"2026-03-06T15:51:53","slug":"requisitos-de-formacion-inicial-y-continua-para-la-concesion-de-licencias-de-cuidado-infantil-directrices-para-su-cumplimiento","status":"publish","type":"page","link":"https:\/\/www.nevadaregistry.org\/es\/formacion-desarrollo-profesional\/requisitos-de-formacion-inicial-y-continua-para-la-concesion-de-licencias-de-cuidado-infantil-directrices-para-su-cumplimiento\/","title":{"rendered":"Requisitos de formaci\u00f3n inicial y continua para la concesi\u00f3n de licencias de cuidado infantil: directrices para su cumplimiento"},"content":{"rendered":"<h6><em>Revisado\/Actualizado el 13 de enero de 2026<\/em><\/h6>\n<p>Todas las guarder\u00edas con licencia en Nevada est\u00e1n reguladas por la <a href=\"https:\/\/dwss.nv.gov\/Care\/CCL\/ccl-licensing-home\/\">Divisi\u00f3n de Servicios de Apoyo del Estado de Nevada &#8211; Programa de Licencias de Cuidado Infantil<\/a> (DSS CCL).<\/p>\n<p>Seg\u00fan las regulaciones de cuidado infantil de Nevada <a href=\"https:\/\/www.leg.state.nv.us\/NAC\/NAC-432A.html\">NAC432A SERVICIOS E INSTALACIONES PARA EL CUIDADO DE NI\u00d1OS<\/a>, todos los cuidadores que trabajen en centros de cuidado infantil con licencia deben completar cursos iniciales espec\u00edficos de capacitaci\u00f3n en cuidado infantil para trabajar con ni\u00f1os peque\u00f1os. Estos temas incluyen: RCP, Primeros Auxilios, Signos y S\u00edntomas de Enfermedades con Pat\u00f3genos Sangu\u00edneos, Reconocimiento y Prevenci\u00f3n del Abuso y Negligencia Infantil, S\u00edndrome de Muerte S\u00fabita del Lactante, Desarrollo Infantil, Bienestar de por Vida, Prevenci\u00f3n del S\u00edndrome del Beb\u00e9 Sacudido y Traumatismo Craneal Abusivo, Seguridad de Edificios e Instalaciones F\u00edsicas\/Almacenamiento de Materiales Peligrosos, Preparaci\u00f3n para Emergencias y Planificaci\u00f3n de Respuesta, Administraci\u00f3n de Medicamentos y Prevenci\u00f3n de Alergias Alimentarias, y Seguridad en el Transporte y Excursiones. Toda la capacitaci\u00f3n inicial debe completarse dentro de los 90 d\u00edas posteriores a la contrataci\u00f3n*.  <\/p>\n<p>El cuadro incluido en esta p\u00e1gina describe las directrices generales para la finalizaci\u00f3n de todos los requisitos de formaci\u00f3n inicial obligatorios, incluyendo el n\u00famero de horas necesarias, la frecuencia de los requisitos, as\u00ed como qu\u00e9 personal (si no todos) deben completar cada curso. Elaborado con la ayuda del personal de Child Care Licensing, su objetivo es ayudar a los educadores de la primera infancia a comprender mejor sus responsabilidades con respecto a los requisitos de formaci\u00f3n inicial y continua de Child Care Licensing. <\/p>\n<h3><img fetchpriority=\"high\" decoding=\"async\" class=\"\" src=\"https:\/\/www.nevadaregistry.org\/wp-content\/uploads\/2026\/01\/InitialTrainingChartUpdated1.14.26.png\" width=\"823\" height=\"681\"><br \/>\nNotas generales sobre los requisitos de formaci\u00f3n inicial\/continua:<\/h3>\n<ul>\n<li>Todos los cuidadores que trabajen en centros de cuidado infantil con licencia, independientemente del tipo (centros, hogares de grupo y cuidado infantil familiar), deben completar 24 horas de capacitaci\u00f3n anualmente, seg\u00fan las regulaciones de licencias de cuidado infantil. Las 24 horas pueden ser una combinaci\u00f3n de capacitaci\u00f3n inicial y continua.\n<ul>\n<li><strong>Formaci\u00f3n inicial<\/strong>: Todos los temas de formaci\u00f3n enumerados en el cuadro anterior se consideran requisitos de formaci\u00f3n inicial y deben completarse en un plazo de 90 d\u00edas a partir de la contrataci\u00f3n y, posteriormente, con la frecuencia indicada. Todos los cursos de formaci\u00f3n inicial se pueden completar en l\u00ednea, virtualmente o en persona, excepto la RCP, que debe completarse en persona***. <\/li>\n<li><strong>Capacitaci\u00f3n continua<\/strong>: Se deben completar veinticuatro horas de capacitaci\u00f3n durante cada per\u00edodo de licencia de 12 meses y de acuerdo con la fecha de la licencia del centro. Doce de estas horas deben ser espec\u00edficas para el grupo de edad atendido por el centro de cuidado infantil (seg\u00fan SB189). (Las horas de capacitaci\u00f3n inicial est\u00e1n <strong>incluidas<\/strong> en las 24 horas de capacitaci\u00f3n requeridas anualmente). Todos los cursos de capacitaci\u00f3n continua se pueden completar en l\u00ednea, virtualmente o en persona.  <\/li>\n<\/ul>\n<\/li>\n<li>Los centros de cuidado infantil pueden optar por exigir formaci\u00f3n adicional por encima de los requisitos m\u00ednimos de Child Care Licensing como condici\u00f3n de empleo.<\/li>\n<li>Toda la formaci\u00f3n debe ser aprobada y\/o reconocida por The Nevada Registry para que se contabilice para los requisitos de formaci\u00f3n anual.<\/li>\n<li>Todos los empleados que trabajen en centros de cuidado infantil con licencia deben convertirse en miembros activos de The Nevada Registry dentro de los 90 d\u00edas posteriores a la contrataci\u00f3n y mantener una membres\u00eda activa anualmente.<\/li>\n<li>Toda la formaci\u00f3n inicial obligatoria debe completarse <strong>antes de solicitar una <a href=\"https:\/\/www.nevadaregistry.org\/es\/membresia\/solicitar-membresia\/\">solicitud de afiliaci\u00f3n<\/a><\/strong> al Registro de Nevada. Las personas que presenten solicitudes incompletas sin documentaci\u00f3n que demuestre la finalizaci\u00f3n de todos los requisitos de formaci\u00f3n inicial obligatorios** <strong>no<\/strong> cumplen con las regulaciones de Licencias de Cuidado Infantil con respecto a la participaci\u00f3n obligatoria. <\/li>\n<\/ul>\n<h6><em><strong>* Requisitos \u00fanicos:<\/strong><\/em><br \/>\naunque la normativa solo lo exige una vez, es posible que las personas que trabajen en centros con licencia deban volver a realizar el curso si lo completaron hace m\u00e1s de dos a\u00f1os (a discreci\u00f3n del inspector de licencias). NOTA: no es necesario repetir la formaci\u00f3n inicial al cambiar de empleador, a menos que la formaci\u00f3n se haya realizado m\u00e1s de dos a\u00f1os antes de dicho cambio. <\/h6>\n<h6><em><strong>**formaci\u00f3n inicial:<\/strong><\/em><br \/>\na efectos de la solicitud a The Nevada Registry (\u00fanicamente), las personas que posean un CDA oficial actual (no se reconocen los CDA temporales), ocho o m\u00e1s cr\u00e9ditos universitarios en ECE (con m\u00e1s de 2000 horas de experiencia), un t\u00edtulo en ECE y\/o un t\u00edtulo en otro campo con 30 cr\u00e9ditos de ECE pueden presentar una copia de su credencial CDA actual (para CDA) o copias de transcripciones oficiales (preferidas) o no oficiales (para cr\u00e9ditos y t\u00edtulos universitarios) en lugar de certificados de formaci\u00f3n inicial.<\/h6>\n<h6><em><strong>*** Formaci\u00f3n en RCP\/primeros auxilios:<\/strong><\/em><\/h6>\n<h6>Seg\u00fan la licencia de cuidado infantil:<\/h6>\n<ul>\n<li>\n<h6>La capacitaci\u00f3n en RCP debe incluir un componente para beb\u00e9s\/ni\u00f1os\/pedi\u00e1trico. Las tarjetas que indiquen una formaci\u00f3n exclusiva para adultos o que no indiquen claramente que se incluy\u00f3 la RCP infantil\/pedi\u00e1trica no cumplen con el requisito y no ser\u00e1n aceptadas.<\/h6>\n<\/li>\n<li>\n<h6>La formaci\u00f3n en RCP debe incluir un componente de demostraci\u00f3n de habilidades en persona. Se permite la instrucci\u00f3n combinada que combine el aprendizaje en l\u00ednea con la demostraci\u00f3n de habilidades. No se aceptar\u00e1 un curso de RCP ofrecido 100% en l\u00ednea, incluso si se toma de una de las agencias reconocidas. <\/h6>\n<\/li>\n<li>\n<h6>La formaci\u00f3n en primeros auxilios se puede realizar de forma presencial u online, pero debe ser espec\u00edfica para beb\u00e9s\/ni\u00f1os\/pediatr\u00eda. No se aceptar\u00e1n tarjetas que indiquen \u00fanicamente formaci\u00f3n para adultos o que no indiquen claramente que se incluyeron los primeros auxilios para beb\u00e9s\/ni\u00f1os\/pediatr\u00eda. <\/h6>\n<\/li>\n<li>\n<h6>Las tarjetas\/certificados digitales de RCP y Primeros Auxilios deben ser emitidos por una de las siguientes agencias autorizadas: American Heart Association, American Red Cross o HSI (agencia matriz de las marcas American Safety and Health Institute, Medic First Aid y EMS Safety Services).<\/h6>\n<\/li>\n<li>\n<h6>La formaci\u00f3n en RCP y primeros auxilios debe estar <strong>vigente (no caducada)<\/strong> en el momento de la solicitud inicial a The Nevada Registry para ser aceptada.<\/h6>\n<\/li>\n<\/ul>\n<p><em>Esta p\u00e1gina puede estar sujeta a revisiones y modificaciones peri\u00f3dicas. <\/em><\/p>\n","protected":false},"excerpt":{"rendered":"<p>Revisado\/Actualizado el 13 de enero de 2026 Todas las guarder\u00edas con licencia en Nevada est\u00e1n reguladas por la Divisi\u00f3n de&#8230;<\/p>\n","protected":false},"author":2,"featured_media":0,"parent":13373,"menu_order":2,"comment_status":"closed","ping_status":"closed","template":"","meta":{"_acf_changed":false,"footnotes":""},"class_list":["post-16688","page","type-page","status-publish","hentry"],"acf":[],"yoast_head":"<!-- This site is optimized with the Yoast SEO plugin v27.2 - https:\/\/yoast.com\/product\/yoast-seo-wordpress\/ -->\n<title>Requisitos de formaci\u00f3n inicial y continua para la concesi\u00f3n de licencias de cuidado infantil: directrices para su cumplimiento - The Nevada Registry<\/title>\n<meta name=\"description\" content=\"Revisado\/Actualizado el 13 de enero de 2026 Todas las guarder\u00edas con licencia en Nevada est\u00e1n reguladas por la Divisi\u00f3n de Servicios de Apoyo del Estado\" \/>\n<meta name=\"robots\" content=\"index, follow, max-snippet:-1, max-image-preview:large, max-video-preview:-1\" \/>\n<link rel=\"canonical\" href=\"https:\/\/www.nevadaregistry.org\/es\/formacion-desarrollo-profesional\/requisitos-de-formacion-inicial-y-continua-para-la-concesion-de-licencias-de-cuidado-infantil-directrices-para-su-cumplimiento\/\" \/>\n<meta property=\"og:locale\" content=\"es_ES\" \/>\n<meta property=\"og:type\" content=\"article\" \/>\n<meta property=\"og:title\" content=\"Requisitos de formaci\u00f3n inicial y continua para la concesi\u00f3n de licencias de cuidado infantil: directrices para su cumplimiento - The Nevada Registry\" \/>\n<meta property=\"og:description\" content=\"Revisado\/Actualizado el 13 de enero de 2026 Todas las guarder\u00edas con licencia en Nevada est\u00e1n reguladas por la Divisi\u00f3n de Servicios de Apoyo del Estado\" \/>\n<meta property=\"og:url\" content=\"https:\/\/www.nevadaregistry.org\/es\/formacion-desarrollo-profesional\/requisitos-de-formacion-inicial-y-continua-para-la-concesion-de-licencias-de-cuidado-infantil-directrices-para-su-cumplimiento\/\" \/>\n<meta property=\"og:site_name\" content=\"The Nevada Registry\" \/>\n<meta property=\"article:publisher\" content=\"https:\/\/www.facebook.com\/nevadaregistry\" \/>\n<meta property=\"article:modified_time\" content=\"2026-03-06T15:51:53+00:00\" \/>\n<meta property=\"og:image\" content=\"https:\/\/www.nevadaregistry.org\/wp-content\/uploads\/2026\/01\/InitialTrainingChartUpdated1.14.26.png\" \/>\n<meta name=\"twitter:card\" content=\"summary_large_image\" \/>\n<meta name=\"twitter:label1\" content=\"Tiempo de lectura\" \/>\n\t<meta name=\"twitter:data1\" content=\"5 minutos\" \/>\n<script type=\"application\/ld+json\" class=\"yoast-schema-graph\">{\"@context\":\"https:\/\/schema.org\",\"@graph\":[{\"@type\":\"WebPage\",\"@id\":\"https:\/\/www.nevadaregistry.org\/es\/formacion-desarrollo-profesional\/requisitos-de-formacion-inicial-y-continua-para-la-concesion-de-licencias-de-cuidado-infantil-directrices-para-su-cumplimiento\/\",\"url\":\"https:\/\/www.nevadaregistry.org\/es\/formacion-desarrollo-profesional\/requisitos-de-formacion-inicial-y-continua-para-la-concesion-de-licencias-de-cuidado-infantil-directrices-para-su-cumplimiento\/\",\"name\":\"Requisitos de formaci\u00f3n inicial y continua para la concesi\u00f3n de licencias de cuidado infantil: directrices para su cumplimiento - The Nevada Registry\",\"isPartOf\":{\"@id\":\"https:\/\/www.nevadaregistry.org\/es\/#website\"},\"primaryImageOfPage\":{\"@id\":\"https:\/\/www.nevadaregistry.org\/es\/formacion-desarrollo-profesional\/requisitos-de-formacion-inicial-y-continua-para-la-concesion-de-licencias-de-cuidado-infantil-directrices-para-su-cumplimiento\/#primaryimage\"},\"image\":{\"@id\":\"https:\/\/www.nevadaregistry.org\/es\/formacion-desarrollo-profesional\/requisitos-de-formacion-inicial-y-continua-para-la-concesion-de-licencias-de-cuidado-infantil-directrices-para-su-cumplimiento\/#primaryimage\"},\"thumbnailUrl\":\"https:\/\/www.nevadaregistry.org\/wp-content\/uploads\/2026\/01\/InitialTrainingChartUpdated1.14.26.png\",\"datePublished\":\"2025-08-04T21:16:42+00:00\",\"dateModified\":\"2026-03-06T15:51:53+00:00\",\"description\":\"Revisado\/Actualizado el 13 de enero de 2026 Todas las guarder\u00edas con licencia en Nevada est\u00e1n reguladas por la Divisi\u00f3n de Servicios de Apoyo del Estado\",\"breadcrumb\":{\"@id\":\"https:\/\/www.nevadaregistry.org\/es\/formacion-desarrollo-profesional\/requisitos-de-formacion-inicial-y-continua-para-la-concesion-de-licencias-de-cuidado-infantil-directrices-para-su-cumplimiento\/#breadcrumb\"},\"inLanguage\":\"es\",\"potentialAction\":[{\"@type\":\"ReadAction\",\"target\":[\"https:\/\/www.nevadaregistry.org\/es\/formacion-desarrollo-profesional\/requisitos-de-formacion-inicial-y-continua-para-la-concesion-de-licencias-de-cuidado-infantil-directrices-para-su-cumplimiento\/\"]}]},{\"@type\":\"ImageObject\",\"inLanguage\":\"es\",\"@id\":\"https:\/\/www.nevadaregistry.org\/es\/formacion-desarrollo-profesional\/requisitos-de-formacion-inicial-y-continua-para-la-concesion-de-licencias-de-cuidado-infantil-directrices-para-su-cumplimiento\/#primaryimage\",\"url\":\"https:\/\/www.nevadaregistry.org\/wp-content\/uploads\/2026\/01\/InitialTrainingChartUpdated1.14.26.png\",\"contentUrl\":\"https:\/\/www.nevadaregistry.org\/wp-content\/uploads\/2026\/01\/InitialTrainingChartUpdated1.14.26.png\"},{\"@type\":\"BreadcrumbList\",\"@id\":\"https:\/\/www.nevadaregistry.org\/es\/formacion-desarrollo-profesional\/requisitos-de-formacion-inicial-y-continua-para-la-concesion-de-licencias-de-cuidado-infantil-directrices-para-su-cumplimiento\/#breadcrumb\",\"itemListElement\":[{\"@type\":\"ListItem\",\"position\":1,\"name\":\"Home\",\"item\":\"https:\/\/www.nevadaregistry.org\/es\/pagina-principal\/\"},{\"@type\":\"ListItem\",\"position\":2,\"name\":\"Formaci\u00f3n\/Desarrollo profesional\",\"item\":\"https:\/\/www.nevadaregistry.org\/es\/formacion-desarrollo-profesional\/\"},{\"@type\":\"ListItem\",\"position\":3,\"name\":\"Requisitos de formaci\u00f3n inicial y continua para la concesi\u00f3n de licencias de cuidado infantil: directrices para su cumplimiento\"}]},{\"@type\":\"WebSite\",\"@id\":\"https:\/\/www.nevadaregistry.org\/es\/#website\",\"url\":\"https:\/\/www.nevadaregistry.org\/es\/\",\"name\":\"The Nevada Registry\",\"description\":\"Workforce data system capturing information about the Early Childhood Education and Care (ECEC) workforce in Nevada.\",\"publisher\":{\"@id\":\"https:\/\/www.nevadaregistry.org\/es\/#organization\"},\"potentialAction\":[{\"@type\":\"SearchAction\",\"target\":{\"@type\":\"EntryPoint\",\"urlTemplate\":\"https:\/\/www.nevadaregistry.org\/es\/?s={search_term_string}\"},\"query-input\":{\"@type\":\"PropertyValueSpecification\",\"valueRequired\":true,\"valueName\":\"search_term_string\"}}],\"inLanguage\":\"es\"},{\"@type\":\"Organization\",\"@id\":\"https:\/\/www.nevadaregistry.org\/es\/#organization\",\"name\":\"El Nevada Registry\",\"url\":\"https:\/\/www.nevadaregistry.org\/es\/\",\"logo\":{\"@type\":\"ImageObject\",\"inLanguage\":\"es\",\"@id\":\"https:\/\/www.nevadaregistry.org\/es\/#\/schema\/logo\/image\/\",\"url\":\"https:\/\/www.nevadaregistry.org\/wp-content\/uploads\/2020\/10\/tnr-logo-purple-copy.jpg\",\"contentUrl\":\"https:\/\/www.nevadaregistry.org\/wp-content\/uploads\/2020\/10\/tnr-logo-purple-copy.jpg\",\"width\":\"900\",\"height\":\"562\",\"caption\":\"El Nevada Registry\"},\"image\":{\"@id\":\"https:\/\/www.nevadaregistry.org\/es\/#\/schema\/logo\/image\/\"},\"sameAs\":[\"https:\/\/www.facebook.com\/nevadaregistry\"]}]}<\/script>\n<!-- \/ Yoast SEO plugin. -->","yoast_head_json":{"title":"Requisitos de formaci\u00f3n inicial y continua para la concesi\u00f3n de licencias de cuidado infantil: directrices para su cumplimiento - The Nevada Registry","description":"Revisado\/Actualizado el 13 de enero de 2026 Todas las guarder\u00edas con licencia en Nevada est\u00e1n reguladas por la Divisi\u00f3n de Servicios de Apoyo del Estado","robots":{"index":"index","follow":"follow","max-snippet":"max-snippet:-1","max-image-preview":"max-image-preview:large","max-video-preview":"max-video-preview:-1"},"canonical":"https:\/\/www.nevadaregistry.org\/es\/formacion-desarrollo-profesional\/requisitos-de-formacion-inicial-y-continua-para-la-concesion-de-licencias-de-cuidado-infantil-directrices-para-su-cumplimiento\/","og_locale":"es_ES","og_type":"article","og_title":"Requisitos de formaci\u00f3n inicial y continua para la concesi\u00f3n de licencias de cuidado infantil: directrices para su cumplimiento - The Nevada Registry","og_description":"Revisado\/Actualizado el 13 de enero de 2026 Todas las guarder\u00edas con licencia en Nevada est\u00e1n reguladas por la Divisi\u00f3n de Servicios de Apoyo del Estado","og_url":"https:\/\/www.nevadaregistry.org\/es\/formacion-desarrollo-profesional\/requisitos-de-formacion-inicial-y-continua-para-la-concesion-de-licencias-de-cuidado-infantil-directrices-para-su-cumplimiento\/","og_site_name":"The Nevada Registry","article_publisher":"https:\/\/www.facebook.com\/nevadaregistry","article_modified_time":"2026-03-06T15:51:53+00:00","og_image":[{"url":"https:\/\/www.nevadaregistry.org\/wp-content\/uploads\/2026\/01\/InitialTrainingChartUpdated1.14.26.png","type":"","width":"","height":""}],"twitter_card":"summary_large_image","twitter_misc":{"Tiempo de lectura":"5 minutos"},"schema":{"@context":"https:\/\/schema.org","@graph":[{"@type":"WebPage","@id":"https:\/\/www.nevadaregistry.org\/es\/formacion-desarrollo-profesional\/requisitos-de-formacion-inicial-y-continua-para-la-concesion-de-licencias-de-cuidado-infantil-directrices-para-su-cumplimiento\/","url":"https:\/\/www.nevadaregistry.org\/es\/formacion-desarrollo-profesional\/requisitos-de-formacion-inicial-y-continua-para-la-concesion-de-licencias-de-cuidado-infantil-directrices-para-su-cumplimiento\/","name":"Requisitos de formaci\u00f3n inicial y continua para la concesi\u00f3n de licencias de cuidado infantil: directrices para su cumplimiento - The Nevada Registry","isPartOf":{"@id":"https:\/\/www.nevadaregistry.org\/es\/#website"},"primaryImageOfPage":{"@id":"https:\/\/www.nevadaregistry.org\/es\/formacion-desarrollo-profesional\/requisitos-de-formacion-inicial-y-continua-para-la-concesion-de-licencias-de-cuidado-infantil-directrices-para-su-cumplimiento\/#primaryimage"},"image":{"@id":"https:\/\/www.nevadaregistry.org\/es\/formacion-desarrollo-profesional\/requisitos-de-formacion-inicial-y-continua-para-la-concesion-de-licencias-de-cuidado-infantil-directrices-para-su-cumplimiento\/#primaryimage"},"thumbnailUrl":"https:\/\/www.nevadaregistry.org\/wp-content\/uploads\/2026\/01\/InitialTrainingChartUpdated1.14.26.png","datePublished":"2025-08-04T21:16:42+00:00","dateModified":"2026-03-06T15:51:53+00:00","description":"Revisado\/Actualizado el 13 de enero de 2026 Todas las guarder\u00edas con licencia en Nevada est\u00e1n reguladas por la Divisi\u00f3n de Servicios de Apoyo del Estado","breadcrumb":{"@id":"https:\/\/www.nevadaregistry.org\/es\/formacion-desarrollo-profesional\/requisitos-de-formacion-inicial-y-continua-para-la-concesion-de-licencias-de-cuidado-infantil-directrices-para-su-cumplimiento\/#breadcrumb"},"inLanguage":"es","potentialAction":[{"@type":"ReadAction","target":["https:\/\/www.nevadaregistry.org\/es\/formacion-desarrollo-profesional\/requisitos-de-formacion-inicial-y-continua-para-la-concesion-de-licencias-de-cuidado-infantil-directrices-para-su-cumplimiento\/"]}]},{"@type":"ImageObject","inLanguage":"es","@id":"https:\/\/www.nevadaregistry.org\/es\/formacion-desarrollo-profesional\/requisitos-de-formacion-inicial-y-continua-para-la-concesion-de-licencias-de-cuidado-infantil-directrices-para-su-cumplimiento\/#primaryimage","url":"https:\/\/www.nevadaregistry.org\/wp-content\/uploads\/2026\/01\/InitialTrainingChartUpdated1.14.26.png","contentUrl":"https:\/\/www.nevadaregistry.org\/wp-content\/uploads\/2026\/01\/InitialTrainingChartUpdated1.14.26.png"},{"@type":"BreadcrumbList","@id":"https:\/\/www.nevadaregistry.org\/es\/formacion-desarrollo-profesional\/requisitos-de-formacion-inicial-y-continua-para-la-concesion-de-licencias-de-cuidado-infantil-directrices-para-su-cumplimiento\/#breadcrumb","itemListElement":[{"@type":"ListItem","position":1,"name":"Home","item":"https:\/\/www.nevadaregistry.org\/es\/pagina-principal\/"},{"@type":"ListItem","position":2,"name":"Formaci\u00f3n\/Desarrollo profesional","item":"https:\/\/www.nevadaregistry.org\/es\/formacion-desarrollo-profesional\/"},{"@type":"ListItem","position":3,"name":"Requisitos de formaci\u00f3n inicial y continua para la concesi\u00f3n de licencias de cuidado infantil: directrices para su cumplimiento"}]},{"@type":"WebSite","@id":"https:\/\/www.nevadaregistry.org\/es\/#website","url":"https:\/\/www.nevadaregistry.org\/es\/","name":"The Nevada Registry","description":"Workforce data system capturing information about the Early Childhood Education and Care (ECEC) workforce in Nevada.","publisher":{"@id":"https:\/\/www.nevadaregistry.org\/es\/#organization"},"potentialAction":[{"@type":"SearchAction","target":{"@type":"EntryPoint","urlTemplate":"https:\/\/www.nevadaregistry.org\/es\/?s={search_term_string}"},"query-input":{"@type":"PropertyValueSpecification","valueRequired":true,"valueName":"search_term_string"}}],"inLanguage":"es"},{"@type":"Organization","@id":"https:\/\/www.nevadaregistry.org\/es\/#organization","name":"El Nevada Registry","url":"https:\/\/www.nevadaregistry.org\/es\/","logo":{"@type":"ImageObject","inLanguage":"es","@id":"https:\/\/www.nevadaregistry.org\/es\/#\/schema\/logo\/image\/","url":"https:\/\/www.nevadaregistry.org\/wp-content\/uploads\/2020\/10\/tnr-logo-purple-copy.jpg","contentUrl":"https:\/\/www.nevadaregistry.org\/wp-content\/uploads\/2020\/10\/tnr-logo-purple-copy.jpg","width":"900","height":"562","caption":"El Nevada Registry"},"image":{"@id":"https:\/\/www.nevadaregistry.org\/es\/#\/schema\/logo\/image\/"},"sameAs":["https:\/\/www.facebook.com\/nevadaregistry"]}]}},"_links":{"self":[{"href":"https:\/\/www.nevadaregistry.org\/es\/wp-json\/wp\/v2\/pages\/16688","targetHints":{"allow":["GET"]}}],"collection":[{"href":"https:\/\/www.nevadaregistry.org\/es\/wp-json\/wp\/v2\/pages"}],"about":[{"href":"https:\/\/www.nevadaregistry.org\/es\/wp-json\/wp\/v2\/types\/page"}],"author":[{"embeddable":true,"href":"https:\/\/www.nevadaregistry.org\/es\/wp-json\/wp\/v2\/users\/2"}],"replies":[{"embeddable":true,"href":"https:\/\/www.nevadaregistry.org\/es\/wp-json\/wp\/v2\/comments?post=16688"}],"version-history":[{"count":9,"href":"https:\/\/www.nevadaregistry.org\/es\/wp-json\/wp\/v2\/pages\/16688\/revisions"}],"predecessor-version":[{"id":17788,"href":"https:\/\/www.nevadaregistry.org\/es\/wp-json\/wp\/v2\/pages\/16688\/revisions\/17788"}],"up":[{"embeddable":true,"href":"https:\/\/www.nevadaregistry.org\/es\/wp-json\/wp\/v2\/pages\/13373"}],"wp:attachment":[{"href":"https:\/\/www.nevadaregistry.org\/es\/wp-json\/wp\/v2\/media?parent=16688"}],"curies":[{"name":"wp","href":"https:\/\/api.w.org\/{rel}","templated":true}]}}