{"id":17007,"date":"2025-08-29T15:19:57","date_gmt":"2025-08-29T22:19:57","guid":{"rendered":"https:\/\/www.nevadaregistry.org\/para-formadores\/criterios-para-formadores\/cursos-alternativos-aceptados-sobre-principios-de-aprendizaje-en-adultos\/"},"modified":"2026-02-10T10:08:39","modified_gmt":"2026-02-10T17:08:39","slug":"cursos-alternativos-aceptados-sobre-principios-de-aprendizaje-en-adultos","status":"publish","type":"page","link":"https:\/\/www.nevadaregistry.org\/es\/para-formadores\/criterios-para-formadores\/cursos-alternativos-aceptados-sobre-principios-de-aprendizaje-en-adultos\/","title":{"rendered":"Cursos alternativos aceptados sobre principios de aprendizaje en adultos"},"content":{"rendered":"<h6><em>Revisado\/actualizado en septiembre de 2025<\/em><\/h6>\n<p>Para poder solicitar la aprobaci\u00f3n como formador, los candidatos deben poseer un t\u00edtulo de grado asociado (o superior) Y un m\u00ednimo de 15 horas de experiencia <em>cualificada*<\/em> previa impartiendo formaci\u00f3n a alumnos adultos.<\/p>\n<p>El requisito de impartici\u00f3n de formaci\u00f3n se puede cumplir de cualquiera de las siguientes maneras (se requiere verificaci\u00f3n):<\/p>\n<ul>\n<li>Impartici\u00f3n de 15 o m\u00e1s horas de formaci\u00f3n aprobada por The Nevada Registry antes de 2017;<\/li>\n<li>Evidencia documentada de la finalizaci\u00f3n de la <a href=\"https:\/\/www.nevadaregistry.org\/es\/para-formadores\/recursos-para-formadores\/academia-de-aprendizaje-para-adultos\/\">Academia de aprendizaje para adultos<\/a> (certificado de finalizaci\u00f3n de ALA) aprobada por The Nevada Registry;<\/li>\n<li><span style=\"background-color: #ffff00;\">Evidencia documentada de la finalizaci\u00f3n de un curso espec\u00edfico sobre principios de aprendizaje para adultos aceptado por The Nevada Registry<\/span>. Actualmente se aceptan dos cursos**:\n<ul>\n<li><a href=\"http:\/\/extendedstudies.ucsd.edu\/courses\/foundations-of-adult-education-educ-40096\">Fundamentos de la educaci\u00f3n de adultos<\/a>: curso de tres cr\u00e9ditos ofrecido por UC San Diego Extension (certificado de finalizaci\u00f3n)<\/li>\n<li><a href=\"https:\/\/www.ed2go.com\/courses\/teacher-professional-development\/child-development\/ilc\/teaching-adult-learners\">Ense\u00f1ar a aprendices adultos &#8211;<\/a> Curso de autoaprendizaje o con instructor, de 6 semanas, 24 horas (no basado en cr\u00e9ditos) ofrecido por ed2go (certificado de finalizaci\u00f3n)<\/li>\n<\/ul>\n<\/li>\n<li>Evidencia documentada de experiencia como instructor de educaci\u00f3n superior (p. ej., programa del curso con el nombre incluido); o<\/li>\n<li>Estado de Aprobaci\u00f3n de Formador de The Nevada Registry de otro estado (es decir, certificado de aprobaci\u00f3n de formador\/otra documentaci\u00f3n).<\/li>\n<li>Experiencia impartiendo formaci\u00f3n como formador con una <a href=\"https:\/\/www.nevadaregistry.org\/es\/formacion-desarrollo-profesional\/directrices-de-aceptacion-para-el-desarrollo-profesional-2\/\">organizaci\u00f3n ECEC reconocida<\/a> (es decir, prueba de empleo y registros de asistencia a la formaci\u00f3n que verifiquen 15 horas o m\u00e1s de formaci\u00f3n impartida).<\/li>\n<\/ul>\n<p>Visite esta <a href=\"https:\/\/www.nevadaregistry.org\/es\/para-formadores\/criterios-para-formadores\/\">p\u00e1gina<\/a> para revisar los criterios de calificaci\u00f3n para la aprobaci\u00f3n de formadores de The Nevada Registry en su totalidad.<\/p>\n<h6><em>*Observar a un formador aprobado por The Nevada Registry, dirigir reuniones\/orientaciones del personal (o de los padres), facilitar foros comunitarios o servir como asistente de ense\u00f1anza para un curso universitario (a menos que el nombre tambi\u00e9n aparezca en el programa de estudios) no se considera experiencia de impartici\u00f3n de formaci\u00f3n \u00abcualificada\u00bb. Todas las decisiones sobre lo que se considera cualificado quedan a discreci\u00f3n de The Nevada Registry.  <\/em><\/h6>\n<h6><em>**Se podr\u00e1n a\u00f1adir cursos alternativos adicionales a medida que The Nevada Registry tenga conocimiento de nuevas opciones. <\/em><\/h6>\n","protected":false},"excerpt":{"rendered":"<p>Revisado\/actualizado en septiembre de 2025 Para poder solicitar la aprobaci\u00f3n como formador, los candidatos deben poseer un t\u00edtulo de grado&#8230;<\/p>\n","protected":false},"author":2,"featured_media":0,"parent":13276,"menu_order":0,"comment_status":"closed","ping_status":"closed","template":"","meta":{"_acf_changed":false,"footnotes":""},"class_list":["post-17007","page","type-page","status-publish","hentry"],"acf":[],"yoast_head":"<!-- This site is optimized with the Yoast SEO plugin v27.2 - https:\/\/yoast.com\/product\/yoast-seo-wordpress\/ -->\n<title>Cursos alternativos aceptados sobre principios de aprendizaje en adultos - The Nevada Registry<\/title>\n<meta name=\"description\" content=\"Revisado\/actualizado en septiembre de 2025 Para poder solicitar la aprobaci\u00f3n como formador, los candidatos deben poseer un t\u00edtulo de grado asociado (o\" \/>\n<meta name=\"robots\" content=\"index, follow, max-snippet:-1, max-image-preview:large, max-video-preview:-1\" \/>\n<link rel=\"canonical\" href=\"https:\/\/www.nevadaregistry.org\/es\/para-formadores\/criterios-para-formadores\/cursos-alternativos-aceptados-sobre-principios-de-aprendizaje-en-adultos\/\" \/>\n<meta property=\"og:locale\" content=\"es_ES\" \/>\n<meta property=\"og:type\" content=\"article\" \/>\n<meta property=\"og:title\" content=\"Cursos alternativos aceptados sobre principios de aprendizaje en adultos - The Nevada Registry\" \/>\n<meta property=\"og:description\" content=\"Revisado\/actualizado en septiembre de 2025 Para poder solicitar la aprobaci\u00f3n como formador, los candidatos deben poseer un t\u00edtulo de grado asociado (o\" \/>\n<meta property=\"og:url\" content=\"https:\/\/www.nevadaregistry.org\/es\/para-formadores\/criterios-para-formadores\/cursos-alternativos-aceptados-sobre-principios-de-aprendizaje-en-adultos\/\" \/>\n<meta property=\"og:site_name\" content=\"The Nevada Registry\" \/>\n<meta property=\"article:publisher\" content=\"https:\/\/www.facebook.com\/nevadaregistry\" \/>\n<meta property=\"article:modified_time\" content=\"2026-02-10T17:08:39+00:00\" \/>\n<meta property=\"og:image\" content=\"https:\/\/www.nevadaregistry.org\/wp-content\/uploads\/2020\/10\/NevadaRegistryOGImage.jpg\" \/>\n\t<meta property=\"og:image:width\" content=\"1200\" \/>\n\t<meta property=\"og:image:height\" content=\"630\" \/>\n\t<meta property=\"og:image:type\" content=\"image\/jpeg\" \/>\n<meta name=\"twitter:card\" content=\"summary_large_image\" \/>\n<meta name=\"twitter:label1\" content=\"Tiempo de lectura\" \/>\n\t<meta name=\"twitter:data1\" content=\"2 minutos\" \/>\n<script type=\"application\/ld+json\" class=\"yoast-schema-graph\">{\"@context\":\"https:\/\/schema.org\",\"@graph\":[{\"@type\":\"WebPage\",\"@id\":\"https:\/\/www.nevadaregistry.org\/es\/para-formadores\/criterios-para-formadores\/cursos-alternativos-aceptados-sobre-principios-de-aprendizaje-en-adultos\/\",\"url\":\"https:\/\/www.nevadaregistry.org\/es\/para-formadores\/criterios-para-formadores\/cursos-alternativos-aceptados-sobre-principios-de-aprendizaje-en-adultos\/\",\"name\":\"Cursos alternativos aceptados sobre principios de aprendizaje en adultos - The Nevada Registry\",\"isPartOf\":{\"@id\":\"https:\/\/www.nevadaregistry.org\/es\/#website\"},\"datePublished\":\"2025-08-29T22:19:57+00:00\",\"dateModified\":\"2026-02-10T17:08:39+00:00\",\"description\":\"Revisado\/actualizado en septiembre de 2025 Para poder solicitar la aprobaci\u00f3n como formador, los candidatos deben poseer un t\u00edtulo de grado asociado (o\",\"breadcrumb\":{\"@id\":\"https:\/\/www.nevadaregistry.org\/es\/para-formadores\/criterios-para-formadores\/cursos-alternativos-aceptados-sobre-principios-de-aprendizaje-en-adultos\/#breadcrumb\"},\"inLanguage\":\"es\",\"potentialAction\":[{\"@type\":\"ReadAction\",\"target\":[\"https:\/\/www.nevadaregistry.org\/es\/para-formadores\/criterios-para-formadores\/cursos-alternativos-aceptados-sobre-principios-de-aprendizaje-en-adultos\/\"]}]},{\"@type\":\"BreadcrumbList\",\"@id\":\"https:\/\/www.nevadaregistry.org\/es\/para-formadores\/criterios-para-formadores\/cursos-alternativos-aceptados-sobre-principios-de-aprendizaje-en-adultos\/#breadcrumb\",\"itemListElement\":[{\"@type\":\"ListItem\",\"position\":1,\"name\":\"Home\",\"item\":\"https:\/\/www.nevadaregistry.org\/es\/pagina-principal\/\"},{\"@type\":\"ListItem\",\"position\":2,\"name\":\"Informaci\u00f3n de The Nevada Registry para formadores\",\"item\":\"https:\/\/www.nevadaregistry.org\/es\/para-formadores\/\"},{\"@type\":\"ListItem\",\"position\":3,\"name\":\"Criterios para formadores del Registro de Nevada\",\"item\":\"https:\/\/www.nevadaregistry.org\/es\/para-formadores\/criterios-para-formadores\/\"},{\"@type\":\"ListItem\",\"position\":4,\"name\":\"Cursos alternativos aceptados sobre principios de aprendizaje en adultos\"}]},{\"@type\":\"WebSite\",\"@id\":\"https:\/\/www.nevadaregistry.org\/es\/#website\",\"url\":\"https:\/\/www.nevadaregistry.org\/es\/\",\"name\":\"The Nevada Registry\",\"description\":\"Workforce data system capturing information about the Early Childhood Education and Care (ECEC) workforce in Nevada.\",\"publisher\":{\"@id\":\"https:\/\/www.nevadaregistry.org\/es\/#organization\"},\"potentialAction\":[{\"@type\":\"SearchAction\",\"target\":{\"@type\":\"EntryPoint\",\"urlTemplate\":\"https:\/\/www.nevadaregistry.org\/es\/?s={search_term_string}\"},\"query-input\":{\"@type\":\"PropertyValueSpecification\",\"valueRequired\":true,\"valueName\":\"search_term_string\"}}],\"inLanguage\":\"es\"},{\"@type\":\"Organization\",\"@id\":\"https:\/\/www.nevadaregistry.org\/es\/#organization\",\"name\":\"El Nevada Registry\",\"url\":\"https:\/\/www.nevadaregistry.org\/es\/\",\"logo\":{\"@type\":\"ImageObject\",\"inLanguage\":\"es\",\"@id\":\"https:\/\/www.nevadaregistry.org\/es\/#\/schema\/logo\/image\/\",\"url\":\"https:\/\/www.nevadaregistry.org\/wp-content\/uploads\/2020\/10\/tnr-logo-purple-copy.jpg\",\"contentUrl\":\"https:\/\/www.nevadaregistry.org\/wp-content\/uploads\/2020\/10\/tnr-logo-purple-copy.jpg\",\"width\":\"900\",\"height\":\"562\",\"caption\":\"El Nevada Registry\"},\"image\":{\"@id\":\"https:\/\/www.nevadaregistry.org\/es\/#\/schema\/logo\/image\/\"},\"sameAs\":[\"https:\/\/www.facebook.com\/nevadaregistry\"]}]}<\/script>\n<!-- \/ Yoast SEO plugin. -->","yoast_head_json":{"title":"Cursos alternativos aceptados sobre principios de aprendizaje en adultos - The Nevada Registry","description":"Revisado\/actualizado en septiembre de 2025 Para poder solicitar la aprobaci\u00f3n como formador, los candidatos deben poseer un t\u00edtulo de grado asociado (o","robots":{"index":"index","follow":"follow","max-snippet":"max-snippet:-1","max-image-preview":"max-image-preview:large","max-video-preview":"max-video-preview:-1"},"canonical":"https:\/\/www.nevadaregistry.org\/es\/para-formadores\/criterios-para-formadores\/cursos-alternativos-aceptados-sobre-principios-de-aprendizaje-en-adultos\/","og_locale":"es_ES","og_type":"article","og_title":"Cursos alternativos aceptados sobre principios de aprendizaje en adultos - The Nevada Registry","og_description":"Revisado\/actualizado en septiembre de 2025 Para poder solicitar la aprobaci\u00f3n como formador, los candidatos deben poseer un t\u00edtulo de grado asociado (o","og_url":"https:\/\/www.nevadaregistry.org\/es\/para-formadores\/criterios-para-formadores\/cursos-alternativos-aceptados-sobre-principios-de-aprendizaje-en-adultos\/","og_site_name":"The Nevada Registry","article_publisher":"https:\/\/www.facebook.com\/nevadaregistry","article_modified_time":"2026-02-10T17:08:39+00:00","og_image":[{"width":1200,"height":630,"url":"https:\/\/www.nevadaregistry.org\/wp-content\/uploads\/2020\/10\/NevadaRegistryOGImage.jpg","type":"image\/jpeg"}],"twitter_card":"summary_large_image","twitter_misc":{"Tiempo de lectura":"2 minutos"},"schema":{"@context":"https:\/\/schema.org","@graph":[{"@type":"WebPage","@id":"https:\/\/www.nevadaregistry.org\/es\/para-formadores\/criterios-para-formadores\/cursos-alternativos-aceptados-sobre-principios-de-aprendizaje-en-adultos\/","url":"https:\/\/www.nevadaregistry.org\/es\/para-formadores\/criterios-para-formadores\/cursos-alternativos-aceptados-sobre-principios-de-aprendizaje-en-adultos\/","name":"Cursos alternativos aceptados sobre principios de aprendizaje en adultos - The Nevada Registry","isPartOf":{"@id":"https:\/\/www.nevadaregistry.org\/es\/#website"},"datePublished":"2025-08-29T22:19:57+00:00","dateModified":"2026-02-10T17:08:39+00:00","description":"Revisado\/actualizado en septiembre de 2025 Para poder solicitar la aprobaci\u00f3n como formador, los candidatos deben poseer un t\u00edtulo de grado asociado (o","breadcrumb":{"@id":"https:\/\/www.nevadaregistry.org\/es\/para-formadores\/criterios-para-formadores\/cursos-alternativos-aceptados-sobre-principios-de-aprendizaje-en-adultos\/#breadcrumb"},"inLanguage":"es","potentialAction":[{"@type":"ReadAction","target":["https:\/\/www.nevadaregistry.org\/es\/para-formadores\/criterios-para-formadores\/cursos-alternativos-aceptados-sobre-principios-de-aprendizaje-en-adultos\/"]}]},{"@type":"BreadcrumbList","@id":"https:\/\/www.nevadaregistry.org\/es\/para-formadores\/criterios-para-formadores\/cursos-alternativos-aceptados-sobre-principios-de-aprendizaje-en-adultos\/#breadcrumb","itemListElement":[{"@type":"ListItem","position":1,"name":"Home","item":"https:\/\/www.nevadaregistry.org\/es\/pagina-principal\/"},{"@type":"ListItem","position":2,"name":"Informaci\u00f3n de The Nevada Registry para formadores","item":"https:\/\/www.nevadaregistry.org\/es\/para-formadores\/"},{"@type":"ListItem","position":3,"name":"Criterios para formadores del Registro de Nevada","item":"https:\/\/www.nevadaregistry.org\/es\/para-formadores\/criterios-para-formadores\/"},{"@type":"ListItem","position":4,"name":"Cursos alternativos aceptados sobre principios de aprendizaje en adultos"}]},{"@type":"WebSite","@id":"https:\/\/www.nevadaregistry.org\/es\/#website","url":"https:\/\/www.nevadaregistry.org\/es\/","name":"The Nevada Registry","description":"Workforce data system capturing information about the Early Childhood Education and Care (ECEC) workforce in Nevada.","publisher":{"@id":"https:\/\/www.nevadaregistry.org\/es\/#organization"},"potentialAction":[{"@type":"SearchAction","target":{"@type":"EntryPoint","urlTemplate":"https:\/\/www.nevadaregistry.org\/es\/?s={search_term_string}"},"query-input":{"@type":"PropertyValueSpecification","valueRequired":true,"valueName":"search_term_string"}}],"inLanguage":"es"},{"@type":"Organization","@id":"https:\/\/www.nevadaregistry.org\/es\/#organization","name":"El Nevada Registry","url":"https:\/\/www.nevadaregistry.org\/es\/","logo":{"@type":"ImageObject","inLanguage":"es","@id":"https:\/\/www.nevadaregistry.org\/es\/#\/schema\/logo\/image\/","url":"https:\/\/www.nevadaregistry.org\/wp-content\/uploads\/2020\/10\/tnr-logo-purple-copy.jpg","contentUrl":"https:\/\/www.nevadaregistry.org\/wp-content\/uploads\/2020\/10\/tnr-logo-purple-copy.jpg","width":"900","height":"562","caption":"El Nevada Registry"},"image":{"@id":"https:\/\/www.nevadaregistry.org\/es\/#\/schema\/logo\/image\/"},"sameAs":["https:\/\/www.facebook.com\/nevadaregistry"]}]}},"_links":{"self":[{"href":"https:\/\/www.nevadaregistry.org\/es\/wp-json\/wp\/v2\/pages\/17007","targetHints":{"allow":["GET"]}}],"collection":[{"href":"https:\/\/www.nevadaregistry.org\/es\/wp-json\/wp\/v2\/pages"}],"about":[{"href":"https:\/\/www.nevadaregistry.org\/es\/wp-json\/wp\/v2\/types\/page"}],"author":[{"embeddable":true,"href":"https:\/\/www.nevadaregistry.org\/es\/wp-json\/wp\/v2\/users\/2"}],"replies":[{"embeddable":true,"href":"https:\/\/www.nevadaregistry.org\/es\/wp-json\/wp\/v2\/comments?post=17007"}],"version-history":[{"count":12,"href":"https:\/\/www.nevadaregistry.org\/es\/wp-json\/wp\/v2\/pages\/17007\/revisions"}],"predecessor-version":[{"id":17946,"href":"https:\/\/www.nevadaregistry.org\/es\/wp-json\/wp\/v2\/pages\/17007\/revisions\/17946"}],"up":[{"embeddable":true,"href":"https:\/\/www.nevadaregistry.org\/es\/wp-json\/wp\/v2\/pages\/13276"}],"wp:attachment":[{"href":"https:\/\/www.nevadaregistry.org\/es\/wp-json\/wp\/v2\/media?parent=17007"}],"curies":[{"name":"wp","href":"https:\/\/api.w.org\/{rel}","templated":true}]}}